{"id":45608,"date":"2024-03-13T09:07:52","date_gmt":"2024-03-13T09:07:52","guid":{"rendered":"https:\/\/szanyo.hu\/?page_id=45608"},"modified":"2024-04-29T10:27:10","modified_gmt":"2024-04-29T10:27:10","slug":"personal-data-preferences","status":"publish","type":"page","link":"https:\/\/szanyo.hu\/en\/personal-data-preferences\/","title":{"rendered":"Personal Data Preferences"},"content":{"rendered":"\t\t<div data-elementor-type=\"wp-page\" data-elementor-id=\"45608\" class=\"elementor elementor-45608 elementor-3\" data-elementor-post-type=\"page\">\n\t\t\t\t<div class=\"elementor-element elementor-element-5689b18 e-flex e-con-boxed e-con e-parent\" data-id=\"5689b18\" data-element_type=\"container\" data-settings=\"{&quot;background_background&quot;:&quot;gradient&quot;}\" data-core-v316-plus=\"true\">\n\t\t\t\t\t<div class=\"e-con-inner\">\n\t\t\t\t<div class=\"elementor-element elementor-element-23e7a17 elementor-widget__width-inherit elementor-widget elementor-widget-heading\" data-id=\"23e7a17\" data-element_type=\"widget\" data-widget_type=\"heading.default\">\n\t\t\t\t<div class=\"elementor-widget-container\">\n\t\t\t<style>\/*! elementor - v3.20.0 - 20-03-2024 *\/\n.elementor-heading-title{padding:0;margin:0;line-height:1}.elementor-widget-heading .elementor-heading-title[class*=elementor-size-]>a{color:inherit;font-size:inherit;line-height:inherit}.elementor-widget-heading .elementor-heading-title.elementor-size-small{font-size:15px}.elementor-widget-heading .elementor-heading-title.elementor-size-medium{font-size:19px}.elementor-widget-heading .elementor-heading-title.elementor-size-large{font-size:29px}.elementor-widget-heading .elementor-heading-title.elementor-size-xl{font-size:39px}.elementor-widget-heading .elementor-heading-title.elementor-size-xxl{font-size:59px}<\/style><h2 class=\"elementor-heading-title elementor-size-default\">SZANY\u00d3 PROPERTY MANAGING LTD\u2019S PRIVACY NOTICE<\/h2>\t\t<\/div>\n\t\t\t\t<\/div>\n\t\t\t\t\t<\/div>\n\t\t\t\t<\/div>\n\t\t<div class=\"elementor-element elementor-element-1f7026ff e-flex e-con-boxed e-con e-parent\" data-id=\"1f7026ff\" data-element_type=\"container\" data-core-v316-plus=\"true\">\n\t\t\t\t\t<div class=\"e-con-inner\">\n\t\t\t\t<div class=\"elementor-element elementor-element-27ec38bb elementor-widget elementor-widget-text-editor\" data-id=\"27ec38bb\" data-element_type=\"widget\" data-widget_type=\"text-editor.default\">\n\t\t\t\t<div class=\"elementor-widget-container\">\n\t\t\t<style>\/*! elementor - v3.20.0 - 20-03-2024 *\/\n.elementor-widget-text-editor.elementor-drop-cap-view-stacked .elementor-drop-cap{background-color:#69727d;color:#fff}.elementor-widget-text-editor.elementor-drop-cap-view-framed .elementor-drop-cap{color:#69727d;border:3px solid;background-color:transparent}.elementor-widget-text-editor:not(.elementor-drop-cap-view-default) .elementor-drop-cap{margin-top:8px}.elementor-widget-text-editor:not(.elementor-drop-cap-view-default) .elementor-drop-cap-letter{width:1em;height:1em}.elementor-widget-text-editor .elementor-drop-cap{float:left;text-align:center;line-height:1;font-size:50px}.elementor-widget-text-editor .elementor-drop-cap-letter{display:inline-block}<\/style>\t\t\t\t<p>This Privacy Notice sets out how SZANY\u00d3 Property Managing Ltd. (\u201cSZANY\u00d3\u201d) uses and protects any data that you give SZANY\u00d3 when you use this website. This notice discloses what type of personal data about our website\u2019s users is gathered and tracked, to how the data is used, shared or otherwise processed offline. It also describes how cookies may be used.<\/p><p><strong>WHAT WE COLLECT<\/strong><\/p><p>When you register on the SZANY\u00d3\u2019s website certain data will be collected about you in order to provide you with the services you have requested. We may collect the following personal data:<\/p><p>Name and job title<\/p><p><span style=\"color: var( --e-global-color-text ); font-family: var( --e-global-typography-text-font-family ), Sans-serif; font-weight: var( --e-global-typography-text-font-weight ); text-align: var(--text-align);\">Company name<\/span><\/p><p><span style=\"color: var( --e-global-color-text ); font-family: var( --e-global-typography-text-font-family ), Sans-serif; font-weight: var( --e-global-typography-text-font-weight ); text-align: var(--text-align);\">Contact data including email address<\/span><\/p><p><span style=\"color: var( --e-global-color-text ); font-family: var( --e-global-typography-text-font-family ), Sans-serif; font-weight: var( --e-global-typography-text-font-weight ); text-align: var(--text-align);\">Demographic data such as postcode and commercial interests<\/span><\/p><p><span style=\"color: var( --e-global-color-text ); font-family: var( --e-global-typography-text-font-family ), Sans-serif; font-weight: var( --e-global-typography-text-font-weight ); text-align: var(--text-align);\">Other data relevant to customer surveys and\/or offers.<\/span><\/p><p><strong>WHAT WE DO WITH THE DATA WE GATHER<\/strong><\/p><p>Once you choose to register with SZANY\u00d3 and provide us with personal data, it may be used for the purposes of providing you with the requested information and service. We will not sell, rent or lease your personal data to third parties.<\/p><p>We require this data to understand your needs and provide you with a better service, and in particular for the following reasons:<\/p><p>Internal record keeping<\/p><p>We may use the data to improve our products and services<\/p><p>We may periodically send promotional emails about new products, special offers or other information which we think you may find interesting using the email address which you have provided\u00a0<\/p><p>We may contact you telephonically about new products, special offers or other information which we think you may find interesting using the phone number which you have provided.<\/p><p>From time to time, we may also use your data to contact you for market research purposes. We may contact you by email or phone.\u00a0<span style=\"color: var( --e-global-color-text ); font-family: var( --e-global-typography-text-font-family ), Sans-serif; font-weight: var( --e-global-typography-text-font-weight ); text-align: var(--text-align);\">We may use the data to customise the website according to your interests.<\/span><\/p><p><span style=\"color: var( --e-global-color-text ); font-family: var( --e-global-typography-text-font-family ), Sans-serif; font-weight: var( --e-global-typography-text-font-weight ); text-align: var(--text-align);\">SZANY\u00d3 may partner with other organisations who may provide you with the services requested through the SZANY\u00d3 website. These partner organisation are required to keep confidential the data received on behalf of SZANY\u00d3 and may not use it for any purpose other than to carry out the services they are performing for SZANY\u00d3. SZANY\u00d3 will not share personal data with any other third parties without your permission, unless required by law enforcement action, subpoena, or local law.<\/span><\/p><p><strong>MARKETING<\/strong><\/p><p>The data you provide may be used by SZANY\u00d3 for marketing purposes. Before we do so, we will offer you the opportunity to choose whether or not to have your data used in this way. You may at any time choose not to receive marketing materials from us by following the unsubscribe instructions included in each e-mail you may receive or by indicating so when we call you.<\/p><p><strong>HOW LONG IS THE DATA STORED?<\/strong><\/p><p>Your personal\u202fdata\u202fis stored as long as you engage with SZANY\u00d3 on a regular basis. Personal data collected via our websites and digital properties as described in this Privacy Notice will be deleted after one year from the point in time that you have not been active on any of SZANY\u00d3\u2019 digital platforms and\/or not engaged with SZANY\u00d3. Your\u202fdata may be deleted on request by completing a data deletion request form, and neither you nor or anyone else will be able to access your\u202fdata after that.\u00a0<\/p><p><strong>HOW IS THE DATA KEPT SECURE AND WHERE IS IT KEPT?\u202f<\/strong><\/p><p>SZANY\u00d3\u2019s web server that serves the websites is located in Hungary, hosted in a secure data centre. The website and the data recorded by the website are stored on the designated server of DataMiner Kft. (1045 Budapest, Ny\u00e1r u. 71).<\/p><p>We conduct regular security and compliance audits in order to keep your data secure.<\/p><p><strong>HOW CAN YOU REQUEST A RECORD OF ALL YOUR PERSONAL DATA THAT HAS BEEN COLLECTED?\u202f<\/strong><\/p><p>You may request a record of all of the personal data relating to you that has been collected in accordance with this privacy notice. To do so,\u202fplease complete this\u00a0form.<\/p>\t\t\t\t\t\t<\/div>\n\t\t\t\t<\/div>\n\t\t\t\t\t<\/div>\n\t\t\t\t<\/div>\n\t\t<div class=\"elementor-element elementor-element-9070cac e-flex e-con-boxed e-con e-parent\" data-id=\"9070cac\" data-element_type=\"container\" data-core-v316-plus=\"true\">\n\t\t\t\t\t<div class=\"e-con-inner\">\n\t\t\t\t<div class=\"elementor-element elementor-element-0545917 elementor-widget elementor-widget-button\" data-id=\"0545917\" data-element_type=\"widget\" data-widget_type=\"button.default\">\n\t\t\t\t<div class=\"elementor-widget-container\">\n\t\t\t\t\t<div class=\"elementor-button-wrapper\">\n\t\t\t<a class=\"elementor-button elementor-button-link elementor-size-sm\" href=\"#elementor-action%3Aaction%3Dpopup%3Aopen%26settings%3DeyJpZCI6NDc4NzEsInRvZ2dsZSI6ZmFsc2V9\">\n\t\t\t\t\t\t<span class=\"elementor-button-content-wrapper\">\n\t\t\t\t\t\t<span class=\"elementor-button-text\">Data modification<\/span>\n\t\t<\/span>\n\t\t\t\t\t<\/a>\n\t\t<\/div>\n\t\t\t\t<\/div>\n\t\t\t\t<\/div>\n\t\t\t\t\t<\/div>\n\t\t\t\t<\/div>\n\t\t<div class=\"elementor-element elementor-element-215c51f e-flex e-con-boxed e-con e-parent\" data-id=\"215c51f\" data-element_type=\"container\" data-core-v316-plus=\"true\">\n\t\t\t\t\t<div class=\"e-con-inner\">\n\t\t\t\t<div class=\"elementor-element elementor-element-3030691 elementor-widget elementor-widget-text-editor\" data-id=\"3030691\" data-element_type=\"widget\" data-widget_type=\"text-editor.default\">\n\t\t\t\t<div class=\"elementor-widget-container\">\n\t\t\t\t\t\t\t<p><strong style=\"color: var( --e-global-color-text ); font-family: var( --e-global-typography-text-font-family ), Sans-serif; text-align: var(--text-align);\">HOW CAN YOU WITHDRAW YOUR CONSENT FOR\u202fSZANY\u00d3 TO USE YOUR DATA?\u202f<\/strong><\/p><p>If you have previously consented to allow\u202fSZANY\u00d3 to use your personal data in accordance with this Privacy Notice, and you wish to withdraw your consent, you can do so with this\u00a0form.\u00a0<\/p>\t\t\t\t\t\t<\/div>\n\t\t\t\t<\/div>\n\t\t\t\t\t<\/div>\n\t\t\t\t<\/div>\n\t\t<div class=\"elementor-element elementor-element-991a290 e-flex e-con-boxed e-con e-parent\" data-id=\"991a290\" data-element_type=\"container\" data-core-v316-plus=\"true\">\n\t\t\t\t\t<div class=\"e-con-inner\">\n\t\t\t\t<div class=\"elementor-element elementor-element-81c4e23 elementor-widget elementor-widget-button\" data-id=\"81c4e23\" data-element_type=\"widget\" data-widget_type=\"button.default\">\n\t\t\t\t<div class=\"elementor-widget-container\">\n\t\t\t\t\t<div class=\"elementor-button-wrapper\">\n\t\t\t<a class=\"elementor-button elementor-button-link elementor-size-sm\" href=\"#elementor-action%3Aaction%3Dpopup%3Aopen%26settings%3DeyJpZCI6NDc4NzEsInRvZ2dsZSI6ZmFsc2V9\">\n\t\t\t\t\t\t<span class=\"elementor-button-content-wrapper\">\n\t\t\t\t\t\t<span class=\"elementor-button-text\">Data modification<\/span>\n\t\t<\/span>\n\t\t\t\t\t<\/a>\n\t\t<\/div>\n\t\t\t\t<\/div>\n\t\t\t\t<\/div>\n\t\t\t\t\t<\/div>\n\t\t\t\t<\/div>\n\t\t<div class=\"elementor-element elementor-element-c0694dd e-flex e-con-boxed e-con e-parent\" data-id=\"c0694dd\" data-element_type=\"container\" data-core-v316-plus=\"true\">\n\t\t\t\t\t<div class=\"e-con-inner\">\n\t\t\t\t<div class=\"elementor-element elementor-element-1b69b24 elementor-widget elementor-widget-text-editor\" data-id=\"1b69b24\" data-element_type=\"widget\" data-widget_type=\"text-editor.default\">\n\t\t\t\t<div class=\"elementor-widget-container\">\n\t\t\t\t\t\t\t<p><strong style=\"color: var( --e-global-color-text ); font-family: var( --e-global-typography-text-font-family ), Sans-serif; text-align: var(--text-align);\">HOW CAN YOU REQUEST THAT YOUR PERSONAL DATA IS RECTIFIED OR ERASED?\u202f<\/strong><\/p><p>You may request the correction or deletion of your profile data by using this\u00a0form.<\/p>\t\t\t\t\t\t<\/div>\n\t\t\t\t<\/div>\n\t\t\t\t\t<\/div>\n\t\t\t\t<\/div>\n\t\t<div class=\"elementor-element elementor-element-6d1b84e e-flex e-con-boxed e-con e-parent\" data-id=\"6d1b84e\" data-element_type=\"container\" data-core-v316-plus=\"true\">\n\t\t\t\t\t<div class=\"e-con-inner\">\n\t\t\t\t<div class=\"elementor-element elementor-element-b3ec660 elementor-widget elementor-widget-button\" data-id=\"b3ec660\" data-element_type=\"widget\" data-widget_type=\"button.default\">\n\t\t\t\t<div class=\"elementor-widget-container\">\n\t\t\t\t\t<div class=\"elementor-button-wrapper\">\n\t\t\t<a class=\"elementor-button elementor-button-link elementor-size-sm\" href=\"#elementor-action%3Aaction%3Dpopup%3Aopen%26settings%3DeyJpZCI6NDc4NzEsInRvZ2dsZSI6ZmFsc2V9\">\n\t\t\t\t\t\t<span class=\"elementor-button-content-wrapper\">\n\t\t\t\t\t\t<span class=\"elementor-button-text\">Data modification<\/span>\n\t\t<\/span>\n\t\t\t\t\t<\/a>\n\t\t<\/div>\n\t\t\t\t<\/div>\n\t\t\t\t<\/div>\n\t\t\t\t\t<\/div>\n\t\t\t\t<\/div>\n\t\t<div class=\"elementor-element elementor-element-4543122 e-flex e-con-boxed e-con e-parent\" data-id=\"4543122\" data-element_type=\"container\" data-core-v316-plus=\"true\">\n\t\t\t\t\t<div class=\"e-con-inner\">\n\t\t\t\t<div class=\"elementor-element elementor-element-c445f75 elementor-widget elementor-widget-text-editor\" data-id=\"c445f75\" data-element_type=\"widget\" data-widget_type=\"text-editor.default\">\n\t\t\t\t<div class=\"elementor-widget-container\">\n\t\t\t\t\t\t\t<p><strong style=\"color: var( --e-global-color-text ); font-family: var( --e-global-typography-text-font-family ), Sans-serif; text-align: var(--text-align);\">HOW WE USE COOKIES<\/strong><\/p>\n<p>A cookie is a small file which asks permission to be placed on your computer&#8217;s hard drive. Once you agree, the file is added and the cookie helps analyse web traffic or lets you know when you visit a particular site. Cookies allow web applications to respond to you as an individual. The web application can tailor its operations to your needs, likes and dislikes by gathering and remembering information about your preferences.<\/p>\n<p>We use traffic log cookies to identify which pages are being used. This helps us analyse data about web page traffic and improve our website in order to tailor it to customer needs. We only use this information for statistical analysis purposes and then the data is removed from the system.&nbsp;<\/p><p>Overall, cookies help us provide you with a better website, by enabling us to monitor which pages you find useful and which you do not. A cookie in no way gives us access to your computer or any information about you, other than the data you choose to share with us.&nbsp;<\/p><p>You can choose to accept or decline cookies. Most web browsers automatically accept cookies, but you can usually modify your browser setting to decline cookies if you prefer. This may prevent you from taking full advantage of the website.&nbsp;<\/p><p><strong>LINKS TO OTHER WEBSITES<\/strong><\/p>\n<p>Our website may contain links to other websites of interest. However, once you have used these links to leave our site, you should note that we do not have any control over that other website. Therefore, we cannot be responsible for the protection and privacy of any data which you provide whilst visiting such sites and such sites are not governed by this privacy notice. You should exercise caution and look at the privacy notice applicable to the website in question.<\/p>\n<p><strong>CHANGES TO THIS STATEMENT<\/strong><\/p>\n<p>Please note that these guidelines are subject to change at any time. Any such changes will be posted on this page. You are encouraged to review this Privacy Notice at the inception of each session.<\/p>\n<p><strong>ACCEPTANCE OF POLICY<\/strong><\/p>\n<p>By using this website, or otherwise providing your personal data to SZANY\u00d3, you signify your acceptance of our Privacy Notice. If you do not agree to this notice, please do not use the SZANY\u00d3 website or provide any personal data to SZANY\u00d3.<\/p>\n<p><strong>CONTACTING US<\/strong><\/p>\n<p>If you have questions or complaints regarding our Privacy Notice, please contact <a href=\"mailto:info@szanyo.hu\">info@szanyo.hu<\/a><\/p>\n<p>Alternatively, you can write to SZANY\u00d3 Property Managing Ltd., Csik\u00f3s u. 9., 1033 Budapest, Hungary. &nbsp;<\/p>\n<p>Created on: April 2024<\/p>\t\t\t\t\t\t<\/div>\n\t\t\t\t<\/div>\n\t\t\t\t\t<\/div>\n\t\t\t\t<\/div>\n\t\t\t\t<\/div>\n\t\t","protected":false},"excerpt":{"rendered":"<p>SZANY\u00d3 PROPERTY MANAGING LTD\u2019S PRIVACY NOTICE This Privacy Notice sets out how SZANY\u00d3 Property Managing Ltd. (\u201cSZANY\u00d3\u201d) uses and protects any data that you give SZANY\u00d3 when you use this website. This notice discloses what type of personal data about our website\u2019s users is gathered and tracked, to how the data is used, shared or&#8230;<\/p>\n","protected":false},"author":2,"featured_media":0,"parent":0,"menu_order":0,"comment_status":"closed","ping_status":"closed","template":"elementor_header_footer","meta":{"footnotes":""},"yoast_head":"<!-- This site is optimized with the Yoast SEO plugin v22.6 - https:\/\/yoast.com\/wordpress\/plugins\/seo\/ -->\n<title>Personal Data Preferences - Szany\u00f3 Property Managing<\/title>\n<meta name=\"description\" content=\"Szany\u00f3 Property Managing\" \/>\n<meta name=\"robots\" content=\"index, follow, max-snippet:-1, max-image-preview:large, max-video-preview:-1\" \/>\n<link rel=\"canonical\" href=\"https:\/\/szanyo.hu\/en\/personal-data-preferences\/\" \/>\n<meta property=\"og:locale\" content=\"en_US\" \/>\n<meta property=\"og:type\" content=\"article\" \/>\n<meta property=\"og:title\" content=\"Personal Data Preferences - Szany\u00f3 Property Managing\" \/>\n<meta property=\"og:description\" content=\"Szany\u00f3 Property Managing\" \/>\n<meta property=\"og:url\" content=\"https:\/\/szanyo.hu\/en\/personal-data-preferences\/\" \/>\n<meta property=\"og:site_name\" content=\"Szany\u00f3 Property Managing\" \/>\n<meta property=\"article:modified_time\" content=\"2024-04-29T10:27:10+00:00\" \/>\n<meta name=\"twitter:card\" content=\"summary_large_image\" \/>\n<meta name=\"twitter:label1\" content=\"Est. reading time\" \/>\n\t<meta name=\"twitter:data1\" content=\"6 minutes\" \/>\n<script type=\"application\/ld+json\" class=\"yoast-schema-graph\">{\"@context\":\"https:\/\/schema.org\",\"@graph\":[{\"@type\":\"WebPage\",\"@id\":\"https:\/\/szanyo.hu\/en\/personal-data-preferences\/\",\"url\":\"https:\/\/szanyo.hu\/en\/personal-data-preferences\/\",\"name\":\"Personal Data Preferences - Szany\u00f3 Property Managing\",\"isPartOf\":{\"@id\":\"https:\/\/szanyo.hu\/en\/#website\"},\"datePublished\":\"2024-03-13T09:07:52+00:00\",\"dateModified\":\"2024-04-29T10:27:10+00:00\",\"description\":\"Szany\u00f3 Property Managing\",\"breadcrumb\":{\"@id\":\"https:\/\/szanyo.hu\/en\/personal-data-preferences\/#breadcrumb\"},\"inLanguage\":\"en-US\",\"potentialAction\":[{\"@type\":\"ReadAction\",\"target\":[\"https:\/\/szanyo.hu\/en\/personal-data-preferences\/\"]}]},{\"@type\":\"BreadcrumbList\",\"@id\":\"https:\/\/szanyo.hu\/en\/personal-data-preferences\/#breadcrumb\",\"itemListElement\":[{\"@type\":\"ListItem\",\"position\":1,\"name\":\"Kezd\u0151lap\",\"item\":\"https:\/\/szanyo.hu\/en\/home\/\"},{\"@type\":\"ListItem\",\"position\":2,\"name\":\"Personal Data Preferences\"}]},{\"@type\":\"WebSite\",\"@id\":\"https:\/\/szanyo.hu\/en\/#website\",\"url\":\"https:\/\/szanyo.hu\/en\/\",\"name\":\"Szany\u00f3 Vagyonkezel\u0151 Kft.\",\"description\":\"Szany\u00f3 Mix and Property Managing\",\"publisher\":{\"@id\":\"https:\/\/szanyo.hu\/en\/#organization\"},\"potentialAction\":[{\"@type\":\"SearchAction\",\"target\":{\"@type\":\"EntryPoint\",\"urlTemplate\":\"https:\/\/szanyo.hu\/en\/?s={search_term_string}\"},\"query-input\":\"required name=search_term_string\"}],\"inLanguage\":\"en-US\"},{\"@type\":\"Organization\",\"@id\":\"https:\/\/szanyo.hu\/en\/#organization\",\"name\":\"Szany\u00f3 Vagyonkezel\u0151 Kft.\",\"url\":\"https:\/\/szanyo.hu\/en\/\",\"logo\":{\"@type\":\"ImageObject\",\"inLanguage\":\"en-US\",\"@id\":\"https:\/\/szanyo.hu\/en\/#\/schema\/logo\/image\/\",\"url\":\"https:\/\/szanyo.hu\/wp-content\/uploads\/2024\/03\/szanyo_logo_small.svg\",\"contentUrl\":\"https:\/\/szanyo.hu\/wp-content\/uploads\/2024\/03\/szanyo_logo_small.svg\",\"width\":300,\"height\":87,\"caption\":\"Szany\u00f3 Vagyonkezel\u0151 Kft.\"},\"image\":{\"@id\":\"https:\/\/szanyo.hu\/en\/#\/schema\/logo\/image\/\"}}]}<\/script>\n<!-- \/ Yoast SEO plugin. -->","yoast_head_json":{"title":"Personal Data Preferences - Szany\u00f3 Property Managing","description":"Szany\u00f3 Property Managing","robots":{"index":"index","follow":"follow","max-snippet":"max-snippet:-1","max-image-preview":"max-image-preview:large","max-video-preview":"max-video-preview:-1"},"canonical":"https:\/\/szanyo.hu\/en\/personal-data-preferences\/","og_locale":"en_US","og_type":"article","og_title":"Personal Data Preferences - Szany\u00f3 Property Managing","og_description":"Szany\u00f3 Property Managing","og_url":"https:\/\/szanyo.hu\/en\/personal-data-preferences\/","og_site_name":"Szany\u00f3 Property Managing","article_modified_time":"2024-04-29T10:27:10+00:00","twitter_card":"summary_large_image","twitter_misc":{"Est. reading time":"6 minutes"},"schema":{"@context":"https:\/\/schema.org","@graph":[{"@type":"WebPage","@id":"https:\/\/szanyo.hu\/en\/personal-data-preferences\/","url":"https:\/\/szanyo.hu\/en\/personal-data-preferences\/","name":"Personal Data Preferences - Szany\u00f3 Property Managing","isPartOf":{"@id":"https:\/\/szanyo.hu\/en\/#website"},"datePublished":"2024-03-13T09:07:52+00:00","dateModified":"2024-04-29T10:27:10+00:00","description":"Szany\u00f3 Property Managing","breadcrumb":{"@id":"https:\/\/szanyo.hu\/en\/personal-data-preferences\/#breadcrumb"},"inLanguage":"en-US","potentialAction":[{"@type":"ReadAction","target":["https:\/\/szanyo.hu\/en\/personal-data-preferences\/"]}]},{"@type":"BreadcrumbList","@id":"https:\/\/szanyo.hu\/en\/personal-data-preferences\/#breadcrumb","itemListElement":[{"@type":"ListItem","position":1,"name":"Kezd\u0151lap","item":"https:\/\/szanyo.hu\/en\/home\/"},{"@type":"ListItem","position":2,"name":"Personal Data Preferences"}]},{"@type":"WebSite","@id":"https:\/\/szanyo.hu\/en\/#website","url":"https:\/\/szanyo.hu\/en\/","name":"Szany\u00f3 Vagyonkezel\u0151 Kft.","description":"Szany\u00f3 Mix and Property Managing","publisher":{"@id":"https:\/\/szanyo.hu\/en\/#organization"},"potentialAction":[{"@type":"SearchAction","target":{"@type":"EntryPoint","urlTemplate":"https:\/\/szanyo.hu\/en\/?s={search_term_string}"},"query-input":"required name=search_term_string"}],"inLanguage":"en-US"},{"@type":"Organization","@id":"https:\/\/szanyo.hu\/en\/#organization","name":"Szany\u00f3 Vagyonkezel\u0151 Kft.","url":"https:\/\/szanyo.hu\/en\/","logo":{"@type":"ImageObject","inLanguage":"en-US","@id":"https:\/\/szanyo.hu\/en\/#\/schema\/logo\/image\/","url":"https:\/\/szanyo.hu\/wp-content\/uploads\/2024\/03\/szanyo_logo_small.svg","contentUrl":"https:\/\/szanyo.hu\/wp-content\/uploads\/2024\/03\/szanyo_logo_small.svg","width":300,"height":87,"caption":"Szany\u00f3 Vagyonkezel\u0151 Kft."},"image":{"@id":"https:\/\/szanyo.hu\/en\/#\/schema\/logo\/image\/"}}]}},"amp_enabled":false,"_links":{"self":[{"href":"https:\/\/szanyo.hu\/en\/wp-json\/wp\/v2\/pages\/45608"}],"collection":[{"href":"https:\/\/szanyo.hu\/en\/wp-json\/wp\/v2\/pages"}],"about":[{"href":"https:\/\/szanyo.hu\/en\/wp-json\/wp\/v2\/types\/page"}],"author":[{"embeddable":true,"href":"https:\/\/szanyo.hu\/en\/wp-json\/wp\/v2\/users\/2"}],"replies":[{"embeddable":true,"href":"https:\/\/szanyo.hu\/en\/wp-json\/wp\/v2\/comments?post=45608"}],"version-history":[{"count":34,"href":"https:\/\/szanyo.hu\/en\/wp-json\/wp\/v2\/pages\/45608\/revisions"}],"predecessor-version":[{"id":47999,"href":"https:\/\/szanyo.hu\/en\/wp-json\/wp\/v2\/pages\/45608\/revisions\/47999"}],"wp:attachment":[{"href":"https:\/\/szanyo.hu\/en\/wp-json\/wp\/v2\/media?parent=45608"}],"curies":[{"name":"wp","href":"https:\/\/api.w.org\/{rel}","templated":true}]}}