{"id":46272,"date":"2024-03-20T16:00:02","date_gmt":"2024-03-20T16:00:02","guid":{"rendered":"https:\/\/szanyo.hu\/videok\/"},"modified":"2024-04-29T09:39:22","modified_gmt":"2024-04-29T09:39:22","slug":"videos","status":"publish","type":"page","link":"https:\/\/szanyo.hu\/en\/videos\/","title":{"rendered":"Videos"},"content":{"rendered":"\t\t<div data-elementor-type=\"wp-page\" data-elementor-id=\"46272\" class=\"elementor elementor-46272 elementor-44761\" data-elementor-post-type=\"page\">\n\t\t\t\t<div class=\"elementor-element elementor-element-7e596bd9 e-con-full e-flex e-con e-parent\" data-id=\"7e596bd9\" data-element_type=\"container\" data-settings=\"{&quot;background_background&quot;:&quot;classic&quot;}\" data-core-v316-plus=\"true\">\n\t\t\t\t<div class=\"elementor-element elementor-element-758fcdb6 elementor-widget elementor-widget-heading\" data-id=\"758fcdb6\" data-element_type=\"widget\" data-widget_type=\"heading.default\">\n\t\t\t\t<div class=\"elementor-widget-container\">\n\t\t\t<style>\/*! elementor - v3.20.0 - 20-03-2024 *\/\n.elementor-heading-title{padding:0;margin:0;line-height:1}.elementor-widget-heading .elementor-heading-title[class*=elementor-size-]>a{color:inherit;font-size:inherit;line-height:inherit}.elementor-widget-heading .elementor-heading-title.elementor-size-small{font-size:15px}.elementor-widget-heading .elementor-heading-title.elementor-size-medium{font-size:19px}.elementor-widget-heading .elementor-heading-title.elementor-size-large{font-size:29px}.elementor-widget-heading .elementor-heading-title.elementor-size-xl{font-size:39px}.elementor-widget-heading .elementor-heading-title.elementor-size-xxl{font-size:59px}<\/style><h2 class=\"elementor-heading-title elementor-size-default\">MIX VIDEO LIBRARY<\/h2>\t\t<\/div>\n\t\t\t\t<\/div>\n\t\t\t\t<div class=\"elementor-element elementor-element-5c6101f2 elementor-mobile-align-center elementor-hidden-mobile elementor-widget elementor-widget-button\" data-id=\"5c6101f2\" data-element_type=\"widget\" data-widget_type=\"button.default\">\n\t\t\t\t<div class=\"elementor-widget-container\">\n\t\t\t\t\t<div class=\"elementor-button-wrapper\">\n\t\t\t<a class=\"elementor-button elementor-button-link elementor-size-sm elementor-animation-grow\" href=\"https:\/\/szanyo.hu\/en\/contact-us\/\">\n\t\t\t\t\t\t<span class=\"elementor-button-content-wrapper\">\n\t\t\t\t\t\t<span class=\"elementor-button-text\">Contact us<\/span>\n\t\t<\/span>\n\t\t\t\t\t<\/a>\n\t\t<\/div>\n\t\t\t\t<\/div>\n\t\t\t\t<\/div>\n\t\t\t\t<\/div>\n\t\t<div class=\"elementor-element elementor-element-351e8d45 e-flex e-con-boxed e-con e-parent\" data-id=\"351e8d45\" data-element_type=\"container\" data-core-v316-plus=\"true\">\n\t\t\t\t\t<div class=\"e-con-inner\">\n\t\t\t\t<div class=\"elementor-element elementor-element-231df9b8 elementor-widget elementor-widget-heading\" data-id=\"231df9b8\" data-element_type=\"widget\" data-widget_type=\"heading.default\">\n\t\t\t\t<div class=\"elementor-widget-container\">\n\t\t\t<h2 class=\"elementor-heading-title elementor-size-default\">PRODUCTS AND SOLUTIONS<\/h2>\t\t<\/div>\n\t\t\t\t<\/div>\n\t\t\t\t\t<\/div>\n\t\t\t\t<\/div>\n\t\t<div class=\"elementor-element elementor-element-18e3af8 e-flex e-con-boxed e-con e-parent\" data-id=\"18e3af8\" data-element_type=\"container\" data-core-v316-plus=\"true\">\n\t\t\t\t\t<div class=\"e-con-inner\">\n\t\t\t\t<div class=\"elementor-element elementor-element-37fa09b elementor-widget elementor-widget-text-editor\" data-id=\"37fa09b\" data-element_type=\"widget\" data-widget_type=\"text-editor.default\">\n\t\t\t\t<div class=\"elementor-widget-container\">\n\t\t\t<style>\/*! elementor - v3.20.0 - 20-03-2024 *\/\n.elementor-widget-text-editor.elementor-drop-cap-view-stacked .elementor-drop-cap{background-color:#69727d;color:#fff}.elementor-widget-text-editor.elementor-drop-cap-view-framed .elementor-drop-cap{color:#69727d;border:3px solid;background-color:transparent}.elementor-widget-text-editor:not(.elementor-drop-cap-view-default) .elementor-drop-cap{margin-top:8px}.elementor-widget-text-editor:not(.elementor-drop-cap-view-default) .elementor-drop-cap-letter{width:1em;height:1em}.elementor-widget-text-editor .elementor-drop-cap{float:left;text-align:center;line-height:1;font-size:50px}.elementor-widget-text-editor .elementor-drop-cap-letter{display:inline-block}<\/style>\t\t\t\t<p>Watch how we connect your fleet and protect your vehicles through our comprehensive video library.<\/p>\t\t\t\t\t\t<\/div>\n\t\t\t\t<\/div>\n\t\t\t\t\t<\/div>\n\t\t\t\t<\/div>\n\t\t<div class=\"elementor-element elementor-element-f50b16 e-flex e-con-boxed e-con e-parent\" data-id=\"f50b16\" data-element_type=\"container\" data-core-v316-plus=\"true\">\n\t\t\t\t\t<div class=\"e-con-inner\">\n\t\t\t\t<div class=\"elementor-element elementor-element-9e02a07 elementor-widget elementor-widget-video\" data-id=\"9e02a07\" data-element_type=\"widget\" data-settings=\"{&quot;video_type&quot;:&quot;hosted&quot;,&quot;controls&quot;:&quot;yes&quot;}\" data-widget_type=\"video.default\">\n\t\t\t\t<div class=\"elementor-widget-container\">\n\t\t\t<style>\/*! elementor - v3.20.0 - 20-03-2024 *\/\n.elementor-widget-video .elementor-widget-container{overflow:hidden;transform:translateZ(0)}.elementor-widget-video .elementor-wrapper{aspect-ratio:var(--video-aspect-ratio)}.elementor-widget-video .elementor-wrapper iframe,.elementor-widget-video .elementor-wrapper video{height:100%;width:100%;display:flex;border:none;background-color:#000}@supports not (aspect-ratio:1\/1){.elementor-widget-video .elementor-wrapper{position:relative;overflow:hidden;height:0;padding-bottom:calc(100% \/ var(--video-aspect-ratio))}.elementor-widget-video .elementor-wrapper iframe,.elementor-widget-video .elementor-wrapper video{position:absolute;top:0;right:0;bottom:0;left:0}}.elementor-widget-video .elementor-open-inline .elementor-custom-embed-image-overlay{position:absolute;top:0;right:0;bottom:0;left:0;background-size:cover;background-position:50%}.elementor-widget-video .elementor-custom-embed-image-overlay{cursor:pointer;text-align:center}.elementor-widget-video .elementor-custom-embed-image-overlay:hover .elementor-custom-embed-play i{opacity:1}.elementor-widget-video .elementor-custom-embed-image-overlay img{display:block;width:100%;aspect-ratio:var(--video-aspect-ratio);-o-object-fit:cover;object-fit:cover;-o-object-position:center center;object-position:center center}@supports not (aspect-ratio:1\/1){.elementor-widget-video .elementor-custom-embed-image-overlay{position:relative;overflow:hidden;height:0;padding-bottom:calc(100% \/ var(--video-aspect-ratio))}.elementor-widget-video .elementor-custom-embed-image-overlay img{position:absolute;top:0;right:0;bottom:0;left:0}}.elementor-widget-video .e-hosted-video .elementor-video{-o-object-fit:cover;object-fit:cover}.e-con-inner>.elementor-widget-video,.e-con>.elementor-widget-video{width:var(--container-widget-width);--flex-grow:var(--container-widget-flex-grow)}<\/style>\t\t<div class=\"e-hosted-video elementor-wrapper elementor-open-inline\">\n\t\t\t\t\t<video class=\"elementor-video\" src=\"https:\/\/szanyo.hu\/wp-content\/uploads\/2024\/03\/Lower-Funnel-Campaign-Placeholder.mp4\" controls=\"\" preload=\"metadata\" controlsList=\"nodownload\" poster=\"https:\/\/szanyo.hu\/wp-content\/uploads\/2024\/03\/video.thumb_.png\"><\/video>\n\t\t\t\t<\/div>\n\t\t\t\t<\/div>\n\t\t\t\t<\/div>\n\t\t\t\t\t<\/div>\n\t\t\t\t<\/div>\n\t\t<div class=\"elementor-element elementor-element-b1c957b e-grid e-con-boxed e-con e-parent\" data-id=\"b1c957b\" data-element_type=\"container\" data-core-v316-plus=\"true\">\n\t\t\t\t\t<div class=\"e-con-inner\">\n\t\t\t\t<div class=\"elementor-element elementor-element-9a7d1f3 elementor-widget elementor-widget-video\" data-id=\"9a7d1f3\" data-element_type=\"widget\" data-settings=\"{&quot;youtube_url&quot;:&quot;https:\\\/\\\/youtu.be\\\/9jGXoYAxGuE&quot;,&quot;video_type&quot;:&quot;youtube&quot;,&quot;controls&quot;:&quot;yes&quot;}\" data-widget_type=\"video.default\">\n\t\t\t\t<div class=\"elementor-widget-container\">\n\t\t\t\t\t<div class=\"elementor-wrapper elementor-open-inline\">\n\t\t\t<div class=\"elementor-video\"><\/div>\t\t<\/div>\n\t\t\t\t<\/div>\n\t\t\t\t<\/div>\n\t\t\t\t<div class=\"elementor-element elementor-element-883a208 elementor-widget elementor-widget-video\" data-id=\"883a208\" data-element_type=\"widget\" data-settings=\"{&quot;youtube_url&quot;:&quot;https:\\\/\\\/youtu.be\\\/TZK4yAZC6Zc&quot;,&quot;video_type&quot;:&quot;youtube&quot;,&quot;controls&quot;:&quot;yes&quot;}\" data-widget_type=\"video.default\">\n\t\t\t\t<div class=\"elementor-widget-container\">\n\t\t\t\t\t<div class=\"elementor-wrapper elementor-open-inline\">\n\t\t\t<div class=\"elementor-video\"><\/div>\t\t<\/div>\n\t\t\t\t<\/div>\n\t\t\t\t<\/div>\n\t\t\t\t\t<\/div>\n\t\t\t\t<\/div>\n\t\t<div class=\"elementor-element elementor-element-41574085 e-grid e-con-full e-con e-parent\" data-id=\"41574085\" data-element_type=\"container\" data-settings=\"{&quot;background_background&quot;:&quot;classic&quot;}\" data-core-v316-plus=\"true\">\n\t\t\t\t<div class=\"elementor-element elementor-element-2ed4b0f elementor-widget elementor-widget-text-editor\" data-id=\"2ed4b0f\" data-element_type=\"widget\" data-widget_type=\"text-editor.default\">\n\t\t\t\t<div class=\"elementor-widget-container\">\n\t\t\t\t\t\t\t<p>Pioneering effective solutions<\/p>\t\t\t\t\t\t<\/div>\n\t\t\t\t<\/div>\n\t\t\t\t<div class=\"elementor-element elementor-element-ee0f3fb elementor-widget elementor-widget-text-editor\" data-id=\"ee0f3fb\" data-element_type=\"widget\" data-widget_type=\"text-editor.default\">\n\t\t\t\t<div class=\"elementor-widget-container\">\n\t\t\t\t\t\t\t<p>We\u2019re commited to optimizing your fleet\u2019s potential. Our videos serve as a bridge to innovative solutions that redifine safety, streamline operations, and drive compliance.<\/p>\t\t\t\t\t\t<\/div>\n\t\t\t\t<\/div>\n\t\t\t\t<\/div>\n\t\t\t\t<\/div>\n\t\t","protected":false},"excerpt":{"rendered":"<p>MIX VIDEO LIBRARY Contact us PRODUCTS AND SOLUTIONS Watch how we connect your fleet and protect your vehicles through our comprehensive video library. https:\/\/szanyo.hu\/wp-content\/uploads\/2024\/03\/Lower-Funnel-Campaign-Placeholder.mp4https:\/\/youtu.be\/9jGXoYAxGuEhttps:\/\/youtu.be\/TZK4yAZC6Zc Pioneering effective solutions We\u2019re commited to optimizing your fleet\u2019s potential. Our videos serve as a bridge to innovative solutions that redifine safety, streamline operations, and drive compliance.<\/p>\n","protected":false},"author":2,"featured_media":0,"parent":0,"menu_order":0,"comment_status":"closed","ping_status":"closed","template":"elementor_header_footer","meta":{"footnotes":""},"yoast_head":"<!-- This site is optimized with the Yoast SEO plugin v22.6 - https:\/\/yoast.com\/wordpress\/plugins\/seo\/ -->\n<title>Videos - Szany\u00f3 Property Managing<\/title>\n<meta name=\"description\" content=\"Szany\u00f3 Property Managing\" \/>\n<meta name=\"robots\" content=\"index, follow, max-snippet:-1, max-image-preview:large, max-video-preview:-1\" \/>\n<link rel=\"canonical\" href=\"https:\/\/szanyo.hu\/en\/videos\/\" \/>\n<meta property=\"og:locale\" content=\"en_US\" \/>\n<meta property=\"og:type\" content=\"article\" \/>\n<meta property=\"og:title\" content=\"Videos - Szany\u00f3 Property Managing\" \/>\n<meta property=\"og:description\" content=\"Szany\u00f3 Property Managing\" \/>\n<meta property=\"og:url\" content=\"https:\/\/szanyo.hu\/en\/videos\/\" \/>\n<meta property=\"og:site_name\" content=\"Szany\u00f3 Property Managing\" \/>\n<meta property=\"article:modified_time\" content=\"2024-04-29T09:39:22+00:00\" \/>\n<meta name=\"twitter:card\" content=\"summary_large_image\" \/>\n<script type=\"application\/ld+json\" class=\"yoast-schema-graph\">{\"@context\":\"https:\/\/schema.org\",\"@graph\":[{\"@type\":\"WebPage\",\"@id\":\"https:\/\/szanyo.hu\/en\/videos\/\",\"url\":\"https:\/\/szanyo.hu\/en\/videos\/\",\"name\":\"Videos - Szany\u00f3 Property Managing\",\"isPartOf\":{\"@id\":\"https:\/\/szanyo.hu\/en\/#website\"},\"datePublished\":\"2024-03-20T16:00:02+00:00\",\"dateModified\":\"2024-04-29T09:39:22+00:00\",\"description\":\"Szany\u00f3 Property Managing\",\"breadcrumb\":{\"@id\":\"https:\/\/szanyo.hu\/en\/videos\/#breadcrumb\"},\"inLanguage\":\"en-US\",\"potentialAction\":[{\"@type\":\"ReadAction\",\"target\":[\"https:\/\/szanyo.hu\/en\/videos\/\"]}]},{\"@type\":\"BreadcrumbList\",\"@id\":\"https:\/\/szanyo.hu\/en\/videos\/#breadcrumb\",\"itemListElement\":[{\"@type\":\"ListItem\",\"position\":1,\"name\":\"Kezd\u0151lap\",\"item\":\"https:\/\/szanyo.hu\/en\/home\/\"},{\"@type\":\"ListItem\",\"position\":2,\"name\":\"Videos\"}]},{\"@type\":\"WebSite\",\"@id\":\"https:\/\/szanyo.hu\/en\/#website\",\"url\":\"https:\/\/szanyo.hu\/en\/\",\"name\":\"Szany\u00f3 Vagyonkezel\u0151 Kft.\",\"description\":\"Szany\u00f3 Mix and Property Managing\",\"publisher\":{\"@id\":\"https:\/\/szanyo.hu\/en\/#organization\"},\"potentialAction\":[{\"@type\":\"SearchAction\",\"target\":{\"@type\":\"EntryPoint\",\"urlTemplate\":\"https:\/\/szanyo.hu\/en\/?s={search_term_string}\"},\"query-input\":\"required name=search_term_string\"}],\"inLanguage\":\"en-US\"},{\"@type\":\"Organization\",\"@id\":\"https:\/\/szanyo.hu\/en\/#organization\",\"name\":\"Szany\u00f3 Vagyonkezel\u0151 Kft.\",\"url\":\"https:\/\/szanyo.hu\/en\/\",\"logo\":{\"@type\":\"ImageObject\",\"inLanguage\":\"en-US\",\"@id\":\"https:\/\/szanyo.hu\/en\/#\/schema\/logo\/image\/\",\"url\":\"https:\/\/szanyo.hu\/wp-content\/uploads\/2024\/03\/szanyo_logo_small.svg\",\"contentUrl\":\"https:\/\/szanyo.hu\/wp-content\/uploads\/2024\/03\/szanyo_logo_small.svg\",\"width\":300,\"height\":87,\"caption\":\"Szany\u00f3 Vagyonkezel\u0151 Kft.\"},\"image\":{\"@id\":\"https:\/\/szanyo.hu\/en\/#\/schema\/logo\/image\/\"}}]}<\/script>\n<!-- \/ Yoast SEO plugin. -->","yoast_head_json":{"title":"Videos - Szany\u00f3 Property Managing","description":"Szany\u00f3 Property Managing","robots":{"index":"index","follow":"follow","max-snippet":"max-snippet:-1","max-image-preview":"max-image-preview:large","max-video-preview":"max-video-preview:-1"},"canonical":"https:\/\/szanyo.hu\/en\/videos\/","og_locale":"en_US","og_type":"article","og_title":"Videos - Szany\u00f3 Property Managing","og_description":"Szany\u00f3 Property Managing","og_url":"https:\/\/szanyo.hu\/en\/videos\/","og_site_name":"Szany\u00f3 Property Managing","article_modified_time":"2024-04-29T09:39:22+00:00","twitter_card":"summary_large_image","schema":{"@context":"https:\/\/schema.org","@graph":[{"@type":"WebPage","@id":"https:\/\/szanyo.hu\/en\/videos\/","url":"https:\/\/szanyo.hu\/en\/videos\/","name":"Videos - Szany\u00f3 Property Managing","isPartOf":{"@id":"https:\/\/szanyo.hu\/en\/#website"},"datePublished":"2024-03-20T16:00:02+00:00","dateModified":"2024-04-29T09:39:22+00:00","description":"Szany\u00f3 Property Managing","breadcrumb":{"@id":"https:\/\/szanyo.hu\/en\/videos\/#breadcrumb"},"inLanguage":"en-US","potentialAction":[{"@type":"ReadAction","target":["https:\/\/szanyo.hu\/en\/videos\/"]}]},{"@type":"BreadcrumbList","@id":"https:\/\/szanyo.hu\/en\/videos\/#breadcrumb","itemListElement":[{"@type":"ListItem","position":1,"name":"Kezd\u0151lap","item":"https:\/\/szanyo.hu\/en\/home\/"},{"@type":"ListItem","position":2,"name":"Videos"}]},{"@type":"WebSite","@id":"https:\/\/szanyo.hu\/en\/#website","url":"https:\/\/szanyo.hu\/en\/","name":"Szany\u00f3 Vagyonkezel\u0151 Kft.","description":"Szany\u00f3 Mix and Property Managing","publisher":{"@id":"https:\/\/szanyo.hu\/en\/#organization"},"potentialAction":[{"@type":"SearchAction","target":{"@type":"EntryPoint","urlTemplate":"https:\/\/szanyo.hu\/en\/?s={search_term_string}"},"query-input":"required name=search_term_string"}],"inLanguage":"en-US"},{"@type":"Organization","@id":"https:\/\/szanyo.hu\/en\/#organization","name":"Szany\u00f3 Vagyonkezel\u0151 Kft.","url":"https:\/\/szanyo.hu\/en\/","logo":{"@type":"ImageObject","inLanguage":"en-US","@id":"https:\/\/szanyo.hu\/en\/#\/schema\/logo\/image\/","url":"https:\/\/szanyo.hu\/wp-content\/uploads\/2024\/03\/szanyo_logo_small.svg","contentUrl":"https:\/\/szanyo.hu\/wp-content\/uploads\/2024\/03\/szanyo_logo_small.svg","width":300,"height":87,"caption":"Szany\u00f3 Vagyonkezel\u0151 Kft."},"image":{"@id":"https:\/\/szanyo.hu\/en\/#\/schema\/logo\/image\/"}}]}},"amp_enabled":false,"_links":{"self":[{"href":"https:\/\/szanyo.hu\/en\/wp-json\/wp\/v2\/pages\/46272"}],"collection":[{"href":"https:\/\/szanyo.hu\/en\/wp-json\/wp\/v2\/pages"}],"about":[{"href":"https:\/\/szanyo.hu\/en\/wp-json\/wp\/v2\/types\/page"}],"author":[{"embeddable":true,"href":"https:\/\/szanyo.hu\/en\/wp-json\/wp\/v2\/users\/2"}],"replies":[{"embeddable":true,"href":"https:\/\/szanyo.hu\/en\/wp-json\/wp\/v2\/comments?post=46272"}],"version-history":[{"count":16,"href":"https:\/\/szanyo.hu\/en\/wp-json\/wp\/v2\/pages\/46272\/revisions"}],"predecessor-version":[{"id":47984,"href":"https:\/\/szanyo.hu\/en\/wp-json\/wp\/v2\/pages\/46272\/revisions\/47984"}],"wp:attachment":[{"href":"https:\/\/szanyo.hu\/en\/wp-json\/wp\/v2\/media?parent=46272"}],"curies":[{"name":"wp","href":"https:\/\/api.w.org\/{rel}","templated":true}]}}