{"id":46275,"date":"2024-03-14T09:59:41","date_gmt":"2024-03-14T09:59:41","guid":{"rendered":"https:\/\/szanyo.hu\/vezetek-nelkuli-nyomkovetes\/"},"modified":"2024-04-29T12:12:46","modified_gmt":"2024-04-29T12:12:46","slug":"wireless-tracking","status":"publish","type":"page","link":"https:\/\/szanyo.hu\/en\/wireless-tracking\/","title":{"rendered":"Wireless tracking"},"content":{"rendered":"\t\t<div data-elementor-type=\"wp-page\" data-elementor-id=\"46275\" class=\"elementor elementor-46275 elementor-44122\" data-elementor-post-type=\"page\">\n\t\t\t\t<div class=\"elementor-element elementor-element-1ea56beb e-con-full e-grid e-con e-parent\" data-id=\"1ea56beb\" data-element_type=\"container\" data-settings=\"{&quot;background_background&quot;:&quot;classic&quot;}\" data-core-v316-plus=\"true\">\n\t\t<div class=\"elementor-element elementor-element-4ad7344 e-grid e-con-boxed e-con e-child\" data-id=\"4ad7344\" data-element_type=\"container\">\n\t\t\t\t\t<div class=\"e-con-inner\">\n\t\t\t\t<div class=\"elementor-element elementor-element-3d59ded2 elementor-widget elementor-widget-heading\" data-id=\"3d59ded2\" data-element_type=\"widget\" data-widget_type=\"heading.default\">\n\t\t\t\t<div class=\"elementor-widget-container\">\n\t\t\t<style>\/*! elementor - v3.20.0 - 20-03-2024 *\/\n.elementor-heading-title{padding:0;margin:0;line-height:1}.elementor-widget-heading .elementor-heading-title[class*=elementor-size-]>a{color:inherit;font-size:inherit;line-height:inherit}.elementor-widget-heading .elementor-heading-title.elementor-size-small{font-size:15px}.elementor-widget-heading .elementor-heading-title.elementor-size-medium{font-size:19px}.elementor-widget-heading .elementor-heading-title.elementor-size-large{font-size:29px}.elementor-widget-heading .elementor-heading-title.elementor-size-xl{font-size:39px}.elementor-widget-heading .elementor-heading-title.elementor-size-xxl{font-size:59px}<\/style><h2 class=\"elementor-heading-title elementor-size-default\">MIX OYSTER2 AND REMORA2<\/h2>\t\t<\/div>\n\t\t\t\t<\/div>\n\t\t\t\t<div class=\"elementor-element elementor-element-720cc698 elementor-mobile-align-center elementor-widget elementor-widget-button\" data-id=\"720cc698\" data-element_type=\"widget\" data-widget_type=\"button.default\">\n\t\t\t\t<div class=\"elementor-widget-container\">\n\t\t\t\t\t<div class=\"elementor-button-wrapper\">\n\t\t\t<a class=\"elementor-button elementor-button-link elementor-size-sm elementor-animation-grow\" href=\"https:\/\/szanyo.hu\/en\/contact-us\/\" target=\"_blank\">\n\t\t\t\t\t\t<span class=\"elementor-button-content-wrapper\">\n\t\t\t\t\t\t<span class=\"elementor-button-text\">Contact us<\/span>\n\t\t<\/span>\n\t\t\t\t\t<\/a>\n\t\t<\/div>\n\t\t\t\t<\/div>\n\t\t\t\t<\/div>\n\t\t\t\t\t<\/div>\n\t\t\t\t<\/div>\n\t\t<div class=\"elementor-element elementor-element-0e37fb6 e-grid e-con-boxed e-con e-child\" data-id=\"0e37fb6\" data-element_type=\"container\" data-settings=\"{&quot;background_background&quot;:&quot;classic&quot;}\">\n\t\t\t\t\t<div class=\"e-con-inner\">\n\t\t\t\t<div class=\"elementor-element elementor-element-accc6e9 elementor-widget elementor-widget-image\" data-id=\"accc6e9\" data-element_type=\"widget\" data-widget_type=\"image.default\">\n\t\t\t\t<div class=\"elementor-widget-container\">\n\t\t\t<style>\/*! elementor - v3.20.0 - 20-03-2024 *\/\n.elementor-widget-image{text-align:center}.elementor-widget-image a{display:inline-block}.elementor-widget-image a img[src$=\".svg\"]{width:48px}.elementor-widget-image img{vertical-align:middle;display:inline-block}<\/style>\t\t\t\t\t\t\t\t\t\t<img fetchpriority=\"high\" decoding=\"async\" width=\"300\" height=\"200\" src=\"https:\/\/szanyo.hu\/wp-content\/uploads\/2024\/04\/MiX-Oyster2.png\" class=\"attachment-full size-full wp-image-46019\" alt=\"\" \/>\t\t\t\t\t\t\t\t\t\t\t\t\t<\/div>\n\t\t\t\t<\/div>\n\t\t\t\t<div class=\"elementor-element elementor-element-987a4bd elementor-widget elementor-widget-image\" data-id=\"987a4bd\" data-element_type=\"widget\" data-widget_type=\"image.default\">\n\t\t\t\t<div class=\"elementor-widget-container\">\n\t\t\t\t\t\t\t\t\t\t\t\t\t<img decoding=\"async\" width=\"300\" height=\"200\" src=\"https:\/\/szanyo.hu\/wp-content\/uploads\/2024\/03\/MiX-Remora-Unit.png\" class=\"attachment-large size-large wp-image-44569\" alt=\"\" \/>\t\t\t\t\t\t\t\t\t\t\t\t\t<\/div>\n\t\t\t\t<\/div>\n\t\t\t\t\t<\/div>\n\t\t\t\t<\/div>\n\t\t\t\t<\/div>\n\t\t<div class=\"elementor-element elementor-element-171d0cb8 e-grid e-con-full e-con e-parent\" data-id=\"171d0cb8\" data-element_type=\"container\" data-core-v316-plus=\"true\">\n\t\t\t\t<div class=\"elementor-element elementor-element-bc7768d elementor-widget elementor-widget-image\" data-id=\"bc7768d\" data-element_type=\"widget\" data-widget_type=\"image.default\">\n\t\t\t\t<div class=\"elementor-widget-container\">\n\t\t\t\t\t\t\t\t\t\t\t\t\t<img decoding=\"async\" width=\"952\" height=\"472\" src=\"https:\/\/szanyo.hu\/wp-content\/uploads\/2024\/03\/MiX-Oyster2-31b6359d.png\" class=\"attachment-full size-full wp-image-44593\" alt=\"\" srcset=\"https:\/\/szanyo.hu\/wp-content\/uploads\/2024\/03\/MiX-Oyster2-31b6359d.png 952w, https:\/\/szanyo.hu\/wp-content\/uploads\/2024\/03\/MiX-Oyster2-31b6359d-300x149.png 300w, https:\/\/szanyo.hu\/wp-content\/uploads\/2024\/03\/MiX-Oyster2-31b6359d-768x381.png 768w\" sizes=\"(max-width: 952px) 100vw, 952px\" \/>\t\t\t\t\t\t\t\t\t\t\t\t\t<\/div>\n\t\t\t\t<\/div>\n\t\t<div class=\"elementor-element elementor-element-a054599 e-grid e-con-boxed e-con e-child\" data-id=\"a054599\" data-element_type=\"container\">\n\t\t\t\t\t<div class=\"e-con-inner\">\n\t\t\t\t<div class=\"elementor-element elementor-element-5ee1ff6f elementor-widget elementor-widget-text-editor\" data-id=\"5ee1ff6f\" data-element_type=\"widget\" data-widget_type=\"text-editor.default\">\n\t\t\t\t<div class=\"elementor-widget-container\">\n\t\t\t<style>\/*! elementor - v3.20.0 - 20-03-2024 *\/\n.elementor-widget-text-editor.elementor-drop-cap-view-stacked .elementor-drop-cap{background-color:#69727d;color:#fff}.elementor-widget-text-editor.elementor-drop-cap-view-framed .elementor-drop-cap{color:#69727d;border:3px solid;background-color:transparent}.elementor-widget-text-editor:not(.elementor-drop-cap-view-default) .elementor-drop-cap{margin-top:8px}.elementor-widget-text-editor:not(.elementor-drop-cap-view-default) .elementor-drop-cap-letter{width:1em;height:1em}.elementor-widget-text-editor .elementor-drop-cap{float:left;text-align:center;line-height:1;font-size:50px}.elementor-widget-text-editor .elementor-drop-cap-letter{display:inline-block}<\/style>\t\t\t\t<p>MiX\u2019s Oyster2 and Remora2 are small enough to fit into the palm of your hand, yet is powerful enough to track your most valuable assets.<\/p><p>MiX Oyster 2 tracks the precise GPS location of assets using an internal antenna. When asset movement is detected, MiX Oyster2 starts gathering the GPS point of the asset every 2 minutes. The GPS data is uploaded to MiX Fleet Manager every 30 minutes to help conserve the battery.<\/p>\t\t\t\t\t\t<\/div>\n\t\t\t\t<\/div>\n\t\t\t\t\t<\/div>\n\t\t\t\t<\/div>\n\t\t\t\t<\/div>\n\t\t<div class=\"elementor-element elementor-element-4f9dfc5d e-con-full e-flex e-con e-parent\" data-id=\"4f9dfc5d\" data-element_type=\"container\" data-settings=\"{&quot;background_background&quot;:&quot;classic&quot;}\" data-core-v316-plus=\"true\">\n\t\t\t\t<div class=\"elementor-element elementor-element-8c14337 elementor-widget elementor-widget-text-editor\" data-id=\"8c14337\" data-element_type=\"widget\" data-widget_type=\"text-editor.default\">\n\t\t\t\t<div class=\"elementor-widget-container\">\n\t\t\t\t\t\t\t<p>MiX\u2019s Remora2 is also a GPS and Bluetooth-enabled wireless tracker that is perfect for monitoring the movements of non-powered assets, such as shipping containers, freight and trailers. It is waterproof and dustproof (IP67 rated) and sturdy enough to survive heavy-duty movement and severe weather conditions. No installation is required, simply place and trace.<\/p>\n\t\t\t\t\t\t<\/div>\n\t\t\t\t<\/div>\n\t\t\t\t<\/div>\n\t\t<div class=\"elementor-element elementor-element-bc30d4d e-grid e-con-full e-con e-parent\" data-id=\"bc30d4d\" data-element_type=\"container\" data-core-v316-plus=\"true\">\n\t\t\t\t<div class=\"elementor-element elementor-element-580c310 elementor-widget elementor-widget-text-editor\" data-id=\"580c310\" data-element_type=\"widget\" data-widget_type=\"text-editor.default\">\n\t\t\t\t<div class=\"elementor-widget-container\">\n\t\t\t\t\t\t\t\n          <p>MiX Oyster2 and Remora2 alerts users within 30 minutes of:<\/p>\n          \n\n          <ul>\n            \n\n            <li>First movement of asset<\/li>\n            \n\n            <li>Low battery<\/li>\n            \n\n            <li>When entering or exiting geofenced area<\/li>\n            \n\n          <\/ul>\n          \n\n          <p>The main difference between these devices are in size and battery type. Which will translate into cost and life expectancy difference between them.<\/p>\n          \n\n          <p>The increased visibility of your assets helps you increase the efficiency, safety and revenue of your operations.<\/p>\n        \t\t\t\t\t\t<\/div>\n\t\t\t\t<\/div>\n\t\t\t\t<div class=\"elementor-element elementor-element-0963a8b e-transform elementor-widget elementor-widget-image\" data-id=\"0963a8b\" data-element_type=\"widget\" data-settings=\"{&quot;_transform_skewX_effect&quot;:{&quot;unit&quot;:&quot;px&quot;,&quot;size&quot;:&quot;&quot;,&quot;sizes&quot;:[]},&quot;_transform_skewX_effect_tablet&quot;:{&quot;unit&quot;:&quot;deg&quot;,&quot;size&quot;:&quot;&quot;,&quot;sizes&quot;:[]},&quot;_transform_skewX_effect_mobile&quot;:{&quot;unit&quot;:&quot;deg&quot;,&quot;size&quot;:&quot;&quot;,&quot;sizes&quot;:[]},&quot;_transform_skewY_effect&quot;:{&quot;unit&quot;:&quot;px&quot;,&quot;size&quot;:&quot;&quot;,&quot;sizes&quot;:[]},&quot;_transform_skewY_effect_tablet&quot;:{&quot;unit&quot;:&quot;deg&quot;,&quot;size&quot;:&quot;&quot;,&quot;sizes&quot;:[]},&quot;_transform_skewY_effect_mobile&quot;:{&quot;unit&quot;:&quot;deg&quot;,&quot;size&quot;:&quot;&quot;,&quot;sizes&quot;:[]}}\" data-widget_type=\"image.default\">\n\t\t\t\t<div class=\"elementor-widget-container\">\n\t\t\t\t\t\t\t\t\t\t\t\t\t<img loading=\"lazy\" decoding=\"async\" width=\"1500\" height=\"995\" src=\"https:\/\/szanyo.hu\/wp-content\/uploads\/2024\/04\/2.jpg\" class=\"attachment-full size-full wp-image-45804\" alt=\"\" srcset=\"https:\/\/szanyo.hu\/wp-content\/uploads\/2024\/04\/2.jpg 1500w, https:\/\/szanyo.hu\/wp-content\/uploads\/2024\/04\/2-300x199.jpg 300w, https:\/\/szanyo.hu\/wp-content\/uploads\/2024\/04\/2-1024x679.jpg 1024w, https:\/\/szanyo.hu\/wp-content\/uploads\/2024\/04\/2-768x509.jpg 768w, https:\/\/szanyo.hu\/wp-content\/uploads\/2024\/04\/2-365x243.jpg 365w\" sizes=\"(max-width: 1500px) 100vw, 1500px\" \/>\t\t\t\t\t\t\t\t\t\t\t\t\t<\/div>\n\t\t\t\t<\/div>\n\t\t\t\t<\/div>\n\t\t\t\t<\/div>\n\t\t","protected":false},"excerpt":{"rendered":"<p>MIX OYSTER2 AND REMORA2 Contact us MiX\u2019s Oyster2 and Remora2 are small enough to fit into the palm of your hand, yet is powerful enough to track your most valuable assets. MiX Oyster 2 tracks the precise GPS location of assets using an internal antenna. When asset movement is detected, MiX Oyster2 starts gathering the&#8230;<\/p>\n","protected":false},"author":2,"featured_media":0,"parent":0,"menu_order":0,"comment_status":"closed","ping_status":"closed","template":"elementor_header_footer","meta":{"footnotes":""},"yoast_head":"<!-- This site is optimized with the Yoast SEO plugin v22.6 - https:\/\/yoast.com\/wordpress\/plugins\/seo\/ -->\n<title>Wireless tracking - Szany\u00f3 Property Managing<\/title>\n<meta name=\"description\" content=\"Szany\u00f3 Property Managing\" \/>\n<meta name=\"robots\" content=\"index, follow, max-snippet:-1, max-image-preview:large, max-video-preview:-1\" \/>\n<link rel=\"canonical\" href=\"https:\/\/szanyo.hu\/en\/wireless-tracking\/\" \/>\n<meta property=\"og:locale\" content=\"en_US\" \/>\n<meta property=\"og:type\" content=\"article\" \/>\n<meta property=\"og:title\" content=\"Wireless tracking - Szany\u00f3 Property Managing\" \/>\n<meta property=\"og:description\" content=\"Szany\u00f3 Property Managing\" \/>\n<meta property=\"og:url\" content=\"https:\/\/szanyo.hu\/en\/wireless-tracking\/\" \/>\n<meta property=\"og:site_name\" content=\"Szany\u00f3 Property Managing\" \/>\n<meta property=\"article:modified_time\" content=\"2024-04-29T12:12:46+00:00\" \/>\n<meta property=\"og:image\" content=\"https:\/\/szanyo.hu\/wp-content\/uploads\/2024\/04\/MiX-Oyster2.png\" \/>\n<meta name=\"twitter:card\" content=\"summary_large_image\" \/>\n<meta name=\"twitter:label1\" content=\"Est. reading time\" \/>\n\t<meta name=\"twitter:data1\" content=\"1 minute\" \/>\n<script type=\"application\/ld+json\" class=\"yoast-schema-graph\">{\"@context\":\"https:\/\/schema.org\",\"@graph\":[{\"@type\":\"WebPage\",\"@id\":\"https:\/\/szanyo.hu\/en\/wireless-tracking\/\",\"url\":\"https:\/\/szanyo.hu\/en\/wireless-tracking\/\",\"name\":\"Wireless tracking - Szany\u00f3 Property Managing\",\"isPartOf\":{\"@id\":\"https:\/\/szanyo.hu\/en\/#website\"},\"primaryImageOfPage\":{\"@id\":\"https:\/\/szanyo.hu\/en\/wireless-tracking\/#primaryimage\"},\"image\":{\"@id\":\"https:\/\/szanyo.hu\/en\/wireless-tracking\/#primaryimage\"},\"thumbnailUrl\":\"https:\/\/szanyo.hu\/wp-content\/uploads\/2024\/04\/MiX-Oyster2.png\",\"datePublished\":\"2024-03-14T09:59:41+00:00\",\"dateModified\":\"2024-04-29T12:12:46+00:00\",\"description\":\"Szany\u00f3 Property Managing\",\"breadcrumb\":{\"@id\":\"https:\/\/szanyo.hu\/en\/wireless-tracking\/#breadcrumb\"},\"inLanguage\":\"en-US\",\"potentialAction\":[{\"@type\":\"ReadAction\",\"target\":[\"https:\/\/szanyo.hu\/en\/wireless-tracking\/\"]}]},{\"@type\":\"ImageObject\",\"inLanguage\":\"en-US\",\"@id\":\"https:\/\/szanyo.hu\/en\/wireless-tracking\/#primaryimage\",\"url\":\"https:\/\/szanyo.hu\/wp-content\/uploads\/2024\/04\/MiX-Oyster2.png\",\"contentUrl\":\"https:\/\/szanyo.hu\/wp-content\/uploads\/2024\/04\/MiX-Oyster2.png\"},{\"@type\":\"BreadcrumbList\",\"@id\":\"https:\/\/szanyo.hu\/en\/wireless-tracking\/#breadcrumb\",\"itemListElement\":[{\"@type\":\"ListItem\",\"position\":1,\"name\":\"Kezd\u0151lap\",\"item\":\"https:\/\/szanyo.hu\/en\/home\/\"},{\"@type\":\"ListItem\",\"position\":2,\"name\":\"Wireless tracking\"}]},{\"@type\":\"WebSite\",\"@id\":\"https:\/\/szanyo.hu\/en\/#website\",\"url\":\"https:\/\/szanyo.hu\/en\/\",\"name\":\"Szany\u00f3 Vagyonkezel\u0151 Kft.\",\"description\":\"Szany\u00f3 Mix and Property Managing\",\"publisher\":{\"@id\":\"https:\/\/szanyo.hu\/en\/#organization\"},\"potentialAction\":[{\"@type\":\"SearchAction\",\"target\":{\"@type\":\"EntryPoint\",\"urlTemplate\":\"https:\/\/szanyo.hu\/en\/?s={search_term_string}\"},\"query-input\":\"required name=search_term_string\"}],\"inLanguage\":\"en-US\"},{\"@type\":\"Organization\",\"@id\":\"https:\/\/szanyo.hu\/en\/#organization\",\"name\":\"Szany\u00f3 Vagyonkezel\u0151 Kft.\",\"url\":\"https:\/\/szanyo.hu\/en\/\",\"logo\":{\"@type\":\"ImageObject\",\"inLanguage\":\"en-US\",\"@id\":\"https:\/\/szanyo.hu\/en\/#\/schema\/logo\/image\/\",\"url\":\"https:\/\/szanyo.hu\/wp-content\/uploads\/2024\/03\/szanyo_logo_small.svg\",\"contentUrl\":\"https:\/\/szanyo.hu\/wp-content\/uploads\/2024\/03\/szanyo_logo_small.svg\",\"width\":300,\"height\":87,\"caption\":\"Szany\u00f3 Vagyonkezel\u0151 Kft.\"},\"image\":{\"@id\":\"https:\/\/szanyo.hu\/en\/#\/schema\/logo\/image\/\"}}]}<\/script>\n<!-- \/ Yoast SEO plugin. -->","yoast_head_json":{"title":"Wireless tracking - Szany\u00f3 Property Managing","description":"Szany\u00f3 Property Managing","robots":{"index":"index","follow":"follow","max-snippet":"max-snippet:-1","max-image-preview":"max-image-preview:large","max-video-preview":"max-video-preview:-1"},"canonical":"https:\/\/szanyo.hu\/en\/wireless-tracking\/","og_locale":"en_US","og_type":"article","og_title":"Wireless tracking - Szany\u00f3 Property Managing","og_description":"Szany\u00f3 Property Managing","og_url":"https:\/\/szanyo.hu\/en\/wireless-tracking\/","og_site_name":"Szany\u00f3 Property Managing","article_modified_time":"2024-04-29T12:12:46+00:00","og_image":[{"url":"https:\/\/szanyo.hu\/wp-content\/uploads\/2024\/04\/MiX-Oyster2.png"}],"twitter_card":"summary_large_image","twitter_misc":{"Est. reading time":"1 minute"},"schema":{"@context":"https:\/\/schema.org","@graph":[{"@type":"WebPage","@id":"https:\/\/szanyo.hu\/en\/wireless-tracking\/","url":"https:\/\/szanyo.hu\/en\/wireless-tracking\/","name":"Wireless tracking - Szany\u00f3 Property Managing","isPartOf":{"@id":"https:\/\/szanyo.hu\/en\/#website"},"primaryImageOfPage":{"@id":"https:\/\/szanyo.hu\/en\/wireless-tracking\/#primaryimage"},"image":{"@id":"https:\/\/szanyo.hu\/en\/wireless-tracking\/#primaryimage"},"thumbnailUrl":"https:\/\/szanyo.hu\/wp-content\/uploads\/2024\/04\/MiX-Oyster2.png","datePublished":"2024-03-14T09:59:41+00:00","dateModified":"2024-04-29T12:12:46+00:00","description":"Szany\u00f3 Property Managing","breadcrumb":{"@id":"https:\/\/szanyo.hu\/en\/wireless-tracking\/#breadcrumb"},"inLanguage":"en-US","potentialAction":[{"@type":"ReadAction","target":["https:\/\/szanyo.hu\/en\/wireless-tracking\/"]}]},{"@type":"ImageObject","inLanguage":"en-US","@id":"https:\/\/szanyo.hu\/en\/wireless-tracking\/#primaryimage","url":"https:\/\/szanyo.hu\/wp-content\/uploads\/2024\/04\/MiX-Oyster2.png","contentUrl":"https:\/\/szanyo.hu\/wp-content\/uploads\/2024\/04\/MiX-Oyster2.png"},{"@type":"BreadcrumbList","@id":"https:\/\/szanyo.hu\/en\/wireless-tracking\/#breadcrumb","itemListElement":[{"@type":"ListItem","position":1,"name":"Kezd\u0151lap","item":"https:\/\/szanyo.hu\/en\/home\/"},{"@type":"ListItem","position":2,"name":"Wireless tracking"}]},{"@type":"WebSite","@id":"https:\/\/szanyo.hu\/en\/#website","url":"https:\/\/szanyo.hu\/en\/","name":"Szany\u00f3 Vagyonkezel\u0151 Kft.","description":"Szany\u00f3 Mix and Property Managing","publisher":{"@id":"https:\/\/szanyo.hu\/en\/#organization"},"potentialAction":[{"@type":"SearchAction","target":{"@type":"EntryPoint","urlTemplate":"https:\/\/szanyo.hu\/en\/?s={search_term_string}"},"query-input":"required name=search_term_string"}],"inLanguage":"en-US"},{"@type":"Organization","@id":"https:\/\/szanyo.hu\/en\/#organization","name":"Szany\u00f3 Vagyonkezel\u0151 Kft.","url":"https:\/\/szanyo.hu\/en\/","logo":{"@type":"ImageObject","inLanguage":"en-US","@id":"https:\/\/szanyo.hu\/en\/#\/schema\/logo\/image\/","url":"https:\/\/szanyo.hu\/wp-content\/uploads\/2024\/03\/szanyo_logo_small.svg","contentUrl":"https:\/\/szanyo.hu\/wp-content\/uploads\/2024\/03\/szanyo_logo_small.svg","width":300,"height":87,"caption":"Szany\u00f3 Vagyonkezel\u0151 Kft."},"image":{"@id":"https:\/\/szanyo.hu\/en\/#\/schema\/logo\/image\/"}}]}},"amp_enabled":false,"_links":{"self":[{"href":"https:\/\/szanyo.hu\/en\/wp-json\/wp\/v2\/pages\/46275"}],"collection":[{"href":"https:\/\/szanyo.hu\/en\/wp-json\/wp\/v2\/pages"}],"about":[{"href":"https:\/\/szanyo.hu\/en\/wp-json\/wp\/v2\/types\/page"}],"author":[{"embeddable":true,"href":"https:\/\/szanyo.hu\/en\/wp-json\/wp\/v2\/users\/2"}],"replies":[{"embeddable":true,"href":"https:\/\/szanyo.hu\/en\/wp-json\/wp\/v2\/comments?post=46275"}],"version-history":[{"count":55,"href":"https:\/\/szanyo.hu\/en\/wp-json\/wp\/v2\/pages\/46275\/revisions"}],"predecessor-version":[{"id":48061,"href":"https:\/\/szanyo.hu\/en\/wp-json\/wp\/v2\/pages\/46275\/revisions\/48061"}],"wp:attachment":[{"href":"https:\/\/szanyo.hu\/en\/wp-json\/wp\/v2\/media?parent=46275"}],"curies":[{"name":"wp","href":"https:\/\/api.w.org\/{rel}","templated":true}]}}