{"id":46281,"date":"2024-03-14T09:24:15","date_gmt":"2024-03-14T09:24:15","guid":{"rendered":"https:\/\/szanyo.hu\/telepites\/"},"modified":"2024-05-02T15:30:44","modified_gmt":"2024-05-02T15:30:44","slug":"installation","status":"publish","type":"page","link":"https:\/\/szanyo.hu\/en\/installation\/","title":{"rendered":"Installation"},"content":{"rendered":"\t\t<div data-elementor-type=\"wp-page\" data-elementor-id=\"46281\" class=\"elementor elementor-46281 elementor-44083\" data-elementor-post-type=\"page\">\n\t\t\t\t<div class=\"elementor-element elementor-element-5815d590 e-con-full e-flex e-con e-parent\" data-id=\"5815d590\" data-element_type=\"container\" data-settings=\"{&quot;background_background&quot;:&quot;classic&quot;}\" data-core-v316-plus=\"true\">\n\t\t\t\t<div class=\"elementor-element elementor-element-55f2e8a1 elementor-widget elementor-widget-heading\" data-id=\"55f2e8a1\" data-element_type=\"widget\" data-widget_type=\"heading.default\">\n\t\t\t\t<div class=\"elementor-widget-container\">\n\t\t\t<style>\/*! elementor - v3.20.0 - 20-03-2024 *\/\n.elementor-heading-title{padding:0;margin:0;line-height:1}.elementor-widget-heading .elementor-heading-title[class*=elementor-size-]>a{color:inherit;font-size:inherit;line-height:inherit}.elementor-widget-heading .elementor-heading-title.elementor-size-small{font-size:15px}.elementor-widget-heading .elementor-heading-title.elementor-size-medium{font-size:19px}.elementor-widget-heading .elementor-heading-title.elementor-size-large{font-size:29px}.elementor-widget-heading .elementor-heading-title.elementor-size-xl{font-size:39px}.elementor-widget-heading .elementor-heading-title.elementor-size-xxl{font-size:59px}<\/style><h2 class=\"elementor-heading-title elementor-size-default\">Installation<\/h2>\t\t<\/div>\n\t\t\t\t<\/div>\n\t\t\t\t<div class=\"elementor-element elementor-element-33001fd6 elementor-mobile-align-center elementor-hidden-mobile elementor-widget elementor-widget-button\" data-id=\"33001fd6\" data-element_type=\"widget\" data-widget_type=\"button.default\">\n\t\t\t\t<div class=\"elementor-widget-container\">\n\t\t\t\t\t<div class=\"elementor-button-wrapper\">\n\t\t\t<a class=\"elementor-button elementor-button-link elementor-size-sm elementor-animation-grow\" href=\"https:\/\/szanyo.hu\/en\/contact-us\/\" target=\"_blank\">\n\t\t\t\t\t\t<span class=\"elementor-button-content-wrapper\">\n\t\t\t\t\t\t<span class=\"elementor-button-text\">Contact us<\/span>\n\t\t<\/span>\n\t\t\t\t\t<\/a>\n\t\t<\/div>\n\t\t\t\t<\/div>\n\t\t\t\t<\/div>\n\t\t\t\t<\/div>\n\t\t<div class=\"elementor-element elementor-element-7b0f719 e-flex e-con-boxed e-con e-parent\" data-id=\"7b0f719\" data-element_type=\"container\" data-core-v316-plus=\"true\">\n\t\t\t\t\t<div class=\"e-con-inner\">\n\t\t\t\t<div class=\"elementor-element elementor-element-646a84fa elementor-widget elementor-widget-text-editor\" data-id=\"646a84fa\" data-element_type=\"widget\" data-widget_type=\"text-editor.default\">\n\t\t\t\t<div class=\"elementor-widget-container\">\n\t\t\t<style>\/*! elementor - v3.20.0 - 20-03-2024 *\/\n.elementor-widget-text-editor.elementor-drop-cap-view-stacked .elementor-drop-cap{background-color:#69727d;color:#fff}.elementor-widget-text-editor.elementor-drop-cap-view-framed .elementor-drop-cap{color:#69727d;border:3px solid;background-color:transparent}.elementor-widget-text-editor:not(.elementor-drop-cap-view-default) .elementor-drop-cap{margin-top:8px}.elementor-widget-text-editor:not(.elementor-drop-cap-view-default) .elementor-drop-cap-letter{width:1em;height:1em}.elementor-widget-text-editor .elementor-drop-cap{float:left;text-align:center;line-height:1;font-size:50px}.elementor-widget-text-editor .elementor-drop-cap-letter{display:inline-block}<\/style>\t\t\t\t<p>We offer several different fleet management products, designed to work with anything from a typical commercial vehicle, to an electric vehicle and even a non powered asset. Some of these can be installed by yourself, but most of them due to its complexity need to be installed by a certified professional.<\/p>\t\t\t\t\t\t<\/div>\n\t\t\t\t<\/div>\n\t\t\t\t\t<\/div>\n\t\t\t\t<\/div>\n\t\t\t\t<\/div>\n\t\t","protected":false},"excerpt":{"rendered":"<p>Installation Contact us We offer several different fleet management products, designed to work with anything from a typical commercial vehicle, to an electric vehicle and even a non powered asset. Some of these can be installed by yourself, but most of them due to its complexity need to be installed by a certified professional.<\/p>\n","protected":false},"author":2,"featured_media":0,"parent":0,"menu_order":0,"comment_status":"closed","ping_status":"closed","template":"elementor_header_footer","meta":{"footnotes":""},"yoast_head":"<!-- This site is optimized with the Yoast SEO plugin v22.6 - https:\/\/yoast.com\/wordpress\/plugins\/seo\/ -->\n<title>Installation - Szany\u00f3 Property Managing<\/title>\n<meta name=\"description\" content=\"Szany\u00f3 Property Managing\" \/>\n<meta name=\"robots\" content=\"index, follow, max-snippet:-1, max-image-preview:large, max-video-preview:-1\" \/>\n<link rel=\"canonical\" href=\"https:\/\/szanyo.hu\/en\/installation\/\" \/>\n<meta property=\"og:locale\" content=\"en_US\" \/>\n<meta property=\"og:type\" content=\"article\" \/>\n<meta property=\"og:title\" content=\"Installation - Szany\u00f3 Property Managing\" \/>\n<meta property=\"og:description\" content=\"Szany\u00f3 Property Managing\" \/>\n<meta property=\"og:url\" content=\"https:\/\/szanyo.hu\/en\/installation\/\" \/>\n<meta property=\"og:site_name\" content=\"Szany\u00f3 Property Managing\" \/>\n<meta property=\"article:modified_time\" content=\"2024-05-02T15:30:44+00:00\" \/>\n<meta name=\"twitter:card\" content=\"summary_large_image\" \/>\n<meta name=\"twitter:label1\" content=\"Est. reading time\" \/>\n\t<meta name=\"twitter:data1\" content=\"1 minute\" \/>\n<script type=\"application\/ld+json\" class=\"yoast-schema-graph\">{\"@context\":\"https:\/\/schema.org\",\"@graph\":[{\"@type\":\"WebPage\",\"@id\":\"https:\/\/szanyo.hu\/en\/installation\/\",\"url\":\"https:\/\/szanyo.hu\/en\/installation\/\",\"name\":\"Installation - Szany\u00f3 Property Managing\",\"isPartOf\":{\"@id\":\"https:\/\/szanyo.hu\/en\/#website\"},\"datePublished\":\"2024-03-14T09:24:15+00:00\",\"dateModified\":\"2024-05-02T15:30:44+00:00\",\"description\":\"Szany\u00f3 Property Managing\",\"breadcrumb\":{\"@id\":\"https:\/\/szanyo.hu\/en\/installation\/#breadcrumb\"},\"inLanguage\":\"en-US\",\"potentialAction\":[{\"@type\":\"ReadAction\",\"target\":[\"https:\/\/szanyo.hu\/en\/installation\/\"]}]},{\"@type\":\"BreadcrumbList\",\"@id\":\"https:\/\/szanyo.hu\/en\/installation\/#breadcrumb\",\"itemListElement\":[{\"@type\":\"ListItem\",\"position\":1,\"name\":\"Kezd\u0151lap\",\"item\":\"https:\/\/szanyo.hu\/en\/home\/\"},{\"@type\":\"ListItem\",\"position\":2,\"name\":\"Installation\"}]},{\"@type\":\"WebSite\",\"@id\":\"https:\/\/szanyo.hu\/en\/#website\",\"url\":\"https:\/\/szanyo.hu\/en\/\",\"name\":\"Szany\u00f3 Vagyonkezel\u0151 Kft.\",\"description\":\"Szany\u00f3 Mix and Property Managing\",\"publisher\":{\"@id\":\"https:\/\/szanyo.hu\/en\/#organization\"},\"potentialAction\":[{\"@type\":\"SearchAction\",\"target\":{\"@type\":\"EntryPoint\",\"urlTemplate\":\"https:\/\/szanyo.hu\/en\/?s={search_term_string}\"},\"query-input\":\"required name=search_term_string\"}],\"inLanguage\":\"en-US\"},{\"@type\":\"Organization\",\"@id\":\"https:\/\/szanyo.hu\/en\/#organization\",\"name\":\"Szany\u00f3 Vagyonkezel\u0151 Kft.\",\"url\":\"https:\/\/szanyo.hu\/en\/\",\"logo\":{\"@type\":\"ImageObject\",\"inLanguage\":\"en-US\",\"@id\":\"https:\/\/szanyo.hu\/en\/#\/schema\/logo\/image\/\",\"url\":\"https:\/\/szanyo.hu\/wp-content\/uploads\/2024\/03\/szanyo_logo_small.svg\",\"contentUrl\":\"https:\/\/szanyo.hu\/wp-content\/uploads\/2024\/03\/szanyo_logo_small.svg\",\"width\":300,\"height\":87,\"caption\":\"Szany\u00f3 Vagyonkezel\u0151 Kft.\"},\"image\":{\"@id\":\"https:\/\/szanyo.hu\/en\/#\/schema\/logo\/image\/\"}}]}<\/script>\n<!-- \/ Yoast SEO plugin. -->","yoast_head_json":{"title":"Installation - Szany\u00f3 Property Managing","description":"Szany\u00f3 Property Managing","robots":{"index":"index","follow":"follow","max-snippet":"max-snippet:-1","max-image-preview":"max-image-preview:large","max-video-preview":"max-video-preview:-1"},"canonical":"https:\/\/szanyo.hu\/en\/installation\/","og_locale":"en_US","og_type":"article","og_title":"Installation - Szany\u00f3 Property Managing","og_description":"Szany\u00f3 Property Managing","og_url":"https:\/\/szanyo.hu\/en\/installation\/","og_site_name":"Szany\u00f3 Property Managing","article_modified_time":"2024-05-02T15:30:44+00:00","twitter_card":"summary_large_image","twitter_misc":{"Est. reading time":"1 minute"},"schema":{"@context":"https:\/\/schema.org","@graph":[{"@type":"WebPage","@id":"https:\/\/szanyo.hu\/en\/installation\/","url":"https:\/\/szanyo.hu\/en\/installation\/","name":"Installation - Szany\u00f3 Property Managing","isPartOf":{"@id":"https:\/\/szanyo.hu\/en\/#website"},"datePublished":"2024-03-14T09:24:15+00:00","dateModified":"2024-05-02T15:30:44+00:00","description":"Szany\u00f3 Property Managing","breadcrumb":{"@id":"https:\/\/szanyo.hu\/en\/installation\/#breadcrumb"},"inLanguage":"en-US","potentialAction":[{"@type":"ReadAction","target":["https:\/\/szanyo.hu\/en\/installation\/"]}]},{"@type":"BreadcrumbList","@id":"https:\/\/szanyo.hu\/en\/installation\/#breadcrumb","itemListElement":[{"@type":"ListItem","position":1,"name":"Kezd\u0151lap","item":"https:\/\/szanyo.hu\/en\/home\/"},{"@type":"ListItem","position":2,"name":"Installation"}]},{"@type":"WebSite","@id":"https:\/\/szanyo.hu\/en\/#website","url":"https:\/\/szanyo.hu\/en\/","name":"Szany\u00f3 Vagyonkezel\u0151 Kft.","description":"Szany\u00f3 Mix and Property Managing","publisher":{"@id":"https:\/\/szanyo.hu\/en\/#organization"},"potentialAction":[{"@type":"SearchAction","target":{"@type":"EntryPoint","urlTemplate":"https:\/\/szanyo.hu\/en\/?s={search_term_string}"},"query-input":"required name=search_term_string"}],"inLanguage":"en-US"},{"@type":"Organization","@id":"https:\/\/szanyo.hu\/en\/#organization","name":"Szany\u00f3 Vagyonkezel\u0151 Kft.","url":"https:\/\/szanyo.hu\/en\/","logo":{"@type":"ImageObject","inLanguage":"en-US","@id":"https:\/\/szanyo.hu\/en\/#\/schema\/logo\/image\/","url":"https:\/\/szanyo.hu\/wp-content\/uploads\/2024\/03\/szanyo_logo_small.svg","contentUrl":"https:\/\/szanyo.hu\/wp-content\/uploads\/2024\/03\/szanyo_logo_small.svg","width":300,"height":87,"caption":"Szany\u00f3 Vagyonkezel\u0151 Kft."},"image":{"@id":"https:\/\/szanyo.hu\/en\/#\/schema\/logo\/image\/"}}]}},"amp_enabled":false,"_links":{"self":[{"href":"https:\/\/szanyo.hu\/en\/wp-json\/wp\/v2\/pages\/46281"}],"collection":[{"href":"https:\/\/szanyo.hu\/en\/wp-json\/wp\/v2\/pages"}],"about":[{"href":"https:\/\/szanyo.hu\/en\/wp-json\/wp\/v2\/types\/page"}],"author":[{"embeddable":true,"href":"https:\/\/szanyo.hu\/en\/wp-json\/wp\/v2\/users\/2"}],"replies":[{"embeddable":true,"href":"https:\/\/szanyo.hu\/en\/wp-json\/wp\/v2\/comments?post=46281"}],"version-history":[{"count":14,"href":"https:\/\/szanyo.hu\/en\/wp-json\/wp\/v2\/pages\/46281\/revisions"}],"predecessor-version":[{"id":48112,"href":"https:\/\/szanyo.hu\/en\/wp-json\/wp\/v2\/pages\/46281\/revisions\/48112"}],"wp:attachment":[{"href":"https:\/\/szanyo.hu\/en\/wp-json\/wp\/v2\/media?parent=46281"}],"curies":[{"name":"wp","href":"https:\/\/api.w.org\/{rel}","templated":true}]}}