{"id":46285,"date":"2024-03-14T09:22:50","date_gmt":"2024-03-14T09:22:50","guid":{"rendered":"https:\/\/szanyo.hu\/jarmu-es-jarmuvezeto-kovetes\/"},"modified":"2024-05-02T15:28:36","modified_gmt":"2024-05-02T15:28:36","slug":"vehicle-and-driver-tracking","status":"publish","type":"page","link":"https:\/\/szanyo.hu\/en\/vehicle-and-driver-tracking\/","title":{"rendered":"Vehicle and driver tracking"},"content":{"rendered":"\t\t<div data-elementor-type=\"wp-page\" data-elementor-id=\"46285\" class=\"elementor elementor-46285 elementor-44073\" data-elementor-post-type=\"page\">\n\t\t\t\t<div class=\"elementor-element elementor-element-7cc3c556 e-con-full e-grid e-con e-parent\" data-id=\"7cc3c556\" data-element_type=\"container\" data-settings=\"{&quot;background_background&quot;:&quot;classic&quot;}\" data-core-v316-plus=\"true\">\n\t\t<div class=\"elementor-element elementor-element-b29660b e-grid e-con-boxed e-con e-child\" data-id=\"b29660b\" data-element_type=\"container\">\n\t\t\t\t\t<div class=\"e-con-inner\">\n\t\t\t\t<div class=\"elementor-element elementor-element-4068027a elementor-widget elementor-widget-heading\" data-id=\"4068027a\" data-element_type=\"widget\" data-widget_type=\"heading.default\">\n\t\t\t\t<div class=\"elementor-widget-container\">\n\t\t\t<style>\/*! elementor - v3.20.0 - 20-03-2024 *\/\n.elementor-heading-title{padding:0;margin:0;line-height:1}.elementor-widget-heading .elementor-heading-title[class*=elementor-size-]>a{color:inherit;font-size:inherit;line-height:inherit}.elementor-widget-heading .elementor-heading-title.elementor-size-small{font-size:15px}.elementor-widget-heading .elementor-heading-title.elementor-size-medium{font-size:19px}.elementor-widget-heading .elementor-heading-title.elementor-size-large{font-size:29px}.elementor-widget-heading .elementor-heading-title.elementor-size-xl{font-size:39px}.elementor-widget-heading .elementor-heading-title.elementor-size-xxl{font-size:59px}<\/style><h2 class=\"elementor-heading-title elementor-size-default\">VEHICLE AND DRIVER TRACKING<\/h2>\t\t<\/div>\n\t\t\t\t<\/div>\n\t\t\t\t<div class=\"elementor-element elementor-element-6f0a1b11 elementor-mobile-align-center elementor-widget elementor-widget-button\" data-id=\"6f0a1b11\" data-element_type=\"widget\" data-widget_type=\"button.default\">\n\t\t\t\t<div class=\"elementor-widget-container\">\n\t\t\t\t\t<div class=\"elementor-button-wrapper\">\n\t\t\t<a class=\"elementor-button elementor-button-link elementor-size-sm elementor-animation-grow\" href=\"https:\/\/szanyo.hu\/en\/contact-us\/\" target=\"_blank\">\n\t\t\t\t\t\t<span class=\"elementor-button-content-wrapper\">\n\t\t\t\t\t\t<span class=\"elementor-button-text\">Contact us<\/span>\n\t\t<\/span>\n\t\t\t\t\t<\/a>\n\t\t<\/div>\n\t\t\t\t<\/div>\n\t\t\t\t<\/div>\n\t\t\t\t\t<\/div>\n\t\t\t\t<\/div>\n\t\t<div class=\"elementor-element elementor-element-d0ec52c e-grid e-con-boxed e-con e-child\" data-id=\"d0ec52c\" data-element_type=\"container\" data-settings=\"{&quot;background_background&quot;:&quot;classic&quot;}\">\n\t\t\t\t\t<div class=\"e-con-inner\">\n\t\t\t\t<div class=\"elementor-element elementor-element-6b75a36 elementor-widget elementor-widget-rs-video\" data-id=\"6b75a36\" data-element_type=\"widget\" data-widget_type=\"rs-video.default\">\n\t\t\t\t<div class=\"elementor-widget-container\">\n\t\t\t  \t\t<div class=\"rs-video video-item-1511 center style1\" >\r\n\r\n\r\n   \t\t\t\t\t\r\n  \t\t\t\t\t\t<div class=\"overly-border\">\r\n\t\t\t\t\t\t    <a class=\"popup-videos\" href=\"https:\/\/szanyo.hu\/wp-content\/uploads\/2024\/03\/GPS-Tracking-New-LP.m4v\">\r\n\t\t\t\t\t\t\t\t<i class=\"fa fa-play\"><\/i>\r\n\t\t\t\t\t\t\t<\/a>\r\n\t\t\t\t\t\t<\/div>\r\n\r\n\t\t\t\t    \r\n\t\t\t\t\r\n\t\t\t\t  \r\n\t\t\t\t    \r\n\t\t\t<\/div>\t\r\n\r\n\r\n\t\t<script type=\"text\/javascript\">\t\t\t\r\n\t\t\tjQuery(document).ready(function(){\r\n\t\t\t\tjQuery('.popup-videos').magnificPopup({\r\n\t\t\t        disableOn: 10,\r\n\t\t\t        type: 'iframe',\r\n\t\t\t        mainClass: 'mfp-fade',\r\n\t\t\t        removalDelay: 160,\r\n\t\t\t        preloader: false,\r\n\r\n\t\t\t        fixedContentPos: false\r\n\t\t\t    }); \r\n\t\t\t});\r\n\t\t<\/script>\r\n    \r\n\t\t<\/div>\n\t\t\t\t<\/div>\n\t\t\t\t\t<\/div>\n\t\t\t\t<\/div>\n\t\t\t\t<\/div>\n\t\t<div class=\"elementor-element elementor-element-ae29929 e-con-full e-flex e-con e-parent\" data-id=\"ae29929\" data-element_type=\"container\" data-core-v316-plus=\"true\">\n\t\t\t\t<div class=\"elementor-element elementor-element-f93d30f elementor-widget elementor-widget-text-editor\" data-id=\"f93d30f\" data-element_type=\"widget\" data-widget_type=\"text-editor.default\">\n\t\t\t\t<div class=\"elementor-widget-container\">\n\t\t\t<style>\/*! elementor - v3.20.0 - 20-03-2024 *\/\n.elementor-widget-text-editor.elementor-drop-cap-view-stacked .elementor-drop-cap{background-color:#69727d;color:#fff}.elementor-widget-text-editor.elementor-drop-cap-view-framed .elementor-drop-cap{color:#69727d;border:3px solid;background-color:transparent}.elementor-widget-text-editor:not(.elementor-drop-cap-view-default) .elementor-drop-cap{margin-top:8px}.elementor-widget-text-editor:not(.elementor-drop-cap-view-default) .elementor-drop-cap-letter{width:1em;height:1em}.elementor-widget-text-editor .elementor-drop-cap{float:left;text-align:center;line-height:1;font-size:50px}.elementor-widget-text-editor .elementor-drop-cap-letter{display:inline-block}<\/style>\t\t\t\t<p><strong>Real-time monitoring of your drivers and vehicles<\/strong><\/p>\t\t\t\t\t\t<\/div>\n\t\t\t\t<\/div>\n\t\t\t\t<div class=\"elementor-element elementor-element-7f85af5 elementor-widget__width-inherit elementor-widget elementor-widget-text-editor\" data-id=\"7f85af5\" data-element_type=\"widget\" data-widget_type=\"text-editor.default\">\n\t\t\t\t<div class=\"elementor-widget-container\">\n\t\t\t\t\t\t\t<p>Get full visibility of all fleet activities with hardware that monitors movements on a map in both real-time and historically. Gain access to advanced vehicle and driver data by simply logging on to an easy-to-navigate online platform &#8211; via your laptop or phone.<\/p><p>View detailed, customisable reports on crucial fleet data including asset utilisation, driving hours, driving events (including speeding and idling), fuel consumption, maintenance, licensing and much more.<\/p>\t\t\t\t\t\t<\/div>\n\t\t\t\t<\/div>\n\t\t\t\t<\/div>\n\t\t<div class=\"elementor-element elementor-element-add9209 e-flex e-con-boxed e-con e-parent\" data-id=\"add9209\" data-element_type=\"container\" data-settings=\"{&quot;background_background&quot;:&quot;classic&quot;}\" data-core-v316-plus=\"true\">\n\t\t\t\t\t<div class=\"e-con-inner\">\n\t\t\t\t<div class=\"elementor-element elementor-element-7333e80 elementor-widget elementor-widget-heading\" data-id=\"7333e80\" data-element_type=\"widget\" data-widget_type=\"heading.default\">\n\t\t\t\t<div class=\"elementor-widget-container\">\n\t\t\t<h2 class=\"elementor-heading-title elementor-size-default\">MIX PLUG AND PLAY (OBDII)<\/h2>\t\t<\/div>\n\t\t\t\t<\/div>\n\t\t\t\t\t<\/div>\n\t\t\t\t<\/div>\n\t\t<div class=\"elementor-element elementor-element-ae28d16 e-grid e-con-full e-con e-parent\" data-id=\"ae28d16\" data-element_type=\"container\" data-settings=\"{&quot;background_background&quot;:&quot;classic&quot;}\" data-core-v316-plus=\"true\">\n\t\t\t\t<div class=\"elementor-element elementor-element-4b6a5ed2 elementor-widget__width-inherit elementor-widget elementor-widget-image\" data-id=\"4b6a5ed2\" data-element_type=\"widget\" data-widget_type=\"image.default\">\n\t\t\t\t<div class=\"elementor-widget-container\">\n\t\t\t<style>\/*! elementor - v3.20.0 - 20-03-2024 *\/\n.elementor-widget-image{text-align:center}.elementor-widget-image a{display:inline-block}.elementor-widget-image a img[src$=\".svg\"]{width:48px}.elementor-widget-image img{vertical-align:middle;display:inline-block}<\/style>\t\t\t\t\t\t\t\t\t\t<img fetchpriority=\"high\" decoding=\"async\" width=\"450\" height=\"385\" src=\"https:\/\/szanyo.hu\/wp-content\/uploads\/2024\/03\/plug-play-c3981b4c.png\" class=\"attachment-full size-full wp-image-44663\" alt=\"\" srcset=\"https:\/\/szanyo.hu\/wp-content\/uploads\/2024\/03\/plug-play-c3981b4c.png 450w, https:\/\/szanyo.hu\/wp-content\/uploads\/2024\/03\/plug-play-c3981b4c-300x257.png 300w, https:\/\/szanyo.hu\/wp-content\/uploads\/2024\/03\/plug-play-c3981b4c-80x68.png 80w\" sizes=\"(max-width: 450px) 100vw, 450px\" \/>\t\t\t\t\t\t\t\t\t\t\t\t\t<\/div>\n\t\t\t\t<\/div>\n\t\t\t\t<div class=\"elementor-element elementor-element-24ccf1c0 elementor-widget elementor-widget-text-editor\" data-id=\"24ccf1c0\" data-element_type=\"widget\" data-widget_type=\"text-editor.default\">\n\t\t\t\t<div class=\"elementor-widget-container\">\n\t\t\t\t\t\t\t<p>An easy-to-use plug \u2018n play device that you can self-install. Track fleet activities and get daily notifications about fleet performance to manage trips, lower fuel costs, monitor driver behaviour and more.<\/p>\n<p>Connect device to OBDII port with easy installation \u2022 One flat subscription fee \u2022 No installation cost<\/p>\n\t\t\t\t\t\t<\/div>\n\t\t\t\t<\/div>\n\t\t<div class=\"elementor-element elementor-element-fa25db2 e-grid e-con-boxed e-con e-child\" data-id=\"fa25db2\" data-element_type=\"container\">\n\t\t\t\t\t<div class=\"e-con-inner\">\n\t\t\t\t<div class=\"elementor-element elementor-element-aebd732 elementor-widget__width-auto elementor-widget elementor-widget-text-editor\" data-id=\"aebd732\" data-element_type=\"widget\" data-widget_type=\"text-editor.default\">\n\t\t\t\t<div class=\"elementor-widget-container\">\n\t\t\t\t\t\t\t<p>\n            <strong>SELF-INSTALL FLEET MANAGEMENT. MADE EASY<\/strong>\n          <\/p>\n\t\t\t\t\t\t<\/div>\n\t\t\t\t<\/div>\n\t\t\t\t<div class=\"elementor-element elementor-element-fb8d2ad elementor-widget elementor-widget-text-editor\" data-id=\"fb8d2ad\" data-element_type=\"widget\" data-widget_type=\"text-editor.default\">\n\t\t\t\t<div class=\"elementor-widget-container\">\n\t\t\t\t\t\t\t<p>\n            <strong>Features<\/strong>\n          <\/p>\n<ul>\n<li>Easy self-installation<\/li>\n<li>See driving events<\/li>\n<li>Trip distance and duration<\/li>\n<li>Location visits<\/li>\n<li>Location duration<\/li>\n<li>Live tracking<\/li>\n<li>Alerts and notifications<\/li>\n<li>Tamper alerts<\/li>\n<\/ul>\n\t\t\t\t\t\t<\/div>\n\t\t\t\t<\/div>\n\t\t\t\t\t<\/div>\n\t\t\t\t<\/div>\n\t\t\t\t<\/div>\n\t\t<div class=\"elementor-element elementor-element-9aa5ff9 e-flex e-con-boxed e-con e-parent\" data-id=\"9aa5ff9\" data-element_type=\"container\" data-settings=\"{&quot;background_background&quot;:&quot;classic&quot;}\" data-core-v316-plus=\"true\">\n\t\t\t\t\t<div class=\"e-con-inner\">\n\t\t\t\t<div class=\"elementor-element elementor-element-6e05101 elementor-widget elementor-widget-heading\" data-id=\"6e05101\" data-element_type=\"widget\" data-widget_type=\"heading.default\">\n\t\t\t\t<div class=\"elementor-widget-container\">\n\t\t\t<h2 class=\"elementor-heading-title elementor-size-default\">MIX MOBILE<\/h2>\t\t<\/div>\n\t\t\t\t<\/div>\n\t\t\t\t\t<\/div>\n\t\t\t\t<\/div>\n\t\t<div class=\"elementor-element elementor-element-3250409 e-grid e-con-full e-con e-parent\" data-id=\"3250409\" data-element_type=\"container\" data-settings=\"{&quot;background_background&quot;:&quot;classic&quot;}\" data-core-v316-plus=\"true\">\n\t\t<div class=\"elementor-element elementor-element-d2eaeb1 e-grid e-con-boxed e-con e-child\" data-id=\"d2eaeb1\" data-element_type=\"container\">\n\t\t\t\t\t<div class=\"e-con-inner\">\n\t\t\t\t<div class=\"elementor-element elementor-element-5abfca9 elementor-widget elementor-widget-text-editor\" data-id=\"5abfca9\" data-element_type=\"widget\" data-widget_type=\"text-editor.default\">\n\t\t\t\t<div class=\"elementor-widget-container\">\n\t\t\t\t\t\t\t<p>Track, protect and review your vehicles and drivers via your mobile device , ideal for people on the move.<\/p><p>MiX Mobile is designed to accommodate the full range of MiX by Powerfleet\u2019s fleet management products, making key fleet status updates available at your fingertips. Now tracking your vehicles is easier than ever.<\/p>\t\t\t\t\t\t<\/div>\n\t\t\t\t<\/div>\n\t\t\t\t\t<\/div>\n\t\t\t\t<\/div>\n\t\t\t\t<div class=\"elementor-element elementor-element-692e381 elementor-widget__width-inherit elementor-widget elementor-widget-image\" data-id=\"692e381\" data-element_type=\"widget\" data-widget_type=\"image.default\">\n\t\t\t\t<div class=\"elementor-widget-container\">\n\t\t\t\t\t\t\t\t\t\t\t\t\t<img decoding=\"async\" width=\"450\" height=\"370\" src=\"https:\/\/szanyo.hu\/wp-content\/uploads\/2024\/03\/mix-mobile-img-d2595267.png\" class=\"attachment-full size-full wp-image-44677\" alt=\"\" srcset=\"https:\/\/szanyo.hu\/wp-content\/uploads\/2024\/03\/mix-mobile-img-d2595267.png 450w, https:\/\/szanyo.hu\/wp-content\/uploads\/2024\/03\/mix-mobile-img-d2595267-300x247.png 300w\" sizes=\"(max-width: 450px) 100vw, 450px\" \/>\t\t\t\t\t\t\t\t\t\t\t\t\t<\/div>\n\t\t\t\t<\/div>\n\t\t\t\t<\/div>\n\t\t<div class=\"elementor-element elementor-element-0ada1f5 e-flex e-con-boxed e-con e-parent\" data-id=\"0ada1f5\" data-element_type=\"container\" data-core-v316-plus=\"true\">\n\t\t\t\t\t<div class=\"e-con-inner\">\n\t\t\t\t<div class=\"elementor-element elementor-element-e804677 elementor-widget elementor-widget-text-editor\" data-id=\"e804677\" data-element_type=\"widget\" data-widget_type=\"text-editor.default\">\n\t\t\t\t<div class=\"elementor-widget-container\">\n\t\t\t\t\t\t\t<ul>\n<li>Vehicle Status: Track your vehicles\u2019 location, activity and speed on-the-go<\/li>\n<li>Mapping for every need: Zoom in and out on maps that include street, satellite and hybrid views<\/li>\n<li>Historical Tracking: Historical trip information is available<\/li>\n<li>Multiple Languages: Available in English, French, Dutch, Italian, Spanish, German, Brazilian Portuguese, and Original\/Simplified Chinese<\/li>\n<\/ul>\n\t\t\t\t\t\t<\/div>\n\t\t\t\t<\/div>\n\t\t\t\t\t<\/div>\n\t\t\t\t<\/div>\n\t\t\t\t<\/div>\n\t\t","protected":false},"excerpt":{"rendered":"<p>VEHICLE AND DRIVER TRACKING Contact us Real-time monitoring of your drivers and vehicles Get full visibility of all fleet activities with hardware that monitors movements on a map in both real-time and historically. Gain access to advanced vehicle and driver data by simply logging on to an easy-to-navigate online platform &#8211; via your laptop or&#8230;<\/p>\n","protected":false},"author":2,"featured_media":0,"parent":0,"menu_order":0,"comment_status":"closed","ping_status":"closed","template":"elementor_header_footer","meta":{"footnotes":""},"yoast_head":"<!-- This site is optimized with the Yoast SEO plugin v22.6 - https:\/\/yoast.com\/wordpress\/plugins\/seo\/ -->\n<title>Vehicle and driver tracking - Szany\u00f3 Property Managing<\/title>\n<meta name=\"description\" content=\"Szany\u00f3 Property Managing\" \/>\n<meta name=\"robots\" content=\"index, follow, max-snippet:-1, max-image-preview:large, max-video-preview:-1\" \/>\n<link rel=\"canonical\" href=\"https:\/\/szanyo.hu\/en\/vehicle-and-driver-tracking\/\" \/>\n<meta property=\"og:locale\" content=\"en_US\" \/>\n<meta property=\"og:type\" content=\"article\" \/>\n<meta property=\"og:title\" content=\"Vehicle and driver tracking - Szany\u00f3 Property Managing\" \/>\n<meta property=\"og:description\" content=\"Szany\u00f3 Property Managing\" \/>\n<meta property=\"og:url\" content=\"https:\/\/szanyo.hu\/en\/vehicle-and-driver-tracking\/\" \/>\n<meta property=\"og:site_name\" content=\"Szany\u00f3 Property Managing\" \/>\n<meta property=\"article:modified_time\" content=\"2024-05-02T15:28:36+00:00\" \/>\n<meta property=\"og:image\" content=\"https:\/\/szanyo.hu\/wp-content\/uploads\/2024\/03\/plug-play-c3981b4c.png\" \/>\n<meta name=\"twitter:card\" content=\"summary_large_image\" \/>\n<meta name=\"twitter:label1\" content=\"Est. reading time\" \/>\n\t<meta name=\"twitter:data1\" content=\"2 minutes\" \/>\n<script type=\"application\/ld+json\" class=\"yoast-schema-graph\">{\"@context\":\"https:\/\/schema.org\",\"@graph\":[{\"@type\":\"WebPage\",\"@id\":\"https:\/\/szanyo.hu\/en\/vehicle-and-driver-tracking\/\",\"url\":\"https:\/\/szanyo.hu\/en\/vehicle-and-driver-tracking\/\",\"name\":\"Vehicle and driver tracking - Szany\u00f3 Property Managing\",\"isPartOf\":{\"@id\":\"https:\/\/szanyo.hu\/en\/#website\"},\"primaryImageOfPage\":{\"@id\":\"https:\/\/szanyo.hu\/en\/vehicle-and-driver-tracking\/#primaryimage\"},\"image\":{\"@id\":\"https:\/\/szanyo.hu\/en\/vehicle-and-driver-tracking\/#primaryimage\"},\"thumbnailUrl\":\"https:\/\/szanyo.hu\/wp-content\/uploads\/2024\/03\/plug-play-c3981b4c.png\",\"datePublished\":\"2024-03-14T09:22:50+00:00\",\"dateModified\":\"2024-05-02T15:28:36+00:00\",\"description\":\"Szany\u00f3 Property Managing\",\"breadcrumb\":{\"@id\":\"https:\/\/szanyo.hu\/en\/vehicle-and-driver-tracking\/#breadcrumb\"},\"inLanguage\":\"en-US\",\"potentialAction\":[{\"@type\":\"ReadAction\",\"target\":[\"https:\/\/szanyo.hu\/en\/vehicle-and-driver-tracking\/\"]}]},{\"@type\":\"ImageObject\",\"inLanguage\":\"en-US\",\"@id\":\"https:\/\/szanyo.hu\/en\/vehicle-and-driver-tracking\/#primaryimage\",\"url\":\"https:\/\/szanyo.hu\/wp-content\/uploads\/2024\/03\/plug-play-c3981b4c.png\",\"contentUrl\":\"https:\/\/szanyo.hu\/wp-content\/uploads\/2024\/03\/plug-play-c3981b4c.png\"},{\"@type\":\"BreadcrumbList\",\"@id\":\"https:\/\/szanyo.hu\/en\/vehicle-and-driver-tracking\/#breadcrumb\",\"itemListElement\":[{\"@type\":\"ListItem\",\"position\":1,\"name\":\"Kezd\u0151lap\",\"item\":\"https:\/\/szanyo.hu\/en\/home\/\"},{\"@type\":\"ListItem\",\"position\":2,\"name\":\"Vehicle and driver tracking\"}]},{\"@type\":\"WebSite\",\"@id\":\"https:\/\/szanyo.hu\/en\/#website\",\"url\":\"https:\/\/szanyo.hu\/en\/\",\"name\":\"Szany\u00f3 Vagyonkezel\u0151 Kft.\",\"description\":\"Szany\u00f3 Mix and Property Managing\",\"publisher\":{\"@id\":\"https:\/\/szanyo.hu\/en\/#organization\"},\"potentialAction\":[{\"@type\":\"SearchAction\",\"target\":{\"@type\":\"EntryPoint\",\"urlTemplate\":\"https:\/\/szanyo.hu\/en\/?s={search_term_string}\"},\"query-input\":\"required name=search_term_string\"}],\"inLanguage\":\"en-US\"},{\"@type\":\"Organization\",\"@id\":\"https:\/\/szanyo.hu\/en\/#organization\",\"name\":\"Szany\u00f3 Vagyonkezel\u0151 Kft.\",\"url\":\"https:\/\/szanyo.hu\/en\/\",\"logo\":{\"@type\":\"ImageObject\",\"inLanguage\":\"en-US\",\"@id\":\"https:\/\/szanyo.hu\/en\/#\/schema\/logo\/image\/\",\"url\":\"https:\/\/szanyo.hu\/wp-content\/uploads\/2024\/03\/szanyo_logo_small.svg\",\"contentUrl\":\"https:\/\/szanyo.hu\/wp-content\/uploads\/2024\/03\/szanyo_logo_small.svg\",\"width\":300,\"height\":87,\"caption\":\"Szany\u00f3 Vagyonkezel\u0151 Kft.\"},\"image\":{\"@id\":\"https:\/\/szanyo.hu\/en\/#\/schema\/logo\/image\/\"}}]}<\/script>\n<!-- \/ Yoast SEO plugin. -->","yoast_head_json":{"title":"Vehicle and driver tracking - Szany\u00f3 Property Managing","description":"Szany\u00f3 Property Managing","robots":{"index":"index","follow":"follow","max-snippet":"max-snippet:-1","max-image-preview":"max-image-preview:large","max-video-preview":"max-video-preview:-1"},"canonical":"https:\/\/szanyo.hu\/en\/vehicle-and-driver-tracking\/","og_locale":"en_US","og_type":"article","og_title":"Vehicle and driver tracking - Szany\u00f3 Property Managing","og_description":"Szany\u00f3 Property Managing","og_url":"https:\/\/szanyo.hu\/en\/vehicle-and-driver-tracking\/","og_site_name":"Szany\u00f3 Property Managing","article_modified_time":"2024-05-02T15:28:36+00:00","og_image":[{"url":"https:\/\/szanyo.hu\/wp-content\/uploads\/2024\/03\/plug-play-c3981b4c.png"}],"twitter_card":"summary_large_image","twitter_misc":{"Est. reading time":"2 minutes"},"schema":{"@context":"https:\/\/schema.org","@graph":[{"@type":"WebPage","@id":"https:\/\/szanyo.hu\/en\/vehicle-and-driver-tracking\/","url":"https:\/\/szanyo.hu\/en\/vehicle-and-driver-tracking\/","name":"Vehicle and driver tracking - Szany\u00f3 Property Managing","isPartOf":{"@id":"https:\/\/szanyo.hu\/en\/#website"},"primaryImageOfPage":{"@id":"https:\/\/szanyo.hu\/en\/vehicle-and-driver-tracking\/#primaryimage"},"image":{"@id":"https:\/\/szanyo.hu\/en\/vehicle-and-driver-tracking\/#primaryimage"},"thumbnailUrl":"https:\/\/szanyo.hu\/wp-content\/uploads\/2024\/03\/plug-play-c3981b4c.png","datePublished":"2024-03-14T09:22:50+00:00","dateModified":"2024-05-02T15:28:36+00:00","description":"Szany\u00f3 Property Managing","breadcrumb":{"@id":"https:\/\/szanyo.hu\/en\/vehicle-and-driver-tracking\/#breadcrumb"},"inLanguage":"en-US","potentialAction":[{"@type":"ReadAction","target":["https:\/\/szanyo.hu\/en\/vehicle-and-driver-tracking\/"]}]},{"@type":"ImageObject","inLanguage":"en-US","@id":"https:\/\/szanyo.hu\/en\/vehicle-and-driver-tracking\/#primaryimage","url":"https:\/\/szanyo.hu\/wp-content\/uploads\/2024\/03\/plug-play-c3981b4c.png","contentUrl":"https:\/\/szanyo.hu\/wp-content\/uploads\/2024\/03\/plug-play-c3981b4c.png"},{"@type":"BreadcrumbList","@id":"https:\/\/szanyo.hu\/en\/vehicle-and-driver-tracking\/#breadcrumb","itemListElement":[{"@type":"ListItem","position":1,"name":"Kezd\u0151lap","item":"https:\/\/szanyo.hu\/en\/home\/"},{"@type":"ListItem","position":2,"name":"Vehicle and driver tracking"}]},{"@type":"WebSite","@id":"https:\/\/szanyo.hu\/en\/#website","url":"https:\/\/szanyo.hu\/en\/","name":"Szany\u00f3 Vagyonkezel\u0151 Kft.","description":"Szany\u00f3 Mix and Property Managing","publisher":{"@id":"https:\/\/szanyo.hu\/en\/#organization"},"potentialAction":[{"@type":"SearchAction","target":{"@type":"EntryPoint","urlTemplate":"https:\/\/szanyo.hu\/en\/?s={search_term_string}"},"query-input":"required name=search_term_string"}],"inLanguage":"en-US"},{"@type":"Organization","@id":"https:\/\/szanyo.hu\/en\/#organization","name":"Szany\u00f3 Vagyonkezel\u0151 Kft.","url":"https:\/\/szanyo.hu\/en\/","logo":{"@type":"ImageObject","inLanguage":"en-US","@id":"https:\/\/szanyo.hu\/en\/#\/schema\/logo\/image\/","url":"https:\/\/szanyo.hu\/wp-content\/uploads\/2024\/03\/szanyo_logo_small.svg","contentUrl":"https:\/\/szanyo.hu\/wp-content\/uploads\/2024\/03\/szanyo_logo_small.svg","width":300,"height":87,"caption":"Szany\u00f3 Vagyonkezel\u0151 Kft."},"image":{"@id":"https:\/\/szanyo.hu\/en\/#\/schema\/logo\/image\/"}}]}},"amp_enabled":false,"_links":{"self":[{"href":"https:\/\/szanyo.hu\/en\/wp-json\/wp\/v2\/pages\/46285"}],"collection":[{"href":"https:\/\/szanyo.hu\/en\/wp-json\/wp\/v2\/pages"}],"about":[{"href":"https:\/\/szanyo.hu\/en\/wp-json\/wp\/v2\/types\/page"}],"author":[{"embeddable":true,"href":"https:\/\/szanyo.hu\/en\/wp-json\/wp\/v2\/users\/2"}],"replies":[{"embeddable":true,"href":"https:\/\/szanyo.hu\/en\/wp-json\/wp\/v2\/comments?post=46285"}],"version-history":[{"count":86,"href":"https:\/\/szanyo.hu\/en\/wp-json\/wp\/v2\/pages\/46285\/revisions"}],"predecessor-version":[{"id":48106,"href":"https:\/\/szanyo.hu\/en\/wp-json\/wp\/v2\/pages\/46285\/revisions\/48106"}],"wp:attachment":[{"href":"https:\/\/szanyo.hu\/en\/wp-json\/wp\/v2\/media?parent=46285"}],"curies":[{"name":"wp","href":"https:\/\/api.w.org\/{rel}","templated":true}]}}