{"id":46289,"date":"2024-03-14T09:20:46","date_gmt":"2024-03-14T09:20:46","guid":{"rendered":"https:\/\/szanyo.hu\/vedelem\/"},"modified":"2024-05-02T15:22:18","modified_gmt":"2024-05-02T15:22:18","slug":"security","status":"publish","type":"page","link":"https:\/\/szanyo.hu\/en\/security\/","title":{"rendered":"Security"},"content":{"rendered":"\t\t<div data-elementor-type=\"wp-page\" data-elementor-id=\"46289\" class=\"elementor elementor-46289 elementor-44064\" data-elementor-post-type=\"page\">\n\t\t\t\t<div class=\"elementor-element elementor-element-657f2ff7 e-con-full e-flex e-con e-parent\" data-id=\"657f2ff7\" data-element_type=\"container\" data-settings=\"{&quot;background_background&quot;:&quot;classic&quot;}\" data-core-v316-plus=\"true\">\n\t\t\t\t<div class=\"elementor-element elementor-element-4123a67a elementor-widget elementor-widget-heading\" data-id=\"4123a67a\" data-element_type=\"widget\" data-widget_type=\"heading.default\">\n\t\t\t\t<div class=\"elementor-widget-container\">\n\t\t\t<style>\/*! elementor - v3.20.0 - 20-03-2024 *\/\n.elementor-heading-title{padding:0;margin:0;line-height:1}.elementor-widget-heading .elementor-heading-title[class*=elementor-size-]>a{color:inherit;font-size:inherit;line-height:inherit}.elementor-widget-heading .elementor-heading-title.elementor-size-small{font-size:15px}.elementor-widget-heading .elementor-heading-title.elementor-size-medium{font-size:19px}.elementor-widget-heading .elementor-heading-title.elementor-size-large{font-size:29px}.elementor-widget-heading .elementor-heading-title.elementor-size-xl{font-size:39px}.elementor-widget-heading .elementor-heading-title.elementor-size-xxl{font-size:59px}<\/style><h2 class=\"elementor-heading-title elementor-size-default\">SECURITY<\/h2>\t\t<\/div>\n\t\t\t\t<\/div>\n\t\t\t\t<div class=\"elementor-element elementor-element-3f73b2ab elementor-mobile-align-center elementor-hidden-mobile elementor-widget elementor-widget-button\" data-id=\"3f73b2ab\" data-element_type=\"widget\" data-widget_type=\"button.default\">\n\t\t\t\t<div class=\"elementor-widget-container\">\n\t\t\t\t\t<div class=\"elementor-button-wrapper\">\n\t\t\t<a class=\"elementor-button elementor-button-link elementor-size-sm elementor-animation-grow\" href=\"https:\/\/szanyo.hu\/en\/contact-us\/\" target=\"_blank\">\n\t\t\t\t\t\t<span class=\"elementor-button-content-wrapper\">\n\t\t\t\t\t\t<span class=\"elementor-button-text\">Contact us<\/span>\n\t\t<\/span>\n\t\t\t\t\t<\/a>\n\t\t<\/div>\n\t\t\t\t<\/div>\n\t\t\t\t<\/div>\n\t\t\t\t<\/div>\n\t\t<div class=\"elementor-element elementor-element-6d4dc5f2 e-con-full e-flex e-con e-parent\" data-id=\"6d4dc5f2\" data-element_type=\"container\" data-core-v316-plus=\"true\">\n\t\t\t\t<div class=\"elementor-element elementor-element-741f4178 elementor-widget elementor-widget-heading\" data-id=\"741f4178\" data-element_type=\"widget\" data-widget_type=\"heading.default\">\n\t\t\t\t<div class=\"elementor-widget-container\">\n\t\t\t<h2 class=\"elementor-heading-title elementor-size-default\">INCREASE YOUR FLEET\u2019S SECURITY AND REDUCE RISK<\/h2>\t\t<\/div>\n\t\t\t\t<\/div>\n\t\t\t\t<div class=\"elementor-element elementor-element-59effeb0 elementor-widget elementor-widget-text-editor\" data-id=\"59effeb0\" data-element_type=\"widget\" data-widget_type=\"text-editor.default\">\n\t\t\t\t<div class=\"elementor-widget-container\">\n\t\t\t<style>\/*! elementor - v3.20.0 - 20-03-2024 *\/\n.elementor-widget-text-editor.elementor-drop-cap-view-stacked .elementor-drop-cap{background-color:#69727d;color:#fff}.elementor-widget-text-editor.elementor-drop-cap-view-framed .elementor-drop-cap{color:#69727d;border:3px solid;background-color:transparent}.elementor-widget-text-editor:not(.elementor-drop-cap-view-default) .elementor-drop-cap{margin-top:8px}.elementor-widget-text-editor:not(.elementor-drop-cap-view-default) .elementor-drop-cap-letter{width:1em;height:1em}.elementor-widget-text-editor .elementor-drop-cap{float:left;text-align:center;line-height:1;font-size:50px}.elementor-widget-text-editor .elementor-drop-cap-letter{display:inline-block}<\/style>\t\t\t\t<p>Protect your vehicles, equipment and cargo from theft, vandalism, and damage through security-driven telematics solutions.<\/p>\n\t\t\t\t\t\t<\/div>\n\t\t\t\t<\/div>\n\t\t\t\t<\/div>\n\t\t<div class=\"elementor-element elementor-element-38fe9707 e-grid e-con-full e-con e-parent\" data-id=\"38fe9707\" data-element_type=\"container\" data-settings=\"{&quot;background_background&quot;:&quot;classic&quot;}\" data-core-v316-plus=\"true\">\n\t\t\t\t<div class=\"elementor-element elementor-element-104e5835 elementor-widget elementor-widget-text-editor\" data-id=\"104e5835\" data-element_type=\"widget\" data-widget_type=\"text-editor.default\">\n\t\t\t\t<div class=\"elementor-widget-container\">\n\t\t\t\t\t\t\t<p>\n            <strong>SECURITY SOLUTIONS FOR EVERY NEED<\/strong>\n          <\/p>\n\t\t\t\t\t\t<\/div>\n\t\t\t\t<\/div>\n\t\t\t\t<\/div>\n\t\t<div class=\"elementor-element elementor-element-7ee3ea1a e-con-full e-flex e-con e-parent\" data-id=\"7ee3ea1a\" data-element_type=\"container\" data-core-v316-plus=\"true\">\n\t\t\t\t<div class=\"elementor-element elementor-element-5dd4d260 elementor-widget elementor-widget-heading\" data-id=\"5dd4d260\" data-element_type=\"widget\" data-widget_type=\"heading.default\">\n\t\t\t\t<div class=\"elementor-widget-container\">\n\t\t\t<h2 class=\"elementor-heading-title elementor-size-default\">VEHICLE ACCESS CONTROL<\/h2>\t\t<\/div>\n\t\t\t\t<\/div>\n\t\t<div class=\"elementor-element elementor-element-3414736f e-grid e-con-full e-con e-child\" data-id=\"3414736f\" data-element_type=\"container\">\n\t\t\t\t<div class=\"elementor-element elementor-element-4c2cb33c elementor-widget elementor-widget-text-editor\" data-id=\"4c2cb33c\" data-element_type=\"widget\" data-widget_type=\"text-editor.default\">\n\t\t\t\t<div class=\"elementor-widget-container\">\n\t\t\t\t\t\t\t<p>Maintaining the security of your sites is crucial to ensuring unauthorised individuals don\u2019t gain access to sensitive areas or expensive equipment. Alongside driver identification, you can get vehicle access control.<\/p>\n<p>This ensures that barriers to sites or other locations only open for vehicles that are known to the company and have been registered to enter a particular location.<\/p>\n\t\t\t\t\t\t<\/div>\n\t\t\t\t<\/div>\n\t\t\t\t<div class=\"elementor-element elementor-element-652acd18 elementor-widget-mobile__width-inherit elementor-widget elementor-widget-image\" data-id=\"652acd18\" data-element_type=\"widget\" data-widget_type=\"image.default\">\n\t\t\t\t<div class=\"elementor-widget-container\">\n\t\t\t<style>\/*! elementor - v3.20.0 - 20-03-2024 *\/\n.elementor-widget-image{text-align:center}.elementor-widget-image a{display:inline-block}.elementor-widget-image a img[src$=\".svg\"]{width:48px}.elementor-widget-image img{vertical-align:middle;display:inline-block}<\/style>\t\t\t\t\t\t\t\t\t\t<img fetchpriority=\"high\" decoding=\"async\" width=\"1000\" height=\"500\" src=\"https:\/\/szanyo.hu\/wp-content\/uploads\/2024\/03\/11_1.jpg\" class=\"attachment-full size-full wp-image-45352\" alt=\"\" srcset=\"https:\/\/szanyo.hu\/wp-content\/uploads\/2024\/03\/11_1.jpg 1000w, https:\/\/szanyo.hu\/wp-content\/uploads\/2024\/03\/11_1-300x150.jpg 300w, https:\/\/szanyo.hu\/wp-content\/uploads\/2024\/03\/11_1-768x384.jpg 768w\" sizes=\"(max-width: 1000px) 100vw, 1000px\" \/>\t\t\t\t\t\t\t\t\t\t\t\t\t<\/div>\n\t\t\t\t<\/div>\n\t\t\t\t<\/div>\n\t\t\t\t<\/div>\n\t\t<div class=\"elementor-element elementor-element-7492075 e-flex e-con-boxed e-con e-parent\" data-id=\"7492075\" data-element_type=\"container\" data-settings=\"{&quot;background_background&quot;:&quot;classic&quot;}\" data-core-v316-plus=\"true\">\n\t\t\t\t\t<div class=\"e-con-inner\">\n\t\t\t\t<div class=\"elementor-element elementor-element-4011f078 elementor-widget elementor-widget-heading\" data-id=\"4011f078\" data-element_type=\"widget\" data-widget_type=\"heading.default\">\n\t\t\t\t<div class=\"elementor-widget-container\">\n\t\t\t<h2 class=\"elementor-heading-title elementor-size-default\">TAMPERPROOF DEVICES<\/h2>\t\t<\/div>\n\t\t\t\t<\/div>\n\t\t\t\t\t<\/div>\n\t\t\t\t<\/div>\n\t\t<div class=\"elementor-element elementor-element-58f878a e-grid e-con-full e-con e-parent\" data-id=\"58f878a\" data-element_type=\"container\" data-settings=\"{&quot;background_background&quot;:&quot;classic&quot;}\" data-core-v316-plus=\"true\">\n\t\t<div class=\"elementor-element elementor-element-3529820 e-grid e-con-full e-con e-child\" data-id=\"3529820\" data-element_type=\"container\">\n\t\t\t\t<div class=\"elementor-element elementor-element-49209ef elementor-widget elementor-widget-image\" data-id=\"49209ef\" data-element_type=\"widget\" data-widget_type=\"image.default\">\n\t\t\t\t<div class=\"elementor-widget-container\">\n\t\t\t\t\t\t\t\t\t\t\t\t\t<img decoding=\"async\" width=\"1000\" height=\"667\" src=\"https:\/\/szanyo.hu\/wp-content\/uploads\/2024\/03\/23.png\" class=\"attachment-full size-full wp-image-45566\" alt=\"\" srcset=\"https:\/\/szanyo.hu\/wp-content\/uploads\/2024\/03\/23.png 1000w, https:\/\/szanyo.hu\/wp-content\/uploads\/2024\/03\/23-300x200.png 300w, https:\/\/szanyo.hu\/wp-content\/uploads\/2024\/03\/23-768x512.png 768w, https:\/\/szanyo.hu\/wp-content\/uploads\/2024\/03\/23-365x243.png 365w\" sizes=\"(max-width: 1000px) 100vw, 1000px\" \/>\t\t\t\t\t\t\t\t\t\t\t\t\t<\/div>\n\t\t\t\t<\/div>\n\t\t\t\t<div class=\"elementor-element elementor-element-5f80504 elementor-widget elementor-widget-text-editor\" data-id=\"5f80504\" data-element_type=\"widget\" data-widget_type=\"text-editor.default\">\n\t\t\t\t<div class=\"elementor-widget-container\">\n\t\t\t\t\t\t\t<p>Threats from the outside are not the only concern of fleet managers and supervisors. In-vehicle tracking devices are crucial to you being able to identify who is utilising your assets, where they\u2019re being utilised, and how they\u2019re being handled.<\/p><p>However, sometimes there are individuals who do not want their movements to be tracked and they will try manipulating these devices. MiX by Powerfleet\u2019s tracking devices are all tamperproof so that you always know exactly where your vehicles and assets are and don\u2019t have gaps in your fleet data collection.<\/p>\t\t\t\t\t\t<\/div>\n\t\t\t\t<\/div>\n\t\t\t\t<\/div>\n\t\t\t\t<\/div>\n\t\t<div class=\"elementor-element elementor-element-354a4c18 e-con-full e-flex e-con e-parent\" data-id=\"354a4c18\" data-element_type=\"container\" data-core-v316-plus=\"true\">\n\t\t\t\t<div class=\"elementor-element elementor-element-64aff051 elementor-widget elementor-widget-heading\" data-id=\"64aff051\" data-element_type=\"widget\" data-widget_type=\"heading.default\">\n\t\t\t\t<div class=\"elementor-widget-container\">\n\t\t\t<h2 class=\"elementor-heading-title elementor-size-default\">ASSET MONITORING<\/h2>\t\t<\/div>\n\t\t\t\t<\/div>\n\t\t<div class=\"elementor-element elementor-element-25b37229 e-grid e-con-full e-con e-child\" data-id=\"25b37229\" data-element_type=\"container\">\n\t\t\t\t<div class=\"elementor-element elementor-element-6b6c92ce elementor-widget elementor-widget-text-editor\" data-id=\"6b6c92ce\" data-element_type=\"widget\" data-widget_type=\"text-editor.default\">\n\t\t\t\t<div class=\"elementor-widget-container\">\n\t\t\t\t\t\t\t<p>MiX by Powerfleet knows that equipment is just as valuable to fleets as vehicles are, so we offer asset tracking \u2013 both in wired and wireless form. See where your equipment is on a map in real-time as well as where that same equipment has been historically. You can also check whether a particular asset is on the move or stationary, as well as ignition status, driving violations, driving direction, speed and more.<\/p>\t\t\t\t\t\t<\/div>\n\t\t\t\t<\/div>\n\t\t\t\t<div class=\"elementor-element elementor-element-423d7aeb elementor-widget-mobile__width-inherit elementor-widget elementor-widget-image\" data-id=\"423d7aeb\" data-element_type=\"widget\" data-widget_type=\"image.default\">\n\t\t\t\t<div class=\"elementor-widget-container\">\n\t\t\t\t\t\t\t\t\t\t\t\t\t<img decoding=\"async\" width=\"800\" height=\"500\" src=\"https:\/\/szanyo.hu\/wp-content\/uploads\/2024\/03\/12_1.png\" class=\"attachment-full size-full wp-image-45356\" alt=\"\" srcset=\"https:\/\/szanyo.hu\/wp-content\/uploads\/2024\/03\/12_1.png 800w, https:\/\/szanyo.hu\/wp-content\/uploads\/2024\/03\/12_1-300x188.png 300w, https:\/\/szanyo.hu\/wp-content\/uploads\/2024\/03\/12_1-768x480.png 768w\" sizes=\"(max-width: 800px) 100vw, 800px\" \/>\t\t\t\t\t\t\t\t\t\t\t\t\t<\/div>\n\t\t\t\t<\/div>\n\t\t\t\t<\/div>\n\t\t\t\t<\/div>\n\t\t\t\t<\/div>\n\t\t","protected":false},"excerpt":{"rendered":"<p>SECURITY Contact us INCREASE YOUR FLEET\u2019S SECURITY AND REDUCE RISK Protect your vehicles, equipment and cargo from theft, vandalism, and damage through security-driven telematics solutions. SECURITY SOLUTIONS FOR EVERY NEED VEHICLE ACCESS CONTROL Maintaining the security of your sites is crucial to ensuring unauthorised individuals don\u2019t gain access to sensitive areas or expensive equipment. Alongside&#8230;<\/p>\n","protected":false},"author":2,"featured_media":0,"parent":0,"menu_order":0,"comment_status":"closed","ping_status":"closed","template":"elementor_header_footer","meta":{"footnotes":""},"yoast_head":"<!-- This site is optimized with the Yoast SEO plugin v22.6 - https:\/\/yoast.com\/wordpress\/plugins\/seo\/ -->\n<title>Security - Szany\u00f3 Property Managing<\/title>\n<meta name=\"description\" content=\"Szany\u00f3 Property Managing\" \/>\n<meta name=\"robots\" content=\"index, follow, max-snippet:-1, max-image-preview:large, max-video-preview:-1\" \/>\n<link rel=\"canonical\" href=\"https:\/\/szanyo.hu\/en\/security\/\" \/>\n<meta property=\"og:locale\" content=\"en_US\" \/>\n<meta property=\"og:type\" content=\"article\" \/>\n<meta property=\"og:title\" content=\"Security - Szany\u00f3 Property Managing\" \/>\n<meta property=\"og:description\" content=\"Szany\u00f3 Property Managing\" \/>\n<meta property=\"og:url\" content=\"https:\/\/szanyo.hu\/en\/security\/\" \/>\n<meta property=\"og:site_name\" content=\"Szany\u00f3 Property Managing\" \/>\n<meta property=\"article:modified_time\" content=\"2024-05-02T15:22:18+00:00\" \/>\n<meta property=\"og:image\" content=\"https:\/\/szanyo.hu\/wp-content\/uploads\/2024\/03\/11_1.jpg\" \/>\n<meta name=\"twitter:card\" content=\"summary_large_image\" \/>\n<meta name=\"twitter:label1\" content=\"Est. reading time\" \/>\n\t<meta name=\"twitter:data1\" content=\"2 minutes\" \/>\n<script type=\"application\/ld+json\" class=\"yoast-schema-graph\">{\"@context\":\"https:\/\/schema.org\",\"@graph\":[{\"@type\":\"WebPage\",\"@id\":\"https:\/\/szanyo.hu\/en\/security\/\",\"url\":\"https:\/\/szanyo.hu\/en\/security\/\",\"name\":\"Security - Szany\u00f3 Property Managing\",\"isPartOf\":{\"@id\":\"https:\/\/szanyo.hu\/en\/#website\"},\"primaryImageOfPage\":{\"@id\":\"https:\/\/szanyo.hu\/en\/security\/#primaryimage\"},\"image\":{\"@id\":\"https:\/\/szanyo.hu\/en\/security\/#primaryimage\"},\"thumbnailUrl\":\"https:\/\/szanyo.hu\/wp-content\/uploads\/2024\/03\/11_1.jpg\",\"datePublished\":\"2024-03-14T09:20:46+00:00\",\"dateModified\":\"2024-05-02T15:22:18+00:00\",\"description\":\"Szany\u00f3 Property Managing\",\"breadcrumb\":{\"@id\":\"https:\/\/szanyo.hu\/en\/security\/#breadcrumb\"},\"inLanguage\":\"en-US\",\"potentialAction\":[{\"@type\":\"ReadAction\",\"target\":[\"https:\/\/szanyo.hu\/en\/security\/\"]}]},{\"@type\":\"ImageObject\",\"inLanguage\":\"en-US\",\"@id\":\"https:\/\/szanyo.hu\/en\/security\/#primaryimage\",\"url\":\"https:\/\/szanyo.hu\/wp-content\/uploads\/2024\/03\/11_1.jpg\",\"contentUrl\":\"https:\/\/szanyo.hu\/wp-content\/uploads\/2024\/03\/11_1.jpg\"},{\"@type\":\"BreadcrumbList\",\"@id\":\"https:\/\/szanyo.hu\/en\/security\/#breadcrumb\",\"itemListElement\":[{\"@type\":\"ListItem\",\"position\":1,\"name\":\"Kezd\u0151lap\",\"item\":\"https:\/\/szanyo.hu\/en\/home\/\"},{\"@type\":\"ListItem\",\"position\":2,\"name\":\"Security\"}]},{\"@type\":\"WebSite\",\"@id\":\"https:\/\/szanyo.hu\/en\/#website\",\"url\":\"https:\/\/szanyo.hu\/en\/\",\"name\":\"Szany\u00f3 Vagyonkezel\u0151 Kft.\",\"description\":\"Szany\u00f3 Mix and Property Managing\",\"publisher\":{\"@id\":\"https:\/\/szanyo.hu\/en\/#organization\"},\"potentialAction\":[{\"@type\":\"SearchAction\",\"target\":{\"@type\":\"EntryPoint\",\"urlTemplate\":\"https:\/\/szanyo.hu\/en\/?s={search_term_string}\"},\"query-input\":\"required name=search_term_string\"}],\"inLanguage\":\"en-US\"},{\"@type\":\"Organization\",\"@id\":\"https:\/\/szanyo.hu\/en\/#organization\",\"name\":\"Szany\u00f3 Vagyonkezel\u0151 Kft.\",\"url\":\"https:\/\/szanyo.hu\/en\/\",\"logo\":{\"@type\":\"ImageObject\",\"inLanguage\":\"en-US\",\"@id\":\"https:\/\/szanyo.hu\/en\/#\/schema\/logo\/image\/\",\"url\":\"https:\/\/szanyo.hu\/wp-content\/uploads\/2024\/03\/szanyo_logo_small.svg\",\"contentUrl\":\"https:\/\/szanyo.hu\/wp-content\/uploads\/2024\/03\/szanyo_logo_small.svg\",\"width\":300,\"height\":87,\"caption\":\"Szany\u00f3 Vagyonkezel\u0151 Kft.\"},\"image\":{\"@id\":\"https:\/\/szanyo.hu\/en\/#\/schema\/logo\/image\/\"}}]}<\/script>\n<!-- \/ Yoast SEO plugin. -->","yoast_head_json":{"title":"Security - Szany\u00f3 Property Managing","description":"Szany\u00f3 Property Managing","robots":{"index":"index","follow":"follow","max-snippet":"max-snippet:-1","max-image-preview":"max-image-preview:large","max-video-preview":"max-video-preview:-1"},"canonical":"https:\/\/szanyo.hu\/en\/security\/","og_locale":"en_US","og_type":"article","og_title":"Security - Szany\u00f3 Property Managing","og_description":"Szany\u00f3 Property Managing","og_url":"https:\/\/szanyo.hu\/en\/security\/","og_site_name":"Szany\u00f3 Property Managing","article_modified_time":"2024-05-02T15:22:18+00:00","og_image":[{"url":"https:\/\/szanyo.hu\/wp-content\/uploads\/2024\/03\/11_1.jpg"}],"twitter_card":"summary_large_image","twitter_misc":{"Est. reading time":"2 minutes"},"schema":{"@context":"https:\/\/schema.org","@graph":[{"@type":"WebPage","@id":"https:\/\/szanyo.hu\/en\/security\/","url":"https:\/\/szanyo.hu\/en\/security\/","name":"Security - Szany\u00f3 Property Managing","isPartOf":{"@id":"https:\/\/szanyo.hu\/en\/#website"},"primaryImageOfPage":{"@id":"https:\/\/szanyo.hu\/en\/security\/#primaryimage"},"image":{"@id":"https:\/\/szanyo.hu\/en\/security\/#primaryimage"},"thumbnailUrl":"https:\/\/szanyo.hu\/wp-content\/uploads\/2024\/03\/11_1.jpg","datePublished":"2024-03-14T09:20:46+00:00","dateModified":"2024-05-02T15:22:18+00:00","description":"Szany\u00f3 Property Managing","breadcrumb":{"@id":"https:\/\/szanyo.hu\/en\/security\/#breadcrumb"},"inLanguage":"en-US","potentialAction":[{"@type":"ReadAction","target":["https:\/\/szanyo.hu\/en\/security\/"]}]},{"@type":"ImageObject","inLanguage":"en-US","@id":"https:\/\/szanyo.hu\/en\/security\/#primaryimage","url":"https:\/\/szanyo.hu\/wp-content\/uploads\/2024\/03\/11_1.jpg","contentUrl":"https:\/\/szanyo.hu\/wp-content\/uploads\/2024\/03\/11_1.jpg"},{"@type":"BreadcrumbList","@id":"https:\/\/szanyo.hu\/en\/security\/#breadcrumb","itemListElement":[{"@type":"ListItem","position":1,"name":"Kezd\u0151lap","item":"https:\/\/szanyo.hu\/en\/home\/"},{"@type":"ListItem","position":2,"name":"Security"}]},{"@type":"WebSite","@id":"https:\/\/szanyo.hu\/en\/#website","url":"https:\/\/szanyo.hu\/en\/","name":"Szany\u00f3 Vagyonkezel\u0151 Kft.","description":"Szany\u00f3 Mix and Property Managing","publisher":{"@id":"https:\/\/szanyo.hu\/en\/#organization"},"potentialAction":[{"@type":"SearchAction","target":{"@type":"EntryPoint","urlTemplate":"https:\/\/szanyo.hu\/en\/?s={search_term_string}"},"query-input":"required name=search_term_string"}],"inLanguage":"en-US"},{"@type":"Organization","@id":"https:\/\/szanyo.hu\/en\/#organization","name":"Szany\u00f3 Vagyonkezel\u0151 Kft.","url":"https:\/\/szanyo.hu\/en\/","logo":{"@type":"ImageObject","inLanguage":"en-US","@id":"https:\/\/szanyo.hu\/en\/#\/schema\/logo\/image\/","url":"https:\/\/szanyo.hu\/wp-content\/uploads\/2024\/03\/szanyo_logo_small.svg","contentUrl":"https:\/\/szanyo.hu\/wp-content\/uploads\/2024\/03\/szanyo_logo_small.svg","width":300,"height":87,"caption":"Szany\u00f3 Vagyonkezel\u0151 Kft."},"image":{"@id":"https:\/\/szanyo.hu\/en\/#\/schema\/logo\/image\/"}}]}},"amp_enabled":false,"_links":{"self":[{"href":"https:\/\/szanyo.hu\/en\/wp-json\/wp\/v2\/pages\/46289"}],"collection":[{"href":"https:\/\/szanyo.hu\/en\/wp-json\/wp\/v2\/pages"}],"about":[{"href":"https:\/\/szanyo.hu\/en\/wp-json\/wp\/v2\/types\/page"}],"author":[{"embeddable":true,"href":"https:\/\/szanyo.hu\/en\/wp-json\/wp\/v2\/users\/2"}],"replies":[{"embeddable":true,"href":"https:\/\/szanyo.hu\/en\/wp-json\/wp\/v2\/comments?post=46289"}],"version-history":[{"count":31,"href":"https:\/\/szanyo.hu\/en\/wp-json\/wp\/v2\/pages\/46289\/revisions"}],"predecessor-version":[{"id":48094,"href":"https:\/\/szanyo.hu\/en\/wp-json\/wp\/v2\/pages\/46289\/revisions\/48094"}],"wp:attachment":[{"href":"https:\/\/szanyo.hu\/en\/wp-json\/wp\/v2\/media?parent=46289"}],"curies":[{"name":"wp","href":"https:\/\/api.w.org\/{rel}","templated":true}]}}