{"id":46292,"date":"2024-03-14T09:19:16","date_gmt":"2024-03-14T09:19:16","guid":{"rendered":"https:\/\/szanyo.hu\/biztonsag\/"},"modified":"2024-05-02T15:12:34","modified_gmt":"2024-05-02T15:12:34","slug":"safety","status":"publish","type":"page","link":"https:\/\/szanyo.hu\/en\/safety\/","title":{"rendered":"Safety"},"content":{"rendered":"\t\t<div data-elementor-type=\"wp-page\" data-elementor-id=\"46292\" class=\"elementor elementor-46292 elementor-44058\" data-elementor-post-type=\"page\">\n\t\t\t\t<div class=\"elementor-element elementor-element-2c36ac56 e-con-full e-flex e-con e-parent\" data-id=\"2c36ac56\" data-element_type=\"container\" data-settings=\"{&quot;background_background&quot;:&quot;classic&quot;}\" data-core-v316-plus=\"true\">\n\t\t\t\t<div class=\"elementor-element elementor-element-2ba52659 elementor-widget elementor-widget-heading\" data-id=\"2ba52659\" data-element_type=\"widget\" data-widget_type=\"heading.default\">\n\t\t\t\t<div class=\"elementor-widget-container\">\n\t\t\t<style>\/*! elementor - v3.20.0 - 20-03-2024 *\/\n.elementor-heading-title{padding:0;margin:0;line-height:1}.elementor-widget-heading .elementor-heading-title[class*=elementor-size-]>a{color:inherit;font-size:inherit;line-height:inherit}.elementor-widget-heading .elementor-heading-title.elementor-size-small{font-size:15px}.elementor-widget-heading .elementor-heading-title.elementor-size-medium{font-size:19px}.elementor-widget-heading .elementor-heading-title.elementor-size-large{font-size:29px}.elementor-widget-heading .elementor-heading-title.elementor-size-xl{font-size:39px}.elementor-widget-heading .elementor-heading-title.elementor-size-xxl{font-size:59px}<\/style><h2 class=\"elementor-heading-title elementor-size-default\">SAFETY<\/h2>\t\t<\/div>\n\t\t\t\t<\/div>\n\t\t\t\t<div class=\"elementor-element elementor-element-1f2fe752 elementor-mobile-align-center elementor-hidden-mobile elementor-widget elementor-widget-button\" data-id=\"1f2fe752\" data-element_type=\"widget\" data-widget_type=\"button.default\">\n\t\t\t\t<div class=\"elementor-widget-container\">\n\t\t\t\t\t<div class=\"elementor-button-wrapper\">\n\t\t\t<a class=\"elementor-button elementor-button-link elementor-size-sm elementor-animation-grow\" href=\"https:\/\/szanyo.hu\/en\/contact-us\/\" target=\"_blank\">\n\t\t\t\t\t\t<span class=\"elementor-button-content-wrapper\">\n\t\t\t\t\t\t<span class=\"elementor-button-text\">Contact us<\/span>\n\t\t<\/span>\n\t\t\t\t\t<\/a>\n\t\t<\/div>\n\t\t\t\t<\/div>\n\t\t\t\t<\/div>\n\t\t\t\t<\/div>\n\t\t<div class=\"elementor-element elementor-element-624e5f0e e-con-full e-flex e-con e-parent\" data-id=\"624e5f0e\" data-element_type=\"container\" data-core-v316-plus=\"true\">\n\t\t\t\t<div class=\"elementor-element elementor-element-740805d9 elementor-widget elementor-widget-heading\" data-id=\"740805d9\" data-element_type=\"widget\" data-widget_type=\"heading.default\">\n\t\t\t\t<div class=\"elementor-widget-container\">\n\t\t\t<h2 class=\"elementor-heading-title elementor-size-default\">ELEVATE YOUR FLEET\u2019S SAFETY<\/h2>\t\t<\/div>\n\t\t\t\t<\/div>\n\t\t<div class=\"elementor-element elementor-element-8ae0646 e-grid e-con-full e-con e-child\" data-id=\"8ae0646\" data-element_type=\"container\">\n\t\t\t\t<div class=\"elementor-element elementor-element-4ae954d9 elementor-widget elementor-widget-text-editor\" data-id=\"4ae954d9\" data-element_type=\"widget\" data-widget_type=\"text-editor.default\">\n\t\t\t\t<div class=\"elementor-widget-container\">\n\t\t\t<style>\/*! elementor - v3.20.0 - 20-03-2024 *\/\n.elementor-widget-text-editor.elementor-drop-cap-view-stacked .elementor-drop-cap{background-color:#69727d;color:#fff}.elementor-widget-text-editor.elementor-drop-cap-view-framed .elementor-drop-cap{color:#69727d;border:3px solid;background-color:transparent}.elementor-widget-text-editor:not(.elementor-drop-cap-view-default) .elementor-drop-cap{margin-top:8px}.elementor-widget-text-editor:not(.elementor-drop-cap-view-default) .elementor-drop-cap-letter{width:1em;height:1em}.elementor-widget-text-editor .elementor-drop-cap{float:left;text-align:center;line-height:1;font-size:50px}.elementor-widget-text-editor .elementor-drop-cap-letter{display:inline-block}<\/style>\t\t\t\t<p>Improve road safety with fleet management solutions that oversee and report on hazardous driving, uphold safety standards, and guarantee vehicle roadworthiness.<\/p>\n\t\t\t\t\t\t<\/div>\n\t\t\t\t<\/div>\n\t\t\t\t<div class=\"elementor-element elementor-element-48e1989 elementor-widget-mobile__width-inherit elementor-widget elementor-widget-image\" data-id=\"48e1989\" data-element_type=\"widget\" data-widget_type=\"image.default\">\n\t\t\t\t<div class=\"elementor-widget-container\">\n\t\t\t<style>\/*! elementor - v3.20.0 - 20-03-2024 *\/\n.elementor-widget-image{text-align:center}.elementor-widget-image a{display:inline-block}.elementor-widget-image a img[src$=\".svg\"]{width:48px}.elementor-widget-image img{vertical-align:middle;display:inline-block}<\/style>\t\t\t\t\t\t\t\t\t\t<img fetchpriority=\"high\" decoding=\"async\" width=\"2560\" height=\"1707\" src=\"https:\/\/szanyo.hu\/wp-content\/uploads\/2024\/03\/maxim-hopman-2GqwfocQI6Q-unsplash-scaled.jpg\" class=\"attachment-full size-full wp-image-45153\" alt=\"\" srcset=\"https:\/\/szanyo.hu\/wp-content\/uploads\/2024\/03\/maxim-hopman-2GqwfocQI6Q-unsplash-scaled.jpg 2560w, https:\/\/szanyo.hu\/wp-content\/uploads\/2024\/03\/maxim-hopman-2GqwfocQI6Q-unsplash-300x200.jpg 300w, https:\/\/szanyo.hu\/wp-content\/uploads\/2024\/03\/maxim-hopman-2GqwfocQI6Q-unsplash-1024x683.jpg 1024w, https:\/\/szanyo.hu\/wp-content\/uploads\/2024\/03\/maxim-hopman-2GqwfocQI6Q-unsplash-768x512.jpg 768w, https:\/\/szanyo.hu\/wp-content\/uploads\/2024\/03\/maxim-hopman-2GqwfocQI6Q-unsplash-1536x1024.jpg 1536w, https:\/\/szanyo.hu\/wp-content\/uploads\/2024\/03\/maxim-hopman-2GqwfocQI6Q-unsplash-2048x1365.jpg 2048w, https:\/\/szanyo.hu\/wp-content\/uploads\/2024\/03\/maxim-hopman-2GqwfocQI6Q-unsplash-365x243.jpg 365w\" sizes=\"(max-width: 2560px) 100vw, 2560px\" \/>\t\t\t\t\t\t\t\t\t\t\t\t\t<\/div>\n\t\t\t\t<\/div>\n\t\t\t\t<\/div>\n\t\t\t\t<\/div>\n\t\t<div class=\"elementor-element elementor-element-650d6872 e-grid e-con-full e-con e-parent\" data-id=\"650d6872\" data-element_type=\"container\" data-settings=\"{&quot;background_background&quot;:&quot;classic&quot;}\" data-core-v316-plus=\"true\">\n\t\t\t\t<div class=\"elementor-element elementor-element-34cd6b08 elementor-widget elementor-widget-text-editor\" data-id=\"34cd6b08\" data-element_type=\"widget\" data-widget_type=\"text-editor.default\">\n\t\t\t\t<div class=\"elementor-widget-container\">\n\t\t\t\t\t\t\t<p>SAFETY FEATURES OF THE MIX BY POWERFLEET TELEMATICS SOLUTIONS<\/p>\t\t\t\t\t\t<\/div>\n\t\t\t\t<\/div>\n\t\t\t\t<\/div>\n\t\t<div class=\"elementor-element elementor-element-4a96c2b e-con-full e-flex e-con e-parent\" data-id=\"4a96c2b\" data-element_type=\"container\" data-core-v316-plus=\"true\">\n\t\t\t\t<div class=\"elementor-element elementor-element-5bb8575 elementor-widget elementor-widget-heading\" data-id=\"5bb8575\" data-element_type=\"widget\" data-widget_type=\"heading.default\">\n\t\t\t\t<div class=\"elementor-widget-container\">\n\t\t\t<h2 class=\"elementor-heading-title elementor-size-default\">DRIVER BEHAVIOUR MONITORING<\/h2>\t\t<\/div>\n\t\t\t\t<\/div>\n\t\t<div class=\"elementor-element elementor-element-0d3b72f e-grid e-con-full e-con e-child\" data-id=\"0d3b72f\" data-element_type=\"container\">\n\t\t\t\t<div class=\"elementor-element elementor-element-77535dc elementor-widget elementor-widget-image\" data-id=\"77535dc\" data-element_type=\"widget\" data-widget_type=\"image.default\">\n\t\t\t\t<div class=\"elementor-widget-container\">\n\t\t\t\t\t\t\t\t\t\t\t\t\t<img decoding=\"async\" width=\"2560\" height=\"1710\" src=\"https:\/\/szanyo.hu\/wp-content\/uploads\/2024\/04\/1-4-scaled.jpg\" class=\"attachment-full size-full wp-image-47485\" alt=\"\" srcset=\"https:\/\/szanyo.hu\/wp-content\/uploads\/2024\/04\/1-4-scaled.jpg 2560w, https:\/\/szanyo.hu\/wp-content\/uploads\/2024\/04\/1-4-300x200.jpg 300w, https:\/\/szanyo.hu\/wp-content\/uploads\/2024\/04\/1-4-1024x684.jpg 1024w, https:\/\/szanyo.hu\/wp-content\/uploads\/2024\/04\/1-4-768x513.jpg 768w, https:\/\/szanyo.hu\/wp-content\/uploads\/2024\/04\/1-4-1536x1026.jpg 1536w, https:\/\/szanyo.hu\/wp-content\/uploads\/2024\/04\/1-4-2048x1368.jpg 2048w, https:\/\/szanyo.hu\/wp-content\/uploads\/2024\/04\/1-4-365x243.jpg 365w\" sizes=\"(max-width: 2560px) 100vw, 2560px\" \/>\t\t\t\t\t\t\t\t\t\t\t\t\t<\/div>\n\t\t\t\t<\/div>\n\t\t\t\t<div class=\"elementor-element elementor-element-a8aca56 elementor-widget elementor-widget-text-editor\" data-id=\"a8aca56\" data-element_type=\"widget\" data-widget_type=\"text-editor.default\">\n\t\t\t\t<div class=\"elementor-widget-container\">\n\t\t\t\t\t\t\t<p>Our tools gather precise &#8220;Actionable Safety Data&#8221; by pinpointing risky driver behaviours based on years of fleet experience.<\/p>\n<p>Real-time monitoring and reporting of issues like speeding and harsh braking aid in targeted training to prevent accidents.<\/p>\n\t\t\t\t\t\t<\/div>\n\t\t\t\t<\/div>\n\t\t\t\t<\/div>\n\t\t\t\t<\/div>\n\t\t<div class=\"elementor-element elementor-element-682fe40 e-flex e-con-boxed e-con e-parent\" data-id=\"682fe40\" data-element_type=\"container\" data-settings=\"{&quot;background_background&quot;:&quot;classic&quot;}\" data-core-v316-plus=\"true\">\n\t\t\t\t\t<div class=\"e-con-inner\">\n\t\t\t\t<div class=\"elementor-element elementor-element-4d20e17 elementor-widget elementor-widget-heading\" data-id=\"4d20e17\" data-element_type=\"widget\" data-widget_type=\"heading.default\">\n\t\t\t\t<div class=\"elementor-widget-container\">\n\t\t\t<h2 class=\"elementor-heading-title elementor-size-default\">REAL-TIME DRIVER COACHING<\/h2>\t\t<\/div>\n\t\t\t\t<\/div>\n\t\t\t\t\t<\/div>\n\t\t\t\t<\/div>\n\t\t<div class=\"elementor-element elementor-element-fbbc093 e-grid e-con-full e-con e-parent\" data-id=\"fbbc093\" data-element_type=\"container\" data-settings=\"{&quot;background_background&quot;:&quot;classic&quot;}\" data-core-v316-plus=\"true\">\n\t\t<div class=\"elementor-element elementor-element-6a3b850 e-grid e-con-full e-con e-child\" data-id=\"6a3b850\" data-element_type=\"container\">\n\t\t\t\t<div class=\"elementor-element elementor-element-6a04cb8 elementor-widget elementor-widget-text-editor\" data-id=\"6a04cb8\" data-element_type=\"widget\" data-widget_type=\"text-editor.default\">\n\t\t\t\t<div class=\"elementor-widget-container\">\n\t\t\t\t\t\t\t<p>MiX by Powerfleet\u2019s in-cab coaching monitors and notifies drivers of critical driving events in real-time, fostering immediate self-correction and heightened awareness.<\/p><p>This helps to prevent accidents and provide ongoing safety training.<\/p>\t\t\t\t\t\t<\/div>\n\t\t\t\t<\/div>\n\t\t\t\t<div class=\"elementor-element elementor-element-506d578 elementor-widget elementor-widget-image\" data-id=\"506d578\" data-element_type=\"widget\" data-widget_type=\"image.default\">\n\t\t\t\t<div class=\"elementor-widget-container\">\n\t\t\t\t\t\t\t\t\t\t\t\t\t<img decoding=\"async\" width=\"2560\" height=\"1710\" src=\"https:\/\/szanyo.hu\/wp-content\/uploads\/2024\/04\/2-3-scaled.jpg\" class=\"attachment-full size-full wp-image-47487\" alt=\"\" srcset=\"https:\/\/szanyo.hu\/wp-content\/uploads\/2024\/04\/2-3-scaled.jpg 2560w, https:\/\/szanyo.hu\/wp-content\/uploads\/2024\/04\/2-3-300x200.jpg 300w, https:\/\/szanyo.hu\/wp-content\/uploads\/2024\/04\/2-3-1024x684.jpg 1024w, https:\/\/szanyo.hu\/wp-content\/uploads\/2024\/04\/2-3-768x513.jpg 768w, https:\/\/szanyo.hu\/wp-content\/uploads\/2024\/04\/2-3-1536x1026.jpg 1536w, https:\/\/szanyo.hu\/wp-content\/uploads\/2024\/04\/2-3-2048x1368.jpg 2048w, https:\/\/szanyo.hu\/wp-content\/uploads\/2024\/04\/2-3-365x243.jpg 365w\" sizes=\"(max-width: 2560px) 100vw, 2560px\" \/>\t\t\t\t\t\t\t\t\t\t\t\t\t<\/div>\n\t\t\t\t<\/div>\n\t\t\t\t<\/div>\n\t\t\t\t<\/div>\n\t\t<div class=\"elementor-element elementor-element-2551b9d e-con-full e-flex e-con e-parent\" data-id=\"2551b9d\" data-element_type=\"container\" data-core-v316-plus=\"true\">\n\t\t\t\t<div class=\"elementor-element elementor-element-f0d5edc elementor-widget elementor-widget-heading\" data-id=\"f0d5edc\" data-element_type=\"widget\" data-widget_type=\"heading.default\">\n\t\t\t\t<div class=\"elementor-widget-container\">\n\t\t\t<h2 class=\"elementor-heading-title elementor-size-default\">DRIVER ENGAGEMENT AND SCORING<\/h2>\t\t<\/div>\n\t\t\t\t<\/div>\n\t\t<div class=\"elementor-element elementor-element-3ab577b e-grid e-con-full e-con e-child\" data-id=\"3ab577b\" data-element_type=\"container\">\n\t\t\t\t<div class=\"elementor-element elementor-element-3bd54a5 elementor-widget elementor-widget-image\" data-id=\"3bd54a5\" data-element_type=\"widget\" data-widget_type=\"image.default\">\n\t\t\t\t<div class=\"elementor-widget-container\">\n\t\t\t\t\t\t\t\t\t\t\t\t\t<img loading=\"lazy\" decoding=\"async\" width=\"2560\" height=\"1703\" src=\"https:\/\/szanyo.hu\/wp-content\/uploads\/2024\/04\/3-3-scaled.jpg\" class=\"attachment-full size-full wp-image-47509\" alt=\"\" srcset=\"https:\/\/szanyo.hu\/wp-content\/uploads\/2024\/04\/3-3-scaled.jpg 2560w, https:\/\/szanyo.hu\/wp-content\/uploads\/2024\/04\/3-3-300x200.jpg 300w, https:\/\/szanyo.hu\/wp-content\/uploads\/2024\/04\/3-3-1024x681.jpg 1024w, https:\/\/szanyo.hu\/wp-content\/uploads\/2024\/04\/3-3-768x511.jpg 768w, https:\/\/szanyo.hu\/wp-content\/uploads\/2024\/04\/3-3-1536x1022.jpg 1536w, https:\/\/szanyo.hu\/wp-content\/uploads\/2024\/04\/3-3-2048x1363.jpg 2048w, https:\/\/szanyo.hu\/wp-content\/uploads\/2024\/04\/3-3-365x243.jpg 365w\" sizes=\"(max-width: 2560px) 100vw, 2560px\" \/>\t\t\t\t\t\t\t\t\t\t\t\t\t<\/div>\n\t\t\t\t<\/div>\n\t\t\t\t<div class=\"elementor-element elementor-element-90360cd elementor-widget elementor-widget-text-editor\" data-id=\"90360cd\" data-element_type=\"widget\" data-widget_type=\"text-editor.default\">\n\t\t\t\t<div class=\"elementor-widget-container\">\n\t\t\t\t\t\t\t<p>MiX by Powerfleet offers driver-focused solutions that track performance, allowing drivers to identify areas for improvement and compare their rankings with peers.<\/p><p>Our scoring systems, like RAG, evaluate critical events and inform targeted training. These tools can fuel incentive and reward programs, motivating employees to enhance fleet performance.<\/p>\t\t\t\t\t\t<\/div>\n\t\t\t\t<\/div>\n\t\t\t\t<\/div>\n\t\t\t\t<\/div>\n\t\t<div class=\"elementor-element elementor-element-d19afa3 e-flex e-con-boxed e-con e-parent\" data-id=\"d19afa3\" data-element_type=\"container\" data-settings=\"{&quot;background_background&quot;:&quot;classic&quot;}\" data-core-v316-plus=\"true\">\n\t\t\t\t\t<div class=\"e-con-inner\">\n\t\t\t\t<div class=\"elementor-element elementor-element-32df3a4 elementor-widget elementor-widget-heading\" data-id=\"32df3a4\" data-element_type=\"widget\" data-widget_type=\"heading.default\">\n\t\t\t\t<div class=\"elementor-widget-container\">\n\t\t\t<h2 class=\"elementor-heading-title elementor-size-default\">Video telematics for added safety<\/h2>\t\t<\/div>\n\t\t\t\t<\/div>\n\t\t\t\t\t<\/div>\n\t\t\t\t<\/div>\n\t\t<div class=\"elementor-element elementor-element-2d35e6e e-grid e-con-full e-con e-parent\" data-id=\"2d35e6e\" data-element_type=\"container\" data-settings=\"{&quot;background_background&quot;:&quot;classic&quot;}\" data-core-v316-plus=\"true\">\n\t\t<div class=\"elementor-element elementor-element-0f77658 e-grid e-con-full e-con e-child\" data-id=\"0f77658\" data-element_type=\"container\">\n\t\t\t\t<div class=\"elementor-element elementor-element-2d507e2 elementor-widget elementor-widget-text-editor\" data-id=\"2d507e2\" data-element_type=\"widget\" data-widget_type=\"text-editor.default\">\n\t\t\t\t<div class=\"elementor-widget-container\">\n\t\t\t\t\t\t\t<p>Dashcams are invaluable for enhancing fleet and driver safety. They actively monitor and curb unsafe driving behaviours, reducing the risk of accidents and maintaining operational efficiency. These cameras also play a crucial role in safeguarding drivers, and assets.<\/p>\n<p>By focusing on improving driver behaviour, dashcams contribute to accident prevention and overall safety.<\/p>\n\t\t\t\t\t\t<\/div>\n\t\t\t\t<\/div>\n\t\t\t\t<div class=\"elementor-element elementor-element-5dac56f elementor-widget elementor-widget-image\" data-id=\"5dac56f\" data-element_type=\"widget\" data-widget_type=\"image.default\">\n\t\t\t\t<div class=\"elementor-widget-container\">\n\t\t\t\t\t\t\t\t\t\t\t\t\t<img loading=\"lazy\" decoding=\"async\" width=\"2560\" height=\"1611\" src=\"https:\/\/szanyo.hu\/wp-content\/uploads\/2024\/04\/4-3-scaled.jpg\" class=\"attachment-full size-full wp-image-47511\" alt=\"\" srcset=\"https:\/\/szanyo.hu\/wp-content\/uploads\/2024\/04\/4-3-scaled.jpg 2560w, https:\/\/szanyo.hu\/wp-content\/uploads\/2024\/04\/4-3-300x189.jpg 300w, https:\/\/szanyo.hu\/wp-content\/uploads\/2024\/04\/4-3-1024x644.jpg 1024w, https:\/\/szanyo.hu\/wp-content\/uploads\/2024\/04\/4-3-768x483.jpg 768w, https:\/\/szanyo.hu\/wp-content\/uploads\/2024\/04\/4-3-1536x967.jpg 1536w, https:\/\/szanyo.hu\/wp-content\/uploads\/2024\/04\/4-3-2048x1289.jpg 2048w\" sizes=\"(max-width: 2560px) 100vw, 2560px\" \/>\t\t\t\t\t\t\t\t\t\t\t\t\t<\/div>\n\t\t\t\t<\/div>\n\t\t\t\t<\/div>\n\t\t\t\t<\/div>\n\t\t\t\t<\/div>\n\t\t","protected":false},"excerpt":{"rendered":"<p>SAFETY Contact us ELEVATE YOUR FLEET\u2019S SAFETY Improve road safety with fleet management solutions that oversee and report on hazardous driving, uphold safety standards, and guarantee vehicle roadworthiness. SAFETY FEATURES OF THE MIX BY POWERFLEET TELEMATICS SOLUTIONS DRIVER BEHAVIOUR MONITORING Our tools gather precise &#8220;Actionable Safety Data&#8221; by pinpointing risky driver behaviours based on years&#8230;<\/p>\n","protected":false},"author":2,"featured_media":0,"parent":0,"menu_order":0,"comment_status":"closed","ping_status":"closed","template":"elementor_header_footer","meta":{"footnotes":""},"yoast_head":"<!-- This site is optimized with the Yoast SEO plugin v22.6 - https:\/\/yoast.com\/wordpress\/plugins\/seo\/ -->\n<title>Safety - Szany\u00f3 Property Managing<\/title>\n<meta name=\"description\" content=\"Szany\u00f3 Property Managing\" \/>\n<meta name=\"robots\" content=\"index, follow, max-snippet:-1, max-image-preview:large, max-video-preview:-1\" \/>\n<link rel=\"canonical\" href=\"https:\/\/szanyo.hu\/en\/safety\/\" \/>\n<meta property=\"og:locale\" content=\"en_US\" \/>\n<meta property=\"og:type\" content=\"article\" \/>\n<meta property=\"og:title\" content=\"Safety - Szany\u00f3 Property Managing\" \/>\n<meta property=\"og:description\" content=\"Szany\u00f3 Property Managing\" \/>\n<meta property=\"og:url\" content=\"https:\/\/szanyo.hu\/en\/safety\/\" \/>\n<meta property=\"og:site_name\" content=\"Szany\u00f3 Property Managing\" \/>\n<meta property=\"article:modified_time\" content=\"2024-05-02T15:12:34+00:00\" \/>\n<meta property=\"og:image\" content=\"https:\/\/szanyo.hu\/wp-content\/uploads\/2024\/03\/maxim-hopman-2GqwfocQI6Q-unsplash-scaled.jpg\" \/>\n<meta name=\"twitter:card\" content=\"summary_large_image\" \/>\n<meta name=\"twitter:label1\" content=\"Est. reading time\" \/>\n\t<meta name=\"twitter:data1\" content=\"2 minutes\" \/>\n<script type=\"application\/ld+json\" class=\"yoast-schema-graph\">{\"@context\":\"https:\/\/schema.org\",\"@graph\":[{\"@type\":\"WebPage\",\"@id\":\"https:\/\/szanyo.hu\/en\/safety\/\",\"url\":\"https:\/\/szanyo.hu\/en\/safety\/\",\"name\":\"Safety - Szany\u00f3 Property Managing\",\"isPartOf\":{\"@id\":\"https:\/\/szanyo.hu\/en\/#website\"},\"primaryImageOfPage\":{\"@id\":\"https:\/\/szanyo.hu\/en\/safety\/#primaryimage\"},\"image\":{\"@id\":\"https:\/\/szanyo.hu\/en\/safety\/#primaryimage\"},\"thumbnailUrl\":\"https:\/\/szanyo.hu\/wp-content\/uploads\/2024\/03\/maxim-hopman-2GqwfocQI6Q-unsplash-scaled.jpg\",\"datePublished\":\"2024-03-14T09:19:16+00:00\",\"dateModified\":\"2024-05-02T15:12:34+00:00\",\"description\":\"Szany\u00f3 Property Managing\",\"breadcrumb\":{\"@id\":\"https:\/\/szanyo.hu\/en\/safety\/#breadcrumb\"},\"inLanguage\":\"en-US\",\"potentialAction\":[{\"@type\":\"ReadAction\",\"target\":[\"https:\/\/szanyo.hu\/en\/safety\/\"]}]},{\"@type\":\"ImageObject\",\"inLanguage\":\"en-US\",\"@id\":\"https:\/\/szanyo.hu\/en\/safety\/#primaryimage\",\"url\":\"https:\/\/szanyo.hu\/wp-content\/uploads\/2024\/03\/maxim-hopman-2GqwfocQI6Q-unsplash-scaled.jpg\",\"contentUrl\":\"https:\/\/szanyo.hu\/wp-content\/uploads\/2024\/03\/maxim-hopman-2GqwfocQI6Q-unsplash-scaled.jpg\"},{\"@type\":\"BreadcrumbList\",\"@id\":\"https:\/\/szanyo.hu\/en\/safety\/#breadcrumb\",\"itemListElement\":[{\"@type\":\"ListItem\",\"position\":1,\"name\":\"Kezd\u0151lap\",\"item\":\"https:\/\/szanyo.hu\/en\/home\/\"},{\"@type\":\"ListItem\",\"position\":2,\"name\":\"Safety\"}]},{\"@type\":\"WebSite\",\"@id\":\"https:\/\/szanyo.hu\/en\/#website\",\"url\":\"https:\/\/szanyo.hu\/en\/\",\"name\":\"Szany\u00f3 Vagyonkezel\u0151 Kft.\",\"description\":\"Szany\u00f3 Mix and Property Managing\",\"publisher\":{\"@id\":\"https:\/\/szanyo.hu\/en\/#organization\"},\"potentialAction\":[{\"@type\":\"SearchAction\",\"target\":{\"@type\":\"EntryPoint\",\"urlTemplate\":\"https:\/\/szanyo.hu\/en\/?s={search_term_string}\"},\"query-input\":\"required name=search_term_string\"}],\"inLanguage\":\"en-US\"},{\"@type\":\"Organization\",\"@id\":\"https:\/\/szanyo.hu\/en\/#organization\",\"name\":\"Szany\u00f3 Vagyonkezel\u0151 Kft.\",\"url\":\"https:\/\/szanyo.hu\/en\/\",\"logo\":{\"@type\":\"ImageObject\",\"inLanguage\":\"en-US\",\"@id\":\"https:\/\/szanyo.hu\/en\/#\/schema\/logo\/image\/\",\"url\":\"https:\/\/szanyo.hu\/wp-content\/uploads\/2024\/03\/szanyo_logo_small.svg\",\"contentUrl\":\"https:\/\/szanyo.hu\/wp-content\/uploads\/2024\/03\/szanyo_logo_small.svg\",\"width\":300,\"height\":87,\"caption\":\"Szany\u00f3 Vagyonkezel\u0151 Kft.\"},\"image\":{\"@id\":\"https:\/\/szanyo.hu\/en\/#\/schema\/logo\/image\/\"}}]}<\/script>\n<!-- \/ Yoast SEO plugin. -->","yoast_head_json":{"title":"Safety - Szany\u00f3 Property Managing","description":"Szany\u00f3 Property Managing","robots":{"index":"index","follow":"follow","max-snippet":"max-snippet:-1","max-image-preview":"max-image-preview:large","max-video-preview":"max-video-preview:-1"},"canonical":"https:\/\/szanyo.hu\/en\/safety\/","og_locale":"en_US","og_type":"article","og_title":"Safety - Szany\u00f3 Property Managing","og_description":"Szany\u00f3 Property Managing","og_url":"https:\/\/szanyo.hu\/en\/safety\/","og_site_name":"Szany\u00f3 Property Managing","article_modified_time":"2024-05-02T15:12:34+00:00","og_image":[{"url":"https:\/\/szanyo.hu\/wp-content\/uploads\/2024\/03\/maxim-hopman-2GqwfocQI6Q-unsplash-scaled.jpg"}],"twitter_card":"summary_large_image","twitter_misc":{"Est. reading time":"2 minutes"},"schema":{"@context":"https:\/\/schema.org","@graph":[{"@type":"WebPage","@id":"https:\/\/szanyo.hu\/en\/safety\/","url":"https:\/\/szanyo.hu\/en\/safety\/","name":"Safety - Szany\u00f3 Property Managing","isPartOf":{"@id":"https:\/\/szanyo.hu\/en\/#website"},"primaryImageOfPage":{"@id":"https:\/\/szanyo.hu\/en\/safety\/#primaryimage"},"image":{"@id":"https:\/\/szanyo.hu\/en\/safety\/#primaryimage"},"thumbnailUrl":"https:\/\/szanyo.hu\/wp-content\/uploads\/2024\/03\/maxim-hopman-2GqwfocQI6Q-unsplash-scaled.jpg","datePublished":"2024-03-14T09:19:16+00:00","dateModified":"2024-05-02T15:12:34+00:00","description":"Szany\u00f3 Property Managing","breadcrumb":{"@id":"https:\/\/szanyo.hu\/en\/safety\/#breadcrumb"},"inLanguage":"en-US","potentialAction":[{"@type":"ReadAction","target":["https:\/\/szanyo.hu\/en\/safety\/"]}]},{"@type":"ImageObject","inLanguage":"en-US","@id":"https:\/\/szanyo.hu\/en\/safety\/#primaryimage","url":"https:\/\/szanyo.hu\/wp-content\/uploads\/2024\/03\/maxim-hopman-2GqwfocQI6Q-unsplash-scaled.jpg","contentUrl":"https:\/\/szanyo.hu\/wp-content\/uploads\/2024\/03\/maxim-hopman-2GqwfocQI6Q-unsplash-scaled.jpg"},{"@type":"BreadcrumbList","@id":"https:\/\/szanyo.hu\/en\/safety\/#breadcrumb","itemListElement":[{"@type":"ListItem","position":1,"name":"Kezd\u0151lap","item":"https:\/\/szanyo.hu\/en\/home\/"},{"@type":"ListItem","position":2,"name":"Safety"}]},{"@type":"WebSite","@id":"https:\/\/szanyo.hu\/en\/#website","url":"https:\/\/szanyo.hu\/en\/","name":"Szany\u00f3 Vagyonkezel\u0151 Kft.","description":"Szany\u00f3 Mix and Property Managing","publisher":{"@id":"https:\/\/szanyo.hu\/en\/#organization"},"potentialAction":[{"@type":"SearchAction","target":{"@type":"EntryPoint","urlTemplate":"https:\/\/szanyo.hu\/en\/?s={search_term_string}"},"query-input":"required name=search_term_string"}],"inLanguage":"en-US"},{"@type":"Organization","@id":"https:\/\/szanyo.hu\/en\/#organization","name":"Szany\u00f3 Vagyonkezel\u0151 Kft.","url":"https:\/\/szanyo.hu\/en\/","logo":{"@type":"ImageObject","inLanguage":"en-US","@id":"https:\/\/szanyo.hu\/en\/#\/schema\/logo\/image\/","url":"https:\/\/szanyo.hu\/wp-content\/uploads\/2024\/03\/szanyo_logo_small.svg","contentUrl":"https:\/\/szanyo.hu\/wp-content\/uploads\/2024\/03\/szanyo_logo_small.svg","width":300,"height":87,"caption":"Szany\u00f3 Vagyonkezel\u0151 Kft."},"image":{"@id":"https:\/\/szanyo.hu\/en\/#\/schema\/logo\/image\/"}}]}},"amp_enabled":false,"_links":{"self":[{"href":"https:\/\/szanyo.hu\/en\/wp-json\/wp\/v2\/pages\/46292"}],"collection":[{"href":"https:\/\/szanyo.hu\/en\/wp-json\/wp\/v2\/pages"}],"about":[{"href":"https:\/\/szanyo.hu\/en\/wp-json\/wp\/v2\/types\/page"}],"author":[{"embeddable":true,"href":"https:\/\/szanyo.hu\/en\/wp-json\/wp\/v2\/users\/2"}],"replies":[{"embeddable":true,"href":"https:\/\/szanyo.hu\/en\/wp-json\/wp\/v2\/comments?post=46292"}],"version-history":[{"count":86,"href":"https:\/\/szanyo.hu\/en\/wp-json\/wp\/v2\/pages\/46292\/revisions"}],"predecessor-version":[{"id":48079,"href":"https:\/\/szanyo.hu\/en\/wp-json\/wp\/v2\/pages\/46292\/revisions\/48079"}],"wp:attachment":[{"href":"https:\/\/szanyo.hu\/en\/wp-json\/wp\/v2\/media?parent=46292"}],"curies":[{"name":"wp","href":"https:\/\/api.w.org\/{rel}","templated":true}]}}