{"id":48409,"date":"2024-05-15T15:22:14","date_gmt":"2024-05-15T15:22:14","guid":{"rendered":"https:\/\/szanyo.hu\/rolunk\/"},"modified":"2024-05-15T15:30:49","modified_gmt":"2024-05-15T15:30:49","slug":"about-us","status":"publish","type":"page","link":"https:\/\/szanyo.hu\/en\/about-us\/","title":{"rendered":"About us"},"content":{"rendered":"\t\t<div data-elementor-type=\"wp-page\" data-elementor-id=\"48409\" class=\"elementor elementor-48409 elementor-48407\" data-elementor-post-type=\"page\">\n\t\t\t\t<div class=\"elementor-element elementor-element-7eb0aa9a e-flex e-con-boxed e-con e-parent\" data-id=\"7eb0aa9a\" data-element_type=\"container\" data-settings=\"{&quot;background_background&quot;:&quot;classic&quot;}\" data-core-v316-plus=\"true\">\n\t\t\t\t\t<div class=\"e-con-inner\">\n\t\t\t\t<div class=\"elementor-element elementor-element-54a7f711 elementor-widget__width-inherit elementor-widget elementor-widget-heading\" data-id=\"54a7f711\" data-element_type=\"widget\" data-widget_type=\"heading.default\">\n\t\t\t\t<div class=\"elementor-widget-container\">\n\t\t\t<style>\/*! elementor - v3.20.0 - 20-03-2024 *\/\n.elementor-heading-title{padding:0;margin:0;line-height:1}.elementor-widget-heading .elementor-heading-title[class*=elementor-size-]>a{color:inherit;font-size:inherit;line-height:inherit}.elementor-widget-heading .elementor-heading-title.elementor-size-small{font-size:15px}.elementor-widget-heading .elementor-heading-title.elementor-size-medium{font-size:19px}.elementor-widget-heading .elementor-heading-title.elementor-size-large{font-size:29px}.elementor-widget-heading .elementor-heading-title.elementor-size-xl{font-size:39px}.elementor-widget-heading .elementor-heading-title.elementor-size-xxl{font-size:59px}<\/style><h2 class=\"elementor-heading-title elementor-size-default\">COMPANY HISTORY<\/h2>\t\t<\/div>\n\t\t\t\t<\/div>\n\t\t\t\t<div class=\"elementor-element elementor-element-1f8991e2 elementor-widget__width-inherit elementor-widget elementor-widget-heading\" data-id=\"1f8991e2\" data-element_type=\"widget\" data-widget_type=\"heading.default\">\n\t\t\t\t<div class=\"elementor-widget-container\">\n\t\t\t<h2 class=\"elementor-heading-title elementor-size-default\">SZANY\u00d3 PROPERTY MANAGING LTD.<\/h2>\t\t<\/div>\n\t\t\t\t<\/div>\n\t\t\t\t\t<\/div>\n\t\t\t\t<\/div>\n\t\t<div class=\"elementor-element elementor-element-5183fc8d e-flex e-con-boxed e-con e-parent\" data-id=\"5183fc8d\" data-element_type=\"container\" data-core-v316-plus=\"true\">\n\t\t\t\t\t<div class=\"e-con-inner\">\n\t\t\t\t<div class=\"elementor-element elementor-element-19566fb2 elementor-widget elementor-widget-text-editor\" data-id=\"19566fb2\" data-element_type=\"widget\" data-widget_type=\"text-editor.default\">\n\t\t\t\t<div class=\"elementor-widget-container\">\n\t\t\t<style>\/*! elementor - v3.20.0 - 20-03-2024 *\/\n.elementor-widget-text-editor.elementor-drop-cap-view-stacked .elementor-drop-cap{background-color:#69727d;color:#fff}.elementor-widget-text-editor.elementor-drop-cap-view-framed .elementor-drop-cap{color:#69727d;border:3px solid;background-color:transparent}.elementor-widget-text-editor:not(.elementor-drop-cap-view-default) .elementor-drop-cap{margin-top:8px}.elementor-widget-text-editor:not(.elementor-drop-cap-view-default) .elementor-drop-cap-letter{width:1em;height:1em}.elementor-widget-text-editor .elementor-drop-cap{float:left;text-align:center;line-height:1;font-size:50px}.elementor-widget-text-editor .elementor-drop-cap-letter{display:inline-block}<\/style>\t\t\t\t<p>The predecessor of SZANY\u00d3 Property Manging Ltd. was established in February 1982 among the first Hungarian private companies. The initial activity was the design, installation, maintenance and repair of refrigeration and air conditioning units. With the expansion of the SZANY\u00d3 Group of Companies, the scope of activities also broadened, so that in addition to the distribution of refrigeration and air conditioning units of major international manufacturers, the production of SZANY\u00d3 refrigeration and air conditioning units under its own brand became a significant part of the company&#8217;s activities.<\/p><p>SZANY\u00d3 Property Managing Ltd. provides, in addition to renting workshops, offices, production equipment also logistics, warehousing, accounting and IT services.<\/p><p>In the more than 40 years of the group&#8217;s operation, not only the associated companies have received multiple professional awards, but also the founder and managing director of these companies, \u00c1rp\u00e1d B\u00e9la Szany\u00f3, was voted for the Building Engineering Contractor of the Year in 2004 by the Hungarian Society of Building Engineering.<\/p><p>The IT services of SZANY\u00d3 Property Managing Ltd. have been significantly expanded in 2011, when the daughter of the managing director, Alexandra Szany\u00f3 joined the SZANY\u00d3 Group due to her international IT professional background of several decades.<\/p>\t\t\t\t\t\t<\/div>\n\t\t\t\t<\/div>\n\t\t\t\t\t<\/div>\n\t\t\t\t<\/div>\n\t\t<div class=\"elementor-element elementor-element-1d8fcee3 e-grid e-con-full e-con e-parent\" data-id=\"1d8fcee3\" data-element_type=\"container\" data-settings=\"{&quot;background_background&quot;:&quot;classic&quot;}\" data-core-v316-plus=\"true\">\n\t\t\t\t<div class=\"elementor-element elementor-element-56de4582 elementor-widget elementor-widget-text-editor\" data-id=\"56de4582\" data-element_type=\"widget\" data-widget_type=\"text-editor.default\">\n\t\t\t\t<div class=\"elementor-widget-container\">\n\t\t\t\t\t\t\t<p>Since 2014 our company has been the Hungarian channel partner of MiX Telematics (from 2024 MiX by Powerfleet). Founded in 1996 in South Africa, MiX Telematics is a leading global solution provider in the field of fleet- and mobile asset management. The company&#8217;s products and services provide fleets of vehicles to large and small businesses with solutions that support safety, efficiency, compliance and security.<\/p>\t\t\t\t\t\t<\/div>\n\t\t\t\t<\/div>\n\t\t\t\t<div class=\"elementor-element elementor-element-5d8a51f4 elementor-view-default elementor-widget elementor-widget-icon\" data-id=\"5d8a51f4\" data-element_type=\"widget\" data-widget_type=\"icon.default\">\n\t\t\t\t<div class=\"elementor-widget-container\">\n\t\t\t\t\t<div class=\"elementor-icon-wrapper\">\n\t\t\t<div class=\"elementor-icon\">\n\t\t\t<svg xmlns=\"http:\/\/www.w3.org\/2000\/svg\" width=\"339.857\" height=\"52.395\" viewBox=\"0 0 339.857 52.395\"><g transform=\"translate(-1389 833.058)\"><g transform=\"translate(1570.919 -820)\"><path d=\"M2347.583,90.706a2.272,2.272,0,1,0,2.29,2.272,2.282,2.282,0,0,0-2.29-2.272\" transform=\"translate(-2267.79 -86.516)\" fill=\"#fff\"><\/path><path d=\"M2342.459,81.665a6.5,6.5,0,0,0-4.912-4.366,6.808,6.808,0,0,0-2.626,0A6.518,6.518,0,0,0,2330,81.665a3.718,3.718,0,0,1-.922,1.495.621.621,0,0,0,0,.944A3.719,3.719,0,0,1,2330,85.6a6.517,6.517,0,0,0,3.875,4.066.262.262,0,0,1,.174.27,1.9,1.9,0,0,1-1.562,1.82,6.993,6.993,0,0,1-.837.2,2.248,2.248,0,1,0,2.656,2.522c.01-.079.025-.28.025-.295a1.973,1.973,0,0,1,1.512-1.942,1.856,1.856,0,0,1,.772,0,1.969,1.969,0,0,1,1.507,1.942c0,.015.015.216.03.295a2.263,2.263,0,1,0,2.651-2.522,7.25,7.25,0,0,1-.837-.2,1.908,1.908,0,0,1-1.556-1.82.264.264,0,0,1,.168-.27,6.505,6.505,0,0,0,3.876-4.066,3.833,3.833,0,0,1,.921-1.495.62.62,0,0,0,0-.944,3.832,3.832,0,0,1-.921-1.495m-6.294,5.886a3.919,3.919,0,0,1,0-7.837,3.92,3.92,0,1,1,0,7.837\" transform=\"translate(-2256.446 -77.171)\" fill=\"#fff\"><\/path><path d=\"M2100.347,83.218h-5.422V97.447h2.7V92.826h2.721a4.8,4.8,0,1,0,0-9.608m0,6.933h-2.721V85.9h2.721a2.127,2.127,0,1,1,0,4.253\" transform=\"translate(-2094.924 -81.346)\" fill=\"#fff\"><\/path><path d=\"M2192.924,92.365l-2.488-8.531-.188-.62h-2.314l-.184.625-2.493,8.526-2.672-9.151h-2.716l4.183,14.23h2.414l.184-.624,2.443-8.516,2.444,8.516.183.624h2.409l4.183-14.23H2195.6Z\" transform=\"translate(-2153.574 -81.344)\" fill=\"#fff\"><\/path><path d=\"M2245.944,97.441h10.264V94.958h-7.563V91.57h6.4V89.088h-6.4V85.7h7.563V83.212h-10.264Z\" transform=\"translate(-2199.195 -81.342)\" fill=\"#fff\"><\/path><path d=\"M2297.432,88.022a4.827,4.827,0,0,0-4.842-4.8h-5.422V97.447h2.7V92.826h1.784l3.073,4.622h3.157l-3.341-5.03a4.823,4.823,0,0,0,2.889-4.4m-4.842,2.129h-2.721V85.9h2.721a2.127,2.127,0,1,1,0,4.253\" transform=\"translate(-2227.657 -81.346)\" fill=\"#fff\"><\/path><path d=\"M2385.488,97.441h2.7V92.052h6.4V89.565h-6.4V85.7h7.568V83.212h-10.264Z\" transform=\"translate(-2295.542 -81.342)\" fill=\"#fff\"><\/path><path d=\"M2429.485,83.219h-2.7V97.448h8.521V94.96h-5.824Z\" transform=\"translate(-2324.057 -81.347)\" fill=\"#fff\"><\/path><path d=\"M2462.372,97.441h10.264V94.958h-7.563V91.57h6.4V89.088h-6.4V85.7h7.563V83.212h-10.264Z\" transform=\"translate(-2348.626 -81.342)\" fill=\"#fff\"><\/path><path d=\"M2503.643,97.441h10.265V94.958h-7.564V91.57h6.4V89.088h-6.4V85.7h7.564V83.212h-10.265Z\" transform=\"translate(-2377.121 -81.342)\" fill=\"#fff\"><\/path><path d=\"M2543.968,85.7h3.494V97.448h2.7V85.7h3.494V83.219h-9.685Z\" transform=\"translate(-2404.963 -81.347)\" fill=\"#fff\"><\/path><path d=\"M2139.758,82.389a7.239,7.239,0,1,0-.253,14.476h.129a7.287,7.287,0,0,0,5.066-2.031,7.2,7.2,0,0,0,.178-10.232,7.277,7.277,0,0,0-5.12-2.213m3.072,10.527a4.633,4.633,0,0,1-6.517-.113,4.541,4.541,0,0,1-1.293-3.255,4.6,4.6,0,0,1,4.609-4.494h.084a4.6,4.6,0,0,1,4.525,4.651,4.5,4.5,0,0,1-1.408,3.211\" transform=\"translate(-2120.752 -80.773)\" fill=\"#fff\"><\/path><path d=\"M2590.217,84.631a3.312,3.312,0,0,0-.7-1.037,3.3,3.3,0,0,0-4.649,0,3.247,3.247,0,0,0,0,4.612,3.295,3.295,0,0,0,5.353-1.038,3.258,3.258,0,0,0,0-2.537m-.571,2.3a2.585,2.585,0,0,1-.573.846,2.674,2.674,0,0,1-1.883.772,2.669,2.669,0,0,1-1.889-.772,2.656,2.656,0,0,1-.57-.846,2.606,2.606,0,0,1-.208-1.028,2.651,2.651,0,0,1,.208-1.033,2.686,2.686,0,0,1,.57-.84,2.662,2.662,0,0,1,1.889-.772,2.666,2.666,0,0,1,1.883.772,2.606,2.606,0,0,1,.781,1.873,2.572,2.572,0,0,1-.208,1.028\" transform=\"translate(-2432.535 -80.947)\" fill=\"#fff\"><\/path><path d=\"M2593.075,88.292a1.275,1.275,0,0,0-1.284-1.269h-1.437v3.806h.639V89.56h.57l.843,1.269h.748l-.9-1.352a1.268,1.268,0,0,0,.824-1.185m-1.284.635h-.8V87.658h.8a.634.634,0,1,1,0,1.269\" transform=\"translate(-2436.99 -83.973)\" fill=\"#fff\"><\/path><\/g><g transform=\"translate(1539.252 -819)\"><path d=\"M1995.265,97.283h-2.635V83h2.635v5.1a4.566,4.566,0,0,1,3.31-1.4,5.1,5.1,0,0,1,4.974,5.433,5.192,5.192,0,0,1-5.034,5.414,4.451,4.451,0,0,1-3.25-1.358Zm-.119-5.181a2.88,2.88,0,1,0,5.747.02,2.878,2.878,0,1,0-5.747-.02\" transform=\"translate(-1992.63 -83.001)\" fill=\"#fff\"><\/path><path d=\"M2031.169,95.851h2.7l2.735,6.462,3.032-6.462h2.715l-6.619,14.068h-2.715l2.16-4.541Z\" transform=\"translate(-2019.239 -91.873)\" fill=\"#fff\"><\/path><\/g><rect width=\"1.312\" height=\"26.262\" transform=\"translate(1528.167 -823)\" fill=\"#fff\"><\/rect><path d=\"M1393.049,2.478c4.517-4.517,8.446-1.838,9.9,0,3.3,4.169,1.881,7.875.116,7.875-2.026,0-1.563-2.606-5.356-2.606-2.568,0-11.068,9.446-15.1,13.993-1.586,1.79-2.194,3.125-1.76,4.332a73.11,73.11,0,0,0,7.426,13.362c1.624,2.164,4.066,4.515,5.514,4.858,4.17.986,8.052-4.613,10.006-7.09.948-1.2,1.516-.239,1.221,1.089-1.033,4.659-6.514,13.333-14.354,11.083-2.209-.634-5.548-3.045-7.991-6.88-2.286-3.588-4.835-7.917-6.161-10.231a1.642,1.642,0,0,0-2.806-.053c-1.621,2.114-9.917,12.66-10.837,13.879-2.4,3.187-4.016,6.3-6.766,6.3-4.32,0-3.619-4.285-2.17-5.884,1.964-2.167,16.237-18.391,17.439-19.783,1.262-1.462,1.377-2.128.972-3.17-1.256-3.229-2.113-4.864-3.714-8.432-1.259-2.807-3.974-1.99-5.675-2.606a3.538,3.538,0,0,1-1.309-4.77c1.249-2.76,5.255-4.126,9.59.022,2.474,2.367,3.339,5.825,4.887,8.706.945,1.757,1.686,2.542,3.518.535,6.543-7.164,10.972-12.1,13.4-14.532m-94.024,20.335c1.344-1.249,2.4-1.806,3.23-1.806,3.069,0,2.756,3.3,2,6.717-.579,2.606-1.658,7.658-2.072,9.348-.256,1.042-.5,2.262.045,2.262.84,0,1.105-.44,1.972-1.4,6.339-7.012,16.612-18.344,17.861-19.593s2.576-2.635,3.88-2.635c1.248,0,2.831,1.688,2.66,3.41-.1.96-2.342,1.743-4.258,5.462a36.867,36.867,0,0,0-3.669,11.656c-.865,5.475-.405,8.337,2.573,8.337,3.842,0,12.537-7.846,18.008-15,.7-.917,1.428-.9,1.633-.287.193.576-.11,1.474-1.07,3.01-7.685,12.392-16.4,17.543-20.916,17.543-3.65,0-6.523-3.867-5.562-11.36.48-3.842,1.584-6.248,2.03-8.7.192-1.057-.123-1.272-1.153-.095-3.362,3.842-12.815,14.492-15.6,17.373-1.922,1.921-2.9,2.786-3.861,2.786-1.633,0-1.222-4.039-.559-8.925.332-2.448.667-5.261.984-8.112.167-1.509.052-3.308-1.729-1.342-1.91,2.107-11.314,12.632-14.012,15.715-1.344,1.536-2.171,2.692-3.561,2.692-1.344,0-2.721-1.969-1.948-6.561.419-2.492,2.26-13.43,5.04-16.21,2.51-2.51,6.231.594,3.133,4.386-.672.823-.839,1.911-1.65,5.24-.619,2.539-.264,3.331,1.013,2,5.255-5.486,6.886-7.173,11.7-12.161,2.594-2.69,2.521-2.5,3.865-3.752\" transform=\"translate(113.295 -833.055)\" fill=\"#fff\"><\/path><path d=\"M1614.708,52.632a29.826,29.826,0,0,0-3.474,7.9c-.551,1.862-.818,4.64,3.822,0,5.3-5.3,6.485-5.3,6.485-7.9,0-2.432-3.88-4.43-6.833,0\" transform=\"translate(-151.681 -872.583)\" fill=\"#4cb748\" fill-rule=\"evenodd\"><\/path><\/g><\/svg>\t\t\t<\/div>\n\t\t<\/div>\n\t\t\t\t<\/div>\n\t\t\t\t<\/div>\n\t\t\t\t<\/div>\n\t\t<div class=\"elementor-element elementor-element-6bede665 e-flex e-con-boxed e-con e-parent\" data-id=\"6bede665\" data-element_type=\"container\" data-core-v316-plus=\"true\">\n\t\t\t\t\t<div class=\"e-con-inner\">\n\t\t\t\t<div class=\"elementor-element elementor-element-210660a3 elementor-widget elementor-widget-text-editor\" data-id=\"210660a3\" data-element_type=\"widget\" data-widget_type=\"text-editor.default\">\n\t\t\t\t<div class=\"elementor-widget-container\">\n\t\t\t\t\t\t\t<p>The company has a presence in more than 120 countries with its Software-as-a-Service (SaaS) model, which is delivered as a service over the Internet.<\/p>\t\t\t\t\t\t<\/div>\n\t\t\t\t<\/div>\n\t\t\t\t\t<\/div>\n\t\t\t\t<\/div>\n\t\t<div class=\"elementor-element elementor-element-4ba49a2e e-flex e-con-boxed e-con e-parent\" data-id=\"4ba49a2e\" data-element_type=\"container\" data-settings=\"{&quot;background_background&quot;:&quot;classic&quot;}\" data-core-v316-plus=\"true\">\n\t\t\t\t\t<div class=\"e-con-inner\">\n\t\t\t\t<div class=\"elementor-element elementor-element-2e26e19c elementor-widget elementor-widget-text-editor\" data-id=\"2e26e19c\" data-element_type=\"widget\" data-widget_type=\"text-editor.default\">\n\t\t\t\t<div class=\"elementor-widget-container\">\n\t\t\t\t\t\t\t<p>MiX Telematics manages the data of more than 1.000.000 mobile assets at a time, ranging from heavy duty vehicles, urban and long-distance buses to cars and motorcycles. With more than 1000 employees and over 130 channel partners, it is at the service of its customers worldwide.<\/p>\t\t\t\t\t\t<\/div>\n\t\t\t\t<\/div>\n\t\t\t\t\t<\/div>\n\t\t\t\t<\/div>\n\t\t<div class=\"elementor-element elementor-element-6e362879 e-flex e-con-boxed e-con e-parent\" data-id=\"6e362879\" data-element_type=\"container\" data-settings=\"{&quot;background_background&quot;:&quot;classic&quot;}\" data-core-v316-plus=\"true\">\n\t\t\t\t\t<div class=\"e-con-inner\">\n\t\t\t\t<div class=\"elementor-element elementor-element-93f09b2 elementor-widget elementor-widget-text-editor\" data-id=\"93f09b2\" data-element_type=\"widget\" data-widget_type=\"text-editor.default\">\n\t\t\t\t<div class=\"elementor-widget-container\">\n\t\t\t\t\t\t\t<p>MiX Telematics is listed on the Johannesburg (JSE:MIX) and New York (NYSE:MIXT) stock exchange.<\/p>\t\t\t\t\t\t<\/div>\n\t\t\t\t<\/div>\n\t\t\t\t<div class=\"elementor-element elementor-element-74a7ce85 elementor-align-center elementor-widget elementor-widget-lottie\" data-id=\"74a7ce85\" data-element_type=\"widget\" data-settings=\"{&quot;source_json&quot;:{&quot;url&quot;:&quot;https:\\\/\\\/szanyo.hu\\\/wp-content\\\/uploads\\\/2024\\\/03\\\/Animation-1711024945159.json&quot;,&quot;id&quot;:45004,&quot;size&quot;:&quot;&quot;,&quot;alt&quot;:&quot;&quot;,&quot;source&quot;:&quot;library&quot;},&quot;source&quot;:&quot;media_file&quot;,&quot;caption_source&quot;:&quot;none&quot;,&quot;link_to&quot;:&quot;none&quot;,&quot;trigger&quot;:&quot;arriving_to_viewport&quot;,&quot;viewport&quot;:{&quot;unit&quot;:&quot;%&quot;,&quot;size&quot;:&quot;&quot;,&quot;sizes&quot;:{&quot;start&quot;:0,&quot;end&quot;:100}},&quot;play_speed&quot;:{&quot;unit&quot;:&quot;px&quot;,&quot;size&quot;:1,&quot;sizes&quot;:[]},&quot;start_point&quot;:{&quot;unit&quot;:&quot;%&quot;,&quot;size&quot;:0,&quot;sizes&quot;:[]},&quot;end_point&quot;:{&quot;unit&quot;:&quot;%&quot;,&quot;size&quot;:100,&quot;sizes&quot;:[]},&quot;renderer&quot;:&quot;svg&quot;}\" data-widget_type=\"lottie.default\">\n\t\t\t\t<div class=\"elementor-widget-container\">\n\t\t\t<style>\/*! elementor-pro - v3.20.0 - 20-03-2024 *\/\n.e-lottie__container{display:inline-block;max-width:var(--lottie-container-max-width);width:var(--lottie-container-width);opacity:var(--lottie-container-opacity)}.e-lottie__container:hover{opacity:var(--lottie-container-opacity-hover);transition-duration:var(--lottie-container-transition-duration-hover)}.e-lottie__container svg,.e-lottie__container svg *{transition:none!important}.e-lottie__caption{color:var(--caption-color);margin-top:var(--caption-margin-top);text-align:var(--caption-text-align)}<\/style><div class=\"e-lottie__container\"><div class=\"e-lottie__animation\"><\/div><\/div>\t\t<\/div>\n\t\t\t\t<\/div>\n\t\t\t\t\t<\/div>\n\t\t\t\t<\/div>\n\t\t\t\t<\/div>\n\t\t","protected":false},"excerpt":{"rendered":"<p>COMPANY HISTORY SZANY\u00d3 PROPERTY MANAGING LTD. The predecessor of SZANY\u00d3 Property Manging Ltd. was established in February 1982 among the first Hungarian private companies. The initial activity was the design, installation, maintenance and repair of refrigeration and air conditioning units. With the expansion of the SZANY\u00d3 Group of Companies, the scope of activities also broadened,&#8230;<\/p>\n","protected":false},"author":2,"featured_media":0,"parent":0,"menu_order":0,"comment_status":"closed","ping_status":"closed","template":"elementor_header_footer","meta":{"footnotes":""},"yoast_head":"<!-- This site is optimized with the Yoast SEO plugin v22.6 - https:\/\/yoast.com\/wordpress\/plugins\/seo\/ -->\n<title>About us - Szany\u00f3 Property Managing<\/title>\n<meta name=\"description\" content=\"Szany\u00f3 Property Managing\" \/>\n<meta name=\"robots\" content=\"index, follow, max-snippet:-1, max-image-preview:large, max-video-preview:-1\" \/>\n<link rel=\"canonical\" href=\"https:\/\/szanyo.hu\/en\/about-us\/\" \/>\n<meta property=\"og:locale\" content=\"en_US\" \/>\n<meta property=\"og:type\" content=\"article\" \/>\n<meta property=\"og:title\" content=\"About us - Szany\u00f3 Property Managing\" \/>\n<meta property=\"og:description\" content=\"Szany\u00f3 Property Managing\" \/>\n<meta property=\"og:url\" content=\"https:\/\/szanyo.hu\/en\/about-us\/\" \/>\n<meta property=\"og:site_name\" content=\"Szany\u00f3 Property Managing\" \/>\n<meta property=\"article:modified_time\" content=\"2024-05-15T15:30:49+00:00\" \/>\n<meta name=\"twitter:card\" content=\"summary_large_image\" \/>\n<meta name=\"twitter:label1\" content=\"Est. reading time\" \/>\n\t<meta name=\"twitter:data1\" content=\"2 minutes\" \/>\n<script type=\"application\/ld+json\" class=\"yoast-schema-graph\">{\"@context\":\"https:\/\/schema.org\",\"@graph\":[{\"@type\":\"WebPage\",\"@id\":\"https:\/\/szanyo.hu\/en\/about-us\/\",\"url\":\"https:\/\/szanyo.hu\/en\/about-us\/\",\"name\":\"About us - Szany\u00f3 Property Managing\",\"isPartOf\":{\"@id\":\"https:\/\/szanyo.hu\/en\/#website\"},\"datePublished\":\"2024-05-15T15:22:14+00:00\",\"dateModified\":\"2024-05-15T15:30:49+00:00\",\"description\":\"Szany\u00f3 Property Managing\",\"breadcrumb\":{\"@id\":\"https:\/\/szanyo.hu\/en\/about-us\/#breadcrumb\"},\"inLanguage\":\"en-US\",\"potentialAction\":[{\"@type\":\"ReadAction\",\"target\":[\"https:\/\/szanyo.hu\/en\/about-us\/\"]}]},{\"@type\":\"BreadcrumbList\",\"@id\":\"https:\/\/szanyo.hu\/en\/about-us\/#breadcrumb\",\"itemListElement\":[{\"@type\":\"ListItem\",\"position\":1,\"name\":\"Kezd\u0151lap\",\"item\":\"https:\/\/szanyo.hu\/en\/home\/\"},{\"@type\":\"ListItem\",\"position\":2,\"name\":\"About us\"}]},{\"@type\":\"WebSite\",\"@id\":\"https:\/\/szanyo.hu\/en\/#website\",\"url\":\"https:\/\/szanyo.hu\/en\/\",\"name\":\"Szany\u00f3 Vagyonkezel\u0151 Kft.\",\"description\":\"Szany\u00f3 Mix and Property Managing\",\"publisher\":{\"@id\":\"https:\/\/szanyo.hu\/en\/#organization\"},\"potentialAction\":[{\"@type\":\"SearchAction\",\"target\":{\"@type\":\"EntryPoint\",\"urlTemplate\":\"https:\/\/szanyo.hu\/en\/?s={search_term_string}\"},\"query-input\":\"required name=search_term_string\"}],\"inLanguage\":\"en-US\"},{\"@type\":\"Organization\",\"@id\":\"https:\/\/szanyo.hu\/en\/#organization\",\"name\":\"Szany\u00f3 Vagyonkezel\u0151 Kft.\",\"url\":\"https:\/\/szanyo.hu\/en\/\",\"logo\":{\"@type\":\"ImageObject\",\"inLanguage\":\"en-US\",\"@id\":\"https:\/\/szanyo.hu\/en\/#\/schema\/logo\/image\/\",\"url\":\"https:\/\/szanyo.hu\/wp-content\/uploads\/2024\/03\/szanyo_logo_small.svg\",\"contentUrl\":\"https:\/\/szanyo.hu\/wp-content\/uploads\/2024\/03\/szanyo_logo_small.svg\",\"width\":300,\"height\":87,\"caption\":\"Szany\u00f3 Vagyonkezel\u0151 Kft.\"},\"image\":{\"@id\":\"https:\/\/szanyo.hu\/en\/#\/schema\/logo\/image\/\"}}]}<\/script>\n<!-- \/ Yoast SEO plugin. -->","yoast_head_json":{"title":"About us - Szany\u00f3 Property Managing","description":"Szany\u00f3 Property Managing","robots":{"index":"index","follow":"follow","max-snippet":"max-snippet:-1","max-image-preview":"max-image-preview:large","max-video-preview":"max-video-preview:-1"},"canonical":"https:\/\/szanyo.hu\/en\/about-us\/","og_locale":"en_US","og_type":"article","og_title":"About us - Szany\u00f3 Property Managing","og_description":"Szany\u00f3 Property Managing","og_url":"https:\/\/szanyo.hu\/en\/about-us\/","og_site_name":"Szany\u00f3 Property Managing","article_modified_time":"2024-05-15T15:30:49+00:00","twitter_card":"summary_large_image","twitter_misc":{"Est. reading time":"2 minutes"},"schema":{"@context":"https:\/\/schema.org","@graph":[{"@type":"WebPage","@id":"https:\/\/szanyo.hu\/en\/about-us\/","url":"https:\/\/szanyo.hu\/en\/about-us\/","name":"About us - Szany\u00f3 Property Managing","isPartOf":{"@id":"https:\/\/szanyo.hu\/en\/#website"},"datePublished":"2024-05-15T15:22:14+00:00","dateModified":"2024-05-15T15:30:49+00:00","description":"Szany\u00f3 Property Managing","breadcrumb":{"@id":"https:\/\/szanyo.hu\/en\/about-us\/#breadcrumb"},"inLanguage":"en-US","potentialAction":[{"@type":"ReadAction","target":["https:\/\/szanyo.hu\/en\/about-us\/"]}]},{"@type":"BreadcrumbList","@id":"https:\/\/szanyo.hu\/en\/about-us\/#breadcrumb","itemListElement":[{"@type":"ListItem","position":1,"name":"Kezd\u0151lap","item":"https:\/\/szanyo.hu\/en\/home\/"},{"@type":"ListItem","position":2,"name":"About us"}]},{"@type":"WebSite","@id":"https:\/\/szanyo.hu\/en\/#website","url":"https:\/\/szanyo.hu\/en\/","name":"Szany\u00f3 Vagyonkezel\u0151 Kft.","description":"Szany\u00f3 Mix and Property Managing","publisher":{"@id":"https:\/\/szanyo.hu\/en\/#organization"},"potentialAction":[{"@type":"SearchAction","target":{"@type":"EntryPoint","urlTemplate":"https:\/\/szanyo.hu\/en\/?s={search_term_string}"},"query-input":"required name=search_term_string"}],"inLanguage":"en-US"},{"@type":"Organization","@id":"https:\/\/szanyo.hu\/en\/#organization","name":"Szany\u00f3 Vagyonkezel\u0151 Kft.","url":"https:\/\/szanyo.hu\/en\/","logo":{"@type":"ImageObject","inLanguage":"en-US","@id":"https:\/\/szanyo.hu\/en\/#\/schema\/logo\/image\/","url":"https:\/\/szanyo.hu\/wp-content\/uploads\/2024\/03\/szanyo_logo_small.svg","contentUrl":"https:\/\/szanyo.hu\/wp-content\/uploads\/2024\/03\/szanyo_logo_small.svg","width":300,"height":87,"caption":"Szany\u00f3 Vagyonkezel\u0151 Kft."},"image":{"@id":"https:\/\/szanyo.hu\/en\/#\/schema\/logo\/image\/"}}]}},"amp_enabled":false,"_links":{"self":[{"href":"https:\/\/szanyo.hu\/en\/wp-json\/wp\/v2\/pages\/48409"}],"collection":[{"href":"https:\/\/szanyo.hu\/en\/wp-json\/wp\/v2\/pages"}],"about":[{"href":"https:\/\/szanyo.hu\/en\/wp-json\/wp\/v2\/types\/page"}],"author":[{"embeddable":true,"href":"https:\/\/szanyo.hu\/en\/wp-json\/wp\/v2\/users\/2"}],"replies":[{"embeddable":true,"href":"https:\/\/szanyo.hu\/en\/wp-json\/wp\/v2\/comments?post=48409"}],"version-history":[{"count":4,"href":"https:\/\/szanyo.hu\/en\/wp-json\/wp\/v2\/pages\/48409\/revisions"}],"predecessor-version":[{"id":48414,"href":"https:\/\/szanyo.hu\/en\/wp-json\/wp\/v2\/pages\/48409\/revisions\/48414"}],"wp:attachment":[{"href":"https:\/\/szanyo.hu\/en\/wp-json\/wp\/v2\/media?parent=48409"}],"curies":[{"name":"wp","href":"https:\/\/api.w.org\/{rel}","templated":true}]}}